{"id":21367,"date":"2025-03-23T16:53:46","date_gmt":"2025-03-23T15:53:46","guid":{"rendered":"https:\/\/www.billigtrikotde.com\/?post_type=product&#038;p=21367"},"modified":"2025-03-23T16:56:46","modified_gmt":"2025-03-23T15:56:46","slug":"guenstige-kindertrikots-ajax-auswaertstrikot-2024-25-jordan-henderson-6","status":"publish","type":"product","link":"https:\/\/www.billigtrikotde.com\/cs\/guenstige-kindertrikots-ajax-auswaertstrikot-2024-25-jordan-henderson-6\/","title":{"rendered":"Levn\u00e9 d\u011btsk\u00e9 dresy Ajax away kit 2024-25 Jordan Henderson 6"},"content":{"rendered":"<p><strong>Levn\u00e9 d\u011btsk\u00e9 dresy Ajax away kit 2024-25 Jordan Henderson 6<\/strong><\/p>\n<p>Levn\u00e9 dresy Ajax vzd\u00e1vaj\u00ed hold bohat\u00e9 historii Ajaxu a z\u00e1rove\u0148 p\u0159in\u00e1\u0161ej\u00ed modern\u00ed prvky a energii do tohoto dresu Ajaxu. Dres fotbalov\u00e9ho t\u00fdmu Ajax vypad\u00e1 jako modr\u00e1 paleta, ve kter\u00e9 se harmonicky prol\u00ednaj\u00ed r\u016fzn\u00e9 odst\u00edny modr\u00e9, hluboce zako\u0159en\u011bn\u00e9 v identit\u011b klubu. Skute\u010dn\u00fdm l\u00e1kadlem tohoto dresu Ajaxu je v\u0161ak jasn\u011b \u017elut\u00e1 barva, kter\u00e1 dod\u00e1v\u00e1 celkov\u00e9mu vzhledu odv\u00e1\u017en\u00fd a poutav\u00fd kontrast.<\/p>\n<p>Tipy pro tisk: Pokud jsou jm\u00e9no a \u010d\u00edslo na obr\u00e1zku p\u0159esn\u011b takov\u00e9, jak\u00e9 chcete, nemus\u00edte je zad\u00e1vat znovu. Pokud tomu tak nen\u00ed, m\u011bli byste zadat po\u017eadovan\u00e9 jm\u00e9no a \u010d\u00edslo.<\/p>\n<p>Tipy pro pran\u00ed: Doporu\u010dujeme pr\u00e1t fotbalov\u00e1 tri\u010dka v ruce. Pokud chcete pou\u017e\u00edt pra\u010dku, nezapome\u0148te fotbalov\u00e1 tri\u010dka obr\u00e1tit naruby a pot\u00e9 je vyprat. Pra\u010dku napl\u0148te studenou vodou a pou\u017eijte jemn\u00fd cyklus, abyste l\u00e9pe ochr\u00e1nili barvy.<\/p>","protected":false},"excerpt":{"rendered":"<p>Levn\u00e9 d\u011btsk\u00e9 dresy Ajax venkovn\u00ed dres 2024-25 Jordan Henderson 6 Levn\u00e9 dresy Ajaxu jsou poctou bohat\u00e9 historii Ajaxu a z\u00e1rove\u0148 do tohoto Ajaxova dresu vn\u00e1\u0161ej\u00ed modern\u00ed prvky a energii. Dres fotbalov\u00e9ho t\u00fdmu Ajax vypad\u00e1 jako modr\u00e1 paleta, ve kter\u00e9 jsou r\u016fzn\u00e9 odst\u00edny modr\u00e9, hluboce zako\u0159en\u011bn\u00e9 v identit\u011b klubu [\u2026]<\/p>","protected":false},"featured_media":21369,"comment_status":"open","ping_status":"closed","template":"","meta":[],"product_brand":[],"product_cat":[680],"product_tag":[1372,681,682,1456,301,20,22,23,24,1458],"class_list":{"0":"post-21367","1":"product","2":"type-product","3":"status-publish","4":"has-post-thumbnail","6":"product_cat-ajax-kindertrikot","7":"product_tag-ajax-amsterdam-trikot","8":"product_tag-ajax-fussballtrikots-kinder-mit-eigenem-namen","9":"product_tag-ajax-trikot-fuer-kinder","10":"product_tag-ajax-trikot-kinder","11":"product_tag-ajax-trikots","12":"product_tag-coole-fussballtrikots","13":"product_tag-fussballtrikot-guenstig-kaufen","14":"product_tag-fussballtrikot-kurzarm","15":"product_tag-guenstiges-fussballtrikot","16":"product_tag-jordan-henderson-trikots","18":"first","19":"instock","20":"shipping-taxable","21":"purchasable","22":"product-type-variable"},"_links":{"self":[{"href":"https:\/\/www.billigtrikotde.com\/cs\/wp-json\/wp\/v2\/product\/21367","targetHints":{"allow":["GET"]}}],"collection":[{"href":"https:\/\/www.billigtrikotde.com\/cs\/wp-json\/wp\/v2\/product"}],"about":[{"href":"https:\/\/www.billigtrikotde.com\/cs\/wp-json\/wp\/v2\/types\/product"}],"replies":[{"embeddable":true,"href":"https:\/\/www.billigtrikotde.com\/cs\/wp-json\/wp\/v2\/comments?post=21367"}],"wp:featuredmedia":[{"embeddable":true,"href":"https:\/\/www.billigtrikotde.com\/cs\/wp-json\/wp\/v2\/media\/21369"}],"wp:attachment":[{"href":"https:\/\/www.billigtrikotde.com\/cs\/wp-json\/wp\/v2\/media?parent=21367"}],"wp:term":[{"taxonomy":"product_brand","embeddable":true,"href":"https:\/\/www.billigtrikotde.com\/cs\/wp-json\/wp\/v2\/product_brand?post=21367"},{"taxonomy":"product_cat","embeddable":true,"href":"https:\/\/www.billigtrikotde.com\/cs\/wp-json\/wp\/v2\/product_cat?post=21367"},{"taxonomy":"product_tag","embeddable":true,"href":"https:\/\/www.billigtrikotde.com\/cs\/wp-json\/wp\/v2\/product_tag?post=21367"}],"curies":[{"name":"wp","href":"https:\/\/api.w.org\/{rel}","templated":true}]}}