{"id":21294,"date":"2025-03-19T16:17:38","date_gmt":"2025-03-19T15:17:38","guid":{"rendered":"https:\/\/www.billigtrikotde.com\/?post_type=product&#038;p=21294"},"modified":"2025-04-24T16:15:05","modified_gmt":"2025-04-24T14:15:05","slug":"kinder-fussball-trikot-arsenal-heimtrikot-2024-25-mit-namen-thomas-partey-5","status":"publish","type":"product","link":"https:\/\/www.billigtrikotde.com\/cs\/kinder-fussball-trikot-arsenal-heimtrikot-2024-25-mit-namen-thomas-partey-5\/","title":{"rendered":"D\u011btsk\u00e9 fotbalov\u00e9 tri\u010dko Arsenal Home Shirt 2024-25 se jm\u00e9nem Thomas Partey 5"},"content":{"rendered":"<p>Dom\u00e1c\u00ed tri\u010dko Arsenal 2024-2025 kombinuje klasickou \u010dervenou hlavn\u00ed barvu klubu s b\u00edl\u00fdmi logy a tmav\u011b modr\u00fdmi designov\u00fdmi prvky. Z hlediska designu je dom\u00e1c\u00ed tri\u010dko Arsenal 2024-25 pom\u011brn\u011b jednoduch\u00e9. Vych\u00e1z\u00ed z nov\u00e9ho vzoru 2024-25 a obsahuje unik\u00e1tn\u00ed bo\u010dn\u00ed ozna\u010den\u00ed, v tomto p\u0159\u00edpad\u011b v modr\u00e9 barv\u011b.<\/p>\n<p>Tipy pro tisk: Pokud jsou jm\u00e9no a \u010d\u00edslo na obr\u00e1zku p\u0159esn\u011b takov\u00e9, jak\u00e9 chcete, nemus\u00edte je zad\u00e1vat znovu. Pokud tomu tak nen\u00ed, m\u011bli byste zadat po\u017eadovan\u00e9 jm\u00e9no a \u010d\u00edslo.<\/p>\n<p>Tipy pro pran\u00ed: Doporu\u010dujeme pr\u00e1t fotbalov\u00e1 tri\u010dka v ruce. Pokud chcete pou\u017e\u00edt pra\u010dku, nezapome\u0148te fotbalov\u00e1 tri\u010dka obr\u00e1tit naruby a pot\u00e9 je vyprat. Pra\u010dku napl\u0148te studenou vodou a pou\u017eijte jemn\u00fd cyklus, abyste l\u00e9pe ochr\u00e1nili barvy.<\/p>","protected":false},"excerpt":{"rendered":"<p>Das Arsenal Heimtrikot 2024-2025 kombiniert die klassische rote Hauptfarbe des Vereins mit wei\u00dfen Logos und dunkelblauen Designelementen. In Bezug auf das Design ist das Arsenal 2024-25 Heimtrikot recht schlicht. Es basiert auf der neuen Vorlage 2024\u201325 und verf\u00fcgt \u00fcber einzigartige Seitenmarkierungen, in diesem Fall in Blau. Tipps zum Drucken: Wenn der Name und die Nummer [&hellip;]<\/p>","protected":false},"featured_media":21296,"comment_status":"open","ping_status":"closed","template":"","meta":[],"product_brand":[],"product_cat":[167],"product_tag":[1442,1441],"class_list":{"0":"post-21294","1":"product","2":"type-product","3":"status-publish","4":"has-post-thumbnail","6":"product_cat-arsenal-kindertrikot","7":"product_tag-guenstige-thomas-partey-trikot-kinder","8":"product_tag-thomas-partey-trikot-kinder-kaufen","10":"first","11":"instock","12":"shipping-taxable","13":"purchasable","14":"product-type-variable"},"_links":{"self":[{"href":"https:\/\/www.billigtrikotde.com\/cs\/wp-json\/wp\/v2\/product\/21294","targetHints":{"allow":["GET"]}}],"collection":[{"href":"https:\/\/www.billigtrikotde.com\/cs\/wp-json\/wp\/v2\/product"}],"about":[{"href":"https:\/\/www.billigtrikotde.com\/cs\/wp-json\/wp\/v2\/types\/product"}],"replies":[{"embeddable":true,"href":"https:\/\/www.billigtrikotde.com\/cs\/wp-json\/wp\/v2\/comments?post=21294"}],"wp:featuredmedia":[{"embeddable":true,"href":"https:\/\/www.billigtrikotde.com\/cs\/wp-json\/wp\/v2\/media\/21296"}],"wp:attachment":[{"href":"https:\/\/www.billigtrikotde.com\/cs\/wp-json\/wp\/v2\/media?parent=21294"}],"wp:term":[{"taxonomy":"product_brand","embeddable":true,"href":"https:\/\/www.billigtrikotde.com\/cs\/wp-json\/wp\/v2\/product_brand?post=21294"},{"taxonomy":"product_cat","embeddable":true,"href":"https:\/\/www.billigtrikotde.com\/cs\/wp-json\/wp\/v2\/product_cat?post=21294"},{"taxonomy":"product_tag","embeddable":true,"href":"https:\/\/www.billigtrikotde.com\/cs\/wp-json\/wp\/v2\/product_tag?post=21294"}],"curies":[{"name":"wp","href":"https:\/\/api.w.org\/{rel}","templated":true}]}}