{"id":2125,"date":"2024-10-23T14:01:00","date_gmt":"2024-10-23T12:01:00","guid":{"rendered":"http:\/\/billigtrikots.com\/?post_type=product&#038;p=2125"},"modified":"2024-10-23T14:02:59","modified_gmt":"2024-10-23T12:02:59","slug":"inter-mailand-stadium-auswaertstrikot-2022-weiss-blau-mit-aufdruck-vecino-8","status":"publish","type":"product","link":"https:\/\/www.billigtrikotde.com\/cs\/inter-mailand-stadium-auswaertstrikot-2022-weiss-blau-mit-aufdruck-vecino-8\/","title":{"rendered":"Inter Mil\u00e1n Stadion venkovn\u00ed dres 2022 b\u00edlo-modr\u00fd s potiskem Vecino 8"},"content":{"rendered":"<p>Podpo\u0159te Nerazzurri s Nike Inter Milan 21\/22 stadionov\u00fdm venkovn\u00edm dresem, verz\u00ed dresu pro fanou\u0161ky, kterou nos\u00ed profesion\u00e1lov\u00e9, s m\u00edrn\u011b voln\u011bj\u0161\u00edm st\u0159ihem.<\/p>\n<p>Speci\u00e1ln\u011b navr\u017een\u00fd Nike Inter Milan 21\/22 stadionov\u00fd venkovn\u00ed dres pro fanou\u0161ky je vyroben z lehk\u00e9ho materi\u00e1lu Nike Breathe, kter\u00fd v\u00e1s udr\u017e\u00ed v chladu a pohodl\u00ed, a\u0165 u\u017e napodobujete sv\u00e9ho hrdinu p\u0159i z\u00e1pase nebo ho povzbuzujete z tribuny.<\/p>\n<p>Venkovn\u00ed dres Inter Milan 21\/22 oslavuje novou vizu\u00e1ln\u00ed identitu klubu a krom\u011b nov\u011b navr\u017een\u00e9ho znaku \u201eIM\u201c nab\u00edz\u00ed ru\u010dn\u011b kreslenou grafiku hada Biscione, kter\u00e1 p\u0159ipom\u00edn\u00e1 klasick\u00fd dres z roku 10\/11 a symbolizuje p\u0159echod z jedn\u00e9 \u00e9ry do druh\u00e9.<\/p>\n<p>Tipy pro tisk: Pokud jsou jm\u00e9no a \u010d\u00edslo na obr\u00e1zku p\u0159esn\u011b takov\u00e9, jak\u00e9 chcete, nemus\u00edte je zad\u00e1vat znovu. Pokud tomu tak nen\u00ed, m\u011bli byste zadat po\u017eadovan\u00e9 jm\u00e9no a \u010d\u00edslo.<\/p>\n<p>Tipy pro pran\u00ed: Doporu\u010dujeme pr\u00e1t fotbalov\u00e1 tri\u010dka v ruce. Pokud chcete pou\u017e\u00edt pra\u010dku, nezapome\u0148te fotbalov\u00e1 tri\u010dka obr\u00e1tit naruby a pot\u00e9 je vyprat. Pra\u010dku napl\u0148te studenou vodou a pou\u017eijte jemn\u00fd cyklus, abyste l\u00e9pe ochr\u00e1nili barvy.<\/p>","protected":false},"excerpt":{"rendered":"<p>Podpo\u0159te Nerazzurri s Nike Inter Mailand 21\/22 Stadion venkovn\u00edm dresem, verz\u00ed dresu ur\u010denou fanou\u0161k\u016fm, kterou nos\u00ed profesion\u00e1lov\u00e9, s m\u00edrn\u011b voln\u011bj\u0161\u00edm st\u0159ihem. Tento speci\u00e1ln\u011b pro fanou\u0161ky navr\u017een\u00fd Nike Inter Mailand 21\/22 Stadion venkovn\u00ed dres je vyroben z lehk\u00e9ho materi\u00e1lu Nike Breathe, kter\u00fd v\u00e1s udr\u017e\u00ed chladn\u00e9 a pohodln\u00e9, a\u0165 u\u017e sledujete sv\u00e9ho hrdinu p\u0159i [\u2026]<\/p>","protected":false},"featured_media":2155,"comment_status":"open","ping_status":"closed","template":"","meta":[],"product_brand":[],"product_cat":[77],"product_tag":[20,21,22,23,24,79,78],"class_list":{"0":"post-2125","1":"product","2":"type-product","3":"status-publish","4":"has-post-thumbnail","6":"product_cat-inter-milan","7":"product_tag-coole-fussballtrikots","8":"product_tag-fussballtrikot-fuer-herren","9":"product_tag-fussballtrikot-guenstig-kaufen","10":"product_tag-fussballtrikot-kurzarm","11":"product_tag-guenstiges-fussballtrikot","12":"product_tag-inter-milan-auswaertstrikot","13":"product_tag-inter-milan-trikots","15":"first","16":"instock","17":"shipping-taxable","18":"purchasable","19":"product-type-variable"},"_links":{"self":[{"href":"https:\/\/www.billigtrikotde.com\/cs\/wp-json\/wp\/v2\/product\/2125","targetHints":{"allow":["GET"]}}],"collection":[{"href":"https:\/\/www.billigtrikotde.com\/cs\/wp-json\/wp\/v2\/product"}],"about":[{"href":"https:\/\/www.billigtrikotde.com\/cs\/wp-json\/wp\/v2\/types\/product"}],"replies":[{"embeddable":true,"href":"https:\/\/www.billigtrikotde.com\/cs\/wp-json\/wp\/v2\/comments?post=2125"}],"wp:featuredmedia":[{"embeddable":true,"href":"https:\/\/www.billigtrikotde.com\/cs\/wp-json\/wp\/v2\/media\/2155"}],"wp:attachment":[{"href":"https:\/\/www.billigtrikotde.com\/cs\/wp-json\/wp\/v2\/media?parent=2125"}],"wp:term":[{"taxonomy":"product_brand","embeddable":true,"href":"https:\/\/www.billigtrikotde.com\/cs\/wp-json\/wp\/v2\/product_brand?post=2125"},{"taxonomy":"product_cat","embeddable":true,"href":"https:\/\/www.billigtrikotde.com\/cs\/wp-json\/wp\/v2\/product_cat?post=2125"},{"taxonomy":"product_tag","embeddable":true,"href":"https:\/\/www.billigtrikotde.com\/cs\/wp-json\/wp\/v2\/product_tag?post=2125"}],"curies":[{"name":"wp","href":"https:\/\/api.w.org\/{rel}","templated":true}]}}