{"id":21240,"date":"2025-03-16T11:37:56","date_gmt":"2025-03-16T10:37:56","guid":{"rendered":"https:\/\/www.billigtrikotde.com\/?post_type=product&#038;p=21240"},"modified":"2025-03-16T11:37:57","modified_gmt":"2025-03-16T10:37:57","slug":"guenstige-fussballtrikots-kinder-arsenal-3rd-trikot-2024-25-leandro-trossard-19","status":"publish","type":"product","link":"https:\/\/www.billigtrikotde.com\/cs\/guenstige-fussballtrikots-kinder-arsenal-3rd-trikot-2024-25-leandro-trossard-19\/","title":{"rendered":"Levn\u00e9 fotbalov\u00e9 dresy D\u011bti Arsenal 3. dres 2024-25 Leandro Trossard 19"},"content":{"rendered":"<p>Dres Arsenal 2024-25 je v\u00fdraznou kombinac\u00ed sv\u011btle modr\u00e9, p\u016flno\u010dn\u00ed modr\u00e9 a jasn\u011b fialov\u00e9 barvy Veronica. N\u011bkter\u00e9 grafick\u00e9 prvky jsou ve fialov\u00e9 barv\u011b, kter\u00e1 o\u017eivuje vzhled dresu Arsenal.<\/p>\n<p>Tipy pro tisk: Pokud jsou jm\u00e9no a \u010d\u00edslo na obr\u00e1zku p\u0159esn\u011b takov\u00e9, jak\u00e9 chcete, nemus\u00edte je zad\u00e1vat znovu. Pokud tomu tak nen\u00ed, m\u011bli byste zadat po\u017eadovan\u00e9 jm\u00e9no a \u010d\u00edslo.<\/p>\n<p>Tipy pro pran\u00ed: Doporu\u010dujeme pr\u00e1t fotbalov\u00e1 tri\u010dka v ruce. Pokud chcete pou\u017e\u00edt pra\u010dku, nezapome\u0148te fotbalov\u00e1 tri\u010dka obr\u00e1tit naruby a pot\u00e9 je vyprat. Pra\u010dku napl\u0148te studenou vodou a pou\u017eijte jemn\u00fd cyklus, abyste l\u00e9pe ochr\u00e1nili barvy.<\/p>","protected":false},"excerpt":{"rendered":"<p>Arsenal dres 2024\u201325 se skl\u00e1d\u00e1 z v\u00fdrazn\u00e9 sm\u011bsi sv\u011btle modr\u00e9, tmav\u011b modr\u00e9 a jasn\u011b fialov\u00e9 Veronica. N\u011bkter\u00e9 z grafik jsou provedeny fialovou barvou, co\u017e zvy\u0161uje jas dresu Arsenalu. Tipy k tisku: Pokud jm\u00e9no a \u010d\u00edslo na obr\u00e1zku p\u0159esn\u011b odpov\u00eddaj\u00ed va\u0161im p\u0159edstav\u00e1m, nemus\u00edte je zad\u00e1vat znovu. Pokud ne, m\u011bli byste sv\u016fj [\u2026]<\/p>","protected":false},"featured_media":21242,"comment_status":"open","ping_status":"closed","template":"","meta":[],"product_brand":[],"product_cat":[167],"product_tag":[851,1445,852,1263,20,1436,94,1435],"class_list":{"0":"post-21240","1":"product","2":"type-product","3":"status-publish","4":"has-post-thumbnail","6":"product_cat-arsenal-kindertrikot","7":"product_tag-arsenal-fussballtrikots-kinder","8":"product_tag-arsenal-fussballtrikots-kinder-mit-eigenem-namen","9":"product_tag-arsenal-trikot-fuer-kinder","10":"product_tag-arsenal-trikotsatz-fuer-kinder","11":"product_tag-coole-fussballtrikots","12":"product_tag-guenstige-leandro-trossard-trikot-kinder","13":"product_tag-kinder-fussball-trikotsatz","14":"product_tag-leandro-trossard-trikot-kinder-kaufen","16":"first","17":"instock","18":"shipping-taxable","19":"purchasable","20":"product-type-variable"},"_links":{"self":[{"href":"https:\/\/www.billigtrikotde.com\/cs\/wp-json\/wp\/v2\/product\/21240","targetHints":{"allow":["GET"]}}],"collection":[{"href":"https:\/\/www.billigtrikotde.com\/cs\/wp-json\/wp\/v2\/product"}],"about":[{"href":"https:\/\/www.billigtrikotde.com\/cs\/wp-json\/wp\/v2\/types\/product"}],"replies":[{"embeddable":true,"href":"https:\/\/www.billigtrikotde.com\/cs\/wp-json\/wp\/v2\/comments?post=21240"}],"wp:featuredmedia":[{"embeddable":true,"href":"https:\/\/www.billigtrikotde.com\/cs\/wp-json\/wp\/v2\/media\/21242"}],"wp:attachment":[{"href":"https:\/\/www.billigtrikotde.com\/cs\/wp-json\/wp\/v2\/media?parent=21240"}],"wp:term":[{"taxonomy":"product_brand","embeddable":true,"href":"https:\/\/www.billigtrikotde.com\/cs\/wp-json\/wp\/v2\/product_brand?post=21240"},{"taxonomy":"product_cat","embeddable":true,"href":"https:\/\/www.billigtrikotde.com\/cs\/wp-json\/wp\/v2\/product_cat?post=21240"},{"taxonomy":"product_tag","embeddable":true,"href":"https:\/\/www.billigtrikotde.com\/cs\/wp-json\/wp\/v2\/product_tag?post=21240"}],"curies":[{"name":"wp","href":"https:\/\/api.w.org\/{rel}","templated":true}]}}