{"id":21234,"date":"2025-06-04T15:42:49","date_gmt":"2025-06-04T13:42:49","guid":{"rendered":"https:\/\/www.billigtrikotde.com\/?post_type=product&#038;p=21234"},"modified":"2025-06-11T13:56:31","modified_gmt":"2025-06-11T11:56:31","slug":"kinder-fussball-trikot-arsenal-heimtrikot-2024-25-mit-namen-arsenal-leandro-trossard-19","status":"publish","type":"product","link":"https:\/\/www.billigtrikotde.com\/cs\/kinder-fussball-trikot-arsenal-heimtrikot-2024-25-mit-namen-arsenal-leandro-trossard-19\/","title":{"rendered":"Arsenal Leandro Trossard #19 dom\u00e1c\u00ed dres d\u011btsk\u00fd 2024-25 kr\u00e1tk\u00e9 ruk\u00e1vy (+ kr\u00e1tk\u00e9 nohavice)"},"content":{"rendered":"<h3>D\u011btsk\u00fd fotbalov\u00fd dres Arsenal, dom\u00e1c\u00ed dres 2024-25 s n\u00e1zvem Arsenal Leandro Trossard 19<\/h3>\n<p>Dom\u00e1c\u00ed tri\u010dko Arsenal 2024-2025 kombinuje klasickou \u010dervenou hlavn\u00ed barvu klubu s b\u00edl\u00fdmi logy a tmav\u011b modr\u00fdmi designov\u00fdmi prvky. Z hlediska designu je dom\u00e1c\u00ed tri\u010dko Arsenal 2024-25 pom\u011brn\u011b jednoduch\u00e9. Vych\u00e1z\u00ed z nov\u00e9ho vzoru 2024-25 a obsahuje unik\u00e1tn\u00ed bo\u010dn\u00ed ozna\u010den\u00ed, v tomto p\u0159\u00edpad\u011b v modr\u00e9 barv\u011b.<\/p>\n<p>Tipy pro tisk: Pokud jsou jm\u00e9no a \u010d\u00edslo na obr\u00e1zku p\u0159esn\u011b takov\u00e9, jak\u00e9 chcete, nemus\u00edte je zad\u00e1vat znovu. Pokud tomu tak nen\u00ed, m\u011bli byste zadat po\u017eadovan\u00e9 jm\u00e9no a \u010d\u00edslo.<\/p>\n<p>Tipy pro pran\u00ed: Doporu\u010dujeme pr\u00e1t fotbalov\u00e1 tri\u010dka v ruce. Pokud chcete pou\u017e\u00edt pra\u010dku, nezapome\u0148te fotbalov\u00e1 tri\u010dka obr\u00e1tit naruby a pot\u00e9 je vyprat. Pra\u010dku napl\u0148te studenou vodou a pou\u017eijte jemn\u00fd cyklus, abyste l\u00e9pe ochr\u00e1nili barvy.<\/p>","protected":false},"excerpt":{"rendered":"<p>D\u011btsk\u00fd fotbalov\u00fd dres Arsenal dom\u00e1c\u00ed dres 2024-25 s jm\u00e9nem Arsenal Leandro Trossard 19. Dom\u00e1c\u00ed dres Arsenalu 2024-2025 kombinuje klasickou \u010dervenou hlavn\u00ed barvu klubu s b\u00edl\u00fdmi logy a tmav\u011b modr\u00fdmi designov\u00fdmi prvky. Co se t\u00fd\u010de designu, dom\u00e1c\u00ed dres Arsenal 2024-25 je pom\u011brn\u011b jednoduch\u00fd. Vych\u00e1z\u00ed z nov\u00e9ho vzoru 2024\u201325 a m\u00e1 jedine\u010dn\u00e9 bo\u010dn\u00ed ozna\u010den\u00ed, v tomto [\u2026]<\/p>","protected":false},"featured_media":21236,"comment_status":"open","ping_status":"closed","template":"","meta":[],"product_brand":[],"product_cat":[167],"product_tag":[1436,1435,1522],"class_list":{"0":"post-21234","1":"product","2":"type-product","3":"status-publish","4":"has-post-thumbnail","6":"product_cat-arsenal-kindertrikot","7":"product_tag-guenstige-leandro-trossard-trikot-kinder","8":"product_tag-leandro-trossard-trikot-kinder-kaufen","9":"product_tag-leandro-trossard-trikots","11":"first","12":"instock","13":"shipping-taxable","14":"purchasable","15":"product-type-variable"},"_links":{"self":[{"href":"https:\/\/www.billigtrikotde.com\/cs\/wp-json\/wp\/v2\/product\/21234","targetHints":{"allow":["GET"]}}],"collection":[{"href":"https:\/\/www.billigtrikotde.com\/cs\/wp-json\/wp\/v2\/product"}],"about":[{"href":"https:\/\/www.billigtrikotde.com\/cs\/wp-json\/wp\/v2\/types\/product"}],"replies":[{"embeddable":true,"href":"https:\/\/www.billigtrikotde.com\/cs\/wp-json\/wp\/v2\/comments?post=21234"}],"wp:featuredmedia":[{"embeddable":true,"href":"https:\/\/www.billigtrikotde.com\/cs\/wp-json\/wp\/v2\/media\/21236"}],"wp:attachment":[{"href":"https:\/\/www.billigtrikotde.com\/cs\/wp-json\/wp\/v2\/media?parent=21234"}],"wp:term":[{"taxonomy":"product_brand","embeddable":true,"href":"https:\/\/www.billigtrikotde.com\/cs\/wp-json\/wp\/v2\/product_brand?post=21234"},{"taxonomy":"product_cat","embeddable":true,"href":"https:\/\/www.billigtrikotde.com\/cs\/wp-json\/wp\/v2\/product_cat?post=21234"},{"taxonomy":"product_tag","embeddable":true,"href":"https:\/\/www.billigtrikotde.com\/cs\/wp-json\/wp\/v2\/product_tag?post=21234"}],"curies":[{"name":"wp","href":"https:\/\/api.w.org\/{rel}","templated":true}]}}