{"id":20893,"date":"2025-03-06T14:24:00","date_gmt":"2025-03-06T13:24:00","guid":{"rendered":"https:\/\/www.billigtrikotde.com\/?post_type=product&#038;p=20893"},"modified":"2025-03-06T14:53:05","modified_gmt":"2025-03-06T13:53:05","slug":"billige-trikots-kinder-ac-milan-auswaerts-trikotsatz-2024-25-youssouf-fofana-29","status":"publish","type":"product","link":"https:\/\/www.billigtrikotde.com\/cs\/billige-trikots-kinder-ac-milan-auswaerts-trikotsatz-2024-25-youssouf-fofana-29\/","title":{"rendered":"Levn\u00e9 d\u011btsk\u00e9 dresy AC Milan Away Kit 2024-25 Youssouf Fofana 29"},"content":{"rendered":"<p>B\u00edl\u00e9 venkovn\u00ed dresy navazuj\u00ed na klasick\u00fd barevn\u00fd design AC Mil\u00e1n a p\u0159edstavuj\u00ed nov\u00fd vzhled pro sez\u00f3nu 24\/25. B\u00edl\u00e9 dresy maj\u00ed decentn\u00ed vzor s vertik\u00e1ln\u00edmi pruhy. L\u00edmec a man\u017eety jsou ozdobeny \u010derven\u00fdmi a \u010dern\u00fdmi prvky a \u010dern\u00e9 logo dopl\u0148uje design. Je zde tak\u00e9 potisknut\u00e9 logo AC Mil\u00e1n silikonovou technologi\u00ed a dv\u011b sponzorsk\u00e9 loga s tepl\u00fdm p\u0159enosem.<\/p>\n<p>Jedn\u00e1 se o kr\u00e1tk\u00fd ruk\u00e1v, \u017eebrovan\u00fd rol\u00e1kov\u00fd venkovn\u00ed dres, kter\u00fd je ide\u00e1ln\u00ed na z\u00e1pasy AC Mil\u00e1n a do ka\u017edodenn\u00edho \u017eivota. Dres je dostupn\u00fd ve velikostech S\u20132XL pro dosp\u011bl\u00e9 a je navr\u017een tak, aby poskytoval maxim\u00e1ln\u00ed komfort na h\u0159i\u0161ti i mimo n\u011bj. Tento lehk\u00fd polyesterov\u00fd tri\u010dko je prody\u0161n\u00e9 a m\u00e1 technologii odv\u00e1d\u011bn\u00ed potu od Duracell, kter\u00e1 v\u00e1s udr\u017e\u00ed v chladu a suchu.<\/p>\n<p>Tipy pro tisk: Pokud jsou jm\u00e9no a \u010d\u00edslo na obr\u00e1zku p\u0159esn\u011b takov\u00e9, jak\u00e9 chcete, nemus\u00edte je zad\u00e1vat znovu. Pokud tomu tak nen\u00ed, m\u011bli byste zadat po\u017eadovan\u00e9 jm\u00e9no a \u010d\u00edslo.<\/p>\n<p>Tipy pro pran\u00ed: Doporu\u010dujeme pr\u00e1t fotbalov\u00e1 tri\u010dka v ruce. Pokud chcete pou\u017e\u00edt pra\u010dku, nezapome\u0148te fotbalov\u00e1 tri\u010dka obr\u00e1tit naruby a pot\u00e9 je vyprat. Pra\u010dku napl\u0148te studenou vodou a pou\u017eijte jemn\u00fd cyklus, abyste l\u00e9pe ochr\u00e1nili barvy.<\/p>","protected":false},"excerpt":{"rendered":"<p>Das wei\u00dfe Ausw\u00e4rtstrikot greift das klassische Farbdesign des AC Mailand auf und pr\u00e4sentiert einen neuen Look f\u00fcr die Saison 24\/25. Das wei\u00dfe Trikot weist ein dezentes Muster mit vertikalen Streifen auf. Der Kragen und die Manschetten sind mit roten und schwarzen Verzierungen versehen, und ein schwarzes Logo rundet das Design ab. Es gibt ein mit [&hellip;]<\/p>","protected":false},"featured_media":20895,"comment_status":"open","ping_status":"closed","template":"","meta":[],"product_brand":[],"product_cat":[92],"product_tag":[630,631,93,20,574,1415,24,1416,94],"class_list":{"0":"post-20893","1":"product","2":"type-product","3":"status-publish","4":"has-post-thumbnail","6":"product_cat-ac-mailand-kindertrikot","7":"product_tag-ac-milan-fussballtrikots-kinder","8":"product_tag-ac-milan-trikot-fuer-kinder","9":"product_tag-ac-milan-trikotsatz-fuer-kinder","10":"product_tag-coole-fussballtrikots","11":"product_tag-fussballtrikot-deutschland","12":"product_tag-fussballtrikots-set","13":"product_tag-guenstiges-fussballtrikot","14":"product_tag-kinder-ac-milan-trikot","15":"product_tag-kinder-fussball-trikotsatz","17":"first","18":"instock","19":"shipping-taxable","20":"purchasable","21":"product-type-variable"},"_links":{"self":[{"href":"https:\/\/www.billigtrikotde.com\/cs\/wp-json\/wp\/v2\/product\/20893","targetHints":{"allow":["GET"]}}],"collection":[{"href":"https:\/\/www.billigtrikotde.com\/cs\/wp-json\/wp\/v2\/product"}],"about":[{"href":"https:\/\/www.billigtrikotde.com\/cs\/wp-json\/wp\/v2\/types\/product"}],"replies":[{"embeddable":true,"href":"https:\/\/www.billigtrikotde.com\/cs\/wp-json\/wp\/v2\/comments?post=20893"}],"wp:featuredmedia":[{"embeddable":true,"href":"https:\/\/www.billigtrikotde.com\/cs\/wp-json\/wp\/v2\/media\/20895"}],"wp:attachment":[{"href":"https:\/\/www.billigtrikotde.com\/cs\/wp-json\/wp\/v2\/media?parent=20893"}],"wp:term":[{"taxonomy":"product_brand","embeddable":true,"href":"https:\/\/www.billigtrikotde.com\/cs\/wp-json\/wp\/v2\/product_brand?post=20893"},{"taxonomy":"product_cat","embeddable":true,"href":"https:\/\/www.billigtrikotde.com\/cs\/wp-json\/wp\/v2\/product_cat?post=20893"},{"taxonomy":"product_tag","embeddable":true,"href":"https:\/\/www.billigtrikotde.com\/cs\/wp-json\/wp\/v2\/product_tag?post=20893"}],"curies":[{"name":"wp","href":"https:\/\/api.w.org\/{rel}","templated":true}]}}