{"id":20857,"date":"2025-03-01T13:50:28","date_gmt":"2025-03-01T12:50:28","guid":{"rendered":"https:\/\/www.billigtrikotde.com\/?post_type=product&#038;p=20857"},"modified":"2025-03-01T14:06:34","modified_gmt":"2025-03-01T13:06:34","slug":"fussballtrikot-kaufen-kinder-ac-milan-3rd-trikot-2024-25-trikotsatz-theo-hernandez-19","status":"publish","type":"product","link":"https:\/\/www.billigtrikotde.com\/cs\/fussballtrikot-kaufen-kinder-ac-milan-3rd-trikot-2024-25-trikotsatz-theo-hernandez-19\/","title":{"rendered":"Fotbalov\u00e9 tri\u010dko Koupit D\u011btsk\u00fd AC Milan 3. dres 2024-25 Kit Theo Hernandez 19"},"content":{"rendered":"<p>T\u0159et\u00ed dres AC Mil\u00e1n pro sez\u00f3nu 2024\/25 se odchyluje od klasick\u00e9ho \u010derveno-\u010dern\u00e9ho barevn\u00e9ho sch\u00e9matu. Hlavn\u00ed barvou je tmav\u011b \u0161ed\u00e1 a detaily ve sv\u011b\u017e\u00ed m\u00e1tov\u011b zelen\u00e9, v\u010detn\u011b jednobarevn\u00e9ho klubov\u00e9ho odznaku, man\u017eet a l\u00edmce, jsou ve sv\u011b\u017e\u00ed m\u00e1tov\u011b zelen\u00e9. Nav\u00edc detaily z hroznov\u00e9 mlhy na l\u00edmci dod\u00e1vaj\u00ed jemn\u00fd a sofistikovan\u00fd n\u00e1dech a odr\u00e1\u017eej\u00ed pokrokov\u00e9ho ducha Mil\u00e1na.<\/p>\n<p>Tipy pro tisk: Pokud jsou jm\u00e9no a \u010d\u00edslo na obr\u00e1zku p\u0159esn\u011b takov\u00e9, jak\u00e9 chcete, nemus\u00edte je zad\u00e1vat znovu. Pokud tomu tak nen\u00ed, m\u011bli byste zadat po\u017eadovan\u00e9 jm\u00e9no a \u010d\u00edslo.<\/p>\n<p>Tipy pro pran\u00ed: Doporu\u010dujeme pr\u00e1t fotbalov\u00e1 tri\u010dka v ruce. Pokud chcete pou\u017e\u00edt pra\u010dku, nezapome\u0148te fotbalov\u00e1 tri\u010dka obr\u00e1tit naruby a pot\u00e9 je vyprat. Pra\u010dku napl\u0148te studenou vodou a pou\u017eijte jemn\u00fd cyklus, abyste l\u00e9pe ochr\u00e1nili barvy.<\/p>","protected":false},"excerpt":{"rendered":"<p>Das dritte Trikot des AC Mailand f\u00fcr die Saison 2024\/25 weicht vom klassischen Farbschema aus Rot und Schwarz ab. Dunkelgrau ist die Hauptfarbe und die Details in frischem Mintgr\u00fcn, darunter das einfarbige Vereinsabzeichen, die Manschetten und der Kragen, sind in frischem Mintgr\u00fcn gehalten. Dar\u00fcber hinaus verleihen die Details in Grape Mist am Kragen eine subtile [&hellip;]<\/p>","protected":false},"featured_media":20859,"comment_status":"open","ping_status":"closed","template":"","meta":[],"product_brand":[],"product_cat":[92],"product_tag":[630,631,93,20,574,1415,24,1416,94,1423],"class_list":{"0":"post-20857","1":"product","2":"type-product","3":"status-publish","4":"has-post-thumbnail","6":"product_cat-ac-mailand-kindertrikot","7":"product_tag-ac-milan-fussballtrikots-kinder","8":"product_tag-ac-milan-trikot-fuer-kinder","9":"product_tag-ac-milan-trikotsatz-fuer-kinder","10":"product_tag-coole-fussballtrikots","11":"product_tag-fussballtrikot-deutschland","12":"product_tag-fussballtrikots-set","13":"product_tag-guenstiges-fussballtrikot","14":"product_tag-kinder-ac-milan-trikot","15":"product_tag-kinder-fussball-trikotsatz","16":"product_tag-theo-hernandez-trikot","18":"first","19":"instock","20":"shipping-taxable","21":"purchasable","22":"product-type-variable"},"_links":{"self":[{"href":"https:\/\/www.billigtrikotde.com\/cs\/wp-json\/wp\/v2\/product\/20857","targetHints":{"allow":["GET"]}}],"collection":[{"href":"https:\/\/www.billigtrikotde.com\/cs\/wp-json\/wp\/v2\/product"}],"about":[{"href":"https:\/\/www.billigtrikotde.com\/cs\/wp-json\/wp\/v2\/types\/product"}],"replies":[{"embeddable":true,"href":"https:\/\/www.billigtrikotde.com\/cs\/wp-json\/wp\/v2\/comments?post=20857"}],"wp:featuredmedia":[{"embeddable":true,"href":"https:\/\/www.billigtrikotde.com\/cs\/wp-json\/wp\/v2\/media\/20859"}],"wp:attachment":[{"href":"https:\/\/www.billigtrikotde.com\/cs\/wp-json\/wp\/v2\/media?parent=20857"}],"wp:term":[{"taxonomy":"product_brand","embeddable":true,"href":"https:\/\/www.billigtrikotde.com\/cs\/wp-json\/wp\/v2\/product_brand?post=20857"},{"taxonomy":"product_cat","embeddable":true,"href":"https:\/\/www.billigtrikotde.com\/cs\/wp-json\/wp\/v2\/product_cat?post=20857"},{"taxonomy":"product_tag","embeddable":true,"href":"https:\/\/www.billigtrikotde.com\/cs\/wp-json\/wp\/v2\/product_tag?post=20857"}],"curies":[{"name":"wp","href":"https:\/\/api.w.org\/{rel}","templated":true}]}}