{"id":20763,"date":"2025-02-13T09:10:50","date_gmt":"2025-02-13T08:10:50","guid":{"rendered":"https:\/\/www.billigtrikotde.com\/?post_type=product&#038;p=20763"},"modified":"2025-03-01T09:17:58","modified_gmt":"2025-03-01T08:17:58","slug":"guenstige-chelsea-fussballtrikots-kinder-auswaerts-trikotsatz-2024-25-christopher-nkunku-18","status":"publish","type":"product","link":"https:\/\/www.billigtrikotde.com\/cs\/guenstige-chelsea-fussballtrikots-kinder-auswaerts-trikotsatz-2024-25-christopher-nkunku-18\/","title":{"rendered":"Levn\u00e9 Chelsea Fotbalov\u00e1 tri\u010dka Kids Away Kit 2024-25 Christopher Nkunku 18"},"content":{"rendered":"<p>Motiv \"Blue Blame\" tohoto dom\u00e1c\u00edho dresu Chelsea FC 24\/25 je vyobrazen tak\u00e9 na dresu pro hosty a zd\u016fraz\u0148uje spole\u010dn\u00e9 ambice klubu, horouc\u00ed v\u00e1\u0161e\u0148 a odhodl\u00e1n\u00ed usp\u011bt. V\u00fdrazn\u00e1 oran\u017eov\u00e1 barva akcentu symbolizuje ohe\u0148 a p\u0159edstavuje spole\u010dn\u00fd z\u00e1pal v\u0161ech, kte\u0159\u00ed jsou s Chelsea spojeni, a to jak na h\u0159i\u0161ti, tak mimo n\u011bj. Slogan \"Together, We Burn Blue\" (Spole\u010dn\u011b p\u00e1l\u00edme modrou) vystihuje tento \u00e9tos a odr\u00e1\u017e\u00ed jednotu a intenzitu, kterou chce klub vn\u00e9st do nov\u00e9 sezony.\" V\u00fdjezdn\u00ed souprava Chelsea 2024\/25 je opat\u0159ena upraven\u00fdm znakem, kter\u00fd modern\u00edm zp\u016fsobem zd\u016fraz\u0148uje oran\u017eov\u00e9 t\u00f3ny p\u0159edchoz\u00edch klubov\u00fdch souprav. Tento na m\u00edru \u0161it\u00fd prvek zd\u016fraz\u0148uje z\u00e1vazek klubu k inovac\u00edm a \u00fact\u011b k jeho d\u011bdictv\u00ed.<\/p>\n<p>Tipy pro tisk: Pokud jsou jm\u00e9no a \u010d\u00edslo na obr\u00e1zku p\u0159esn\u011b takov\u00e9, jak\u00e9 chcete, nemus\u00edte je zad\u00e1vat znovu. Pokud tomu tak nen\u00ed, m\u011bli byste zadat po\u017eadovan\u00e9 jm\u00e9no a \u010d\u00edslo.<\/p>\n<p>Tipy pro pran\u00ed: Doporu\u010dujeme pr\u00e1t fotbalov\u00e1 tri\u010dka v ruce. Pokud chcete pou\u017e\u00edt pra\u010dku, nezapome\u0148te fotbalov\u00e1 tri\u010dka obr\u00e1tit naruby a pot\u00e9 je vyprat. Pra\u010dku napl\u0148te studenou vodou a pou\u017eijte jemn\u00fd cyklus, abyste l\u00e9pe ochr\u00e1nili barvy.<\/p>","protected":false},"excerpt":{"rendered":"<p>Das \u201eBlue Blame\u201c-Thema dieses Heimtrikots 24\/25 des FC Chelsea wird auch auf dem Ausw\u00e4rtstrikot wiedergegeben und unterstreicht den gemeinsamen Ehrgeiz, die brennende Leidenschaft und die Entschlossenheit des Vereins, erfolgreich zu sein. Die auff\u00e4llige orange Akzentfarbe symbolisiert Feuer und repr\u00e4sentiert den gemeinsamen Antrieb aller, die mit Chelsea verbunden sind, sowohl auf als auch neben dem Spielfeld. [&hellip;]<\/p>","protected":false},"featured_media":20765,"comment_status":"open","ping_status":"closed","template":"","meta":[],"product_brand":[],"product_cat":[162],"product_tag":[20,1280,831,832,163,1410,24,94],"class_list":{"0":"post-20763","1":"product","2":"type-product","3":"status-publish","4":"has-post-thumbnail","6":"product_cat-chelsea-kindertrikot","7":"product_tag-coole-fussballtrikots","8":"product_tag-chelsea-fc-24-25-trikot","9":"product_tag-chelsea-fussballtrikots-kinder","10":"product_tag-chelsea-trikot-fuer-kinder","11":"product_tag-chelsea-trikotsatz-fuer-kinder","12":"product_tag-christopher-nkunku-trikots","13":"product_tag-guenstiges-fussballtrikot","14":"product_tag-kinder-fussball-trikotsatz","16":"first","17":"instock","18":"shipping-taxable","19":"purchasable","20":"product-type-variable"},"_links":{"self":[{"href":"https:\/\/www.billigtrikotde.com\/cs\/wp-json\/wp\/v2\/product\/20763","targetHints":{"allow":["GET"]}}],"collection":[{"href":"https:\/\/www.billigtrikotde.com\/cs\/wp-json\/wp\/v2\/product"}],"about":[{"href":"https:\/\/www.billigtrikotde.com\/cs\/wp-json\/wp\/v2\/types\/product"}],"replies":[{"embeddable":true,"href":"https:\/\/www.billigtrikotde.com\/cs\/wp-json\/wp\/v2\/comments?post=20763"}],"wp:featuredmedia":[{"embeddable":true,"href":"https:\/\/www.billigtrikotde.com\/cs\/wp-json\/wp\/v2\/media\/20765"}],"wp:attachment":[{"href":"https:\/\/www.billigtrikotde.com\/cs\/wp-json\/wp\/v2\/media?parent=20763"}],"wp:term":[{"taxonomy":"product_brand","embeddable":true,"href":"https:\/\/www.billigtrikotde.com\/cs\/wp-json\/wp\/v2\/product_brand?post=20763"},{"taxonomy":"product_cat","embeddable":true,"href":"https:\/\/www.billigtrikotde.com\/cs\/wp-json\/wp\/v2\/product_cat?post=20763"},{"taxonomy":"product_tag","embeddable":true,"href":"https:\/\/www.billigtrikotde.com\/cs\/wp-json\/wp\/v2\/product_tag?post=20763"}],"curies":[{"name":"wp","href":"https:\/\/api.w.org\/{rel}","templated":true}]}}