{"id":20721,"date":"2025-01-29T05:48:39","date_gmt":"2025-01-29T04:48:39","guid":{"rendered":"https:\/\/www.billigtrikotde.com\/?post_type=product&#038;p=20721"},"modified":"2025-03-01T09:23:07","modified_gmt":"2025-03-01T08:23:07","slug":"kinder-trikot-billig-tottenham-hotspur-ausweich-trikotsatz-2024-25","status":"publish","type":"product","link":"https:\/\/www.billigtrikotde.com\/cs\/kinder-trikot-billig-tottenham-hotspur-ausweich-trikotsatz-2024-25\/","title":{"rendered":"D\u011btsk\u00e9 dresy Levn\u00e9 Tottenham Hotspur 2024-25"},"content":{"rendered":"<p>Design t\u0159et\u00edho dresu Tottenhamu Hotspur je jemn\u011b inspirov\u00e1n sedmi jilmy, kter\u00e9 v ji\u017en\u00edm Tottenhamu rostou u\u017e po stalet\u00ed. Tyto stromy fascinuj\u00ed m\u00edstn\u00ed obyvatele po cel\u00e9 generace a jsou hluboce zako\u0159en\u011bny ve folkl\u00f3ru. Legenda prav\u00ed, \u017ee p\u016fvodn\u00ed jilmy vysadilo ve 14. stolet\u00ed sedm sester m\u00edstn\u00ed rodiny, co\u017e dod\u00e1v\u00e1 historii oblasti mystick\u00fd n\u00e1dech.<\/p>\n<p>Za\u010dlen\u011bn\u00edm prvk\u016f t\u00e9to m\u00edstn\u00ed legendy do designu dresu chce Tottenham Hotspur uk\u00e1zat, \u017ee je odhodl\u00e1n udr\u017eovat sv\u00e9 vazby na komunitu. Vzor na zelen\u00e9 l\u00e1tce slou\u017e\u00ed jako vizu\u00e1ln\u00ed zn\u00e1zorn\u011bn\u00ed hluboce zako\u0159en\u011bn\u00e9ho spojen\u00ed klubu s jeho po\u0161tovn\u00edm sm\u011brovac\u00edm \u010d\u00edslem N17 a okoln\u00ed oblast\u00ed, kter\u00e1 je jeho domovem ji\u017e v\u00edce ne\u017e sto let.<\/p>","protected":false},"excerpt":{"rendered":"<p>Das Design des dritten Trikots der Kinder Trikot Billig Tottenham Hotspur ist subtil inspiriert von den sieben Ulmen, die seit Jahrhunderten in South Tottenham stehen. Diese B\u00e4ume faszinieren die Anwohner seit Generationen und sind tief in der Folklore verwurzelt. Der Legende nach wurden die urspr\u00fcnglichen Ulmen im 14. Jahrhundert von sieben Schwestern einer einheimischen Familie [&hellip;]<\/p>","protected":false},"featured_media":20723,"comment_status":"open","ping_status":"closed","template":"","meta":[],"product_brand":[],"product_cat":[102],"product_tag":[20,574,24,94,1404,652,104,105],"class_list":{"0":"post-20721","1":"product","2":"type-product","3":"status-publish","4":"has-post-thumbnail","6":"product_cat-tottenham-hotspur-kindertrikot","7":"product_tag-coole-fussballtrikots","8":"product_tag-fussballtrikot-deutschland","9":"product_tag-guenstiges-fussballtrikot","10":"product_tag-kinder-fussball-trikotsatz","11":"product_tag-kinder-trikot-billig-tottenham-hotspur","12":"product_tag-tottenham-hotspur-fussballtrikot","13":"product_tag-tottenham-hotspur-trikots","14":"product_tag-tottenham-hotspur-trikotsatz-fuer-kinder","16":"first","17":"instock","18":"shipping-taxable","19":"purchasable","20":"product-type-variable"},"_links":{"self":[{"href":"https:\/\/www.billigtrikotde.com\/cs\/wp-json\/wp\/v2\/product\/20721","targetHints":{"allow":["GET"]}}],"collection":[{"href":"https:\/\/www.billigtrikotde.com\/cs\/wp-json\/wp\/v2\/product"}],"about":[{"href":"https:\/\/www.billigtrikotde.com\/cs\/wp-json\/wp\/v2\/types\/product"}],"replies":[{"embeddable":true,"href":"https:\/\/www.billigtrikotde.com\/cs\/wp-json\/wp\/v2\/comments?post=20721"}],"wp:featuredmedia":[{"embeddable":true,"href":"https:\/\/www.billigtrikotde.com\/cs\/wp-json\/wp\/v2\/media\/20723"}],"wp:attachment":[{"href":"https:\/\/www.billigtrikotde.com\/cs\/wp-json\/wp\/v2\/media?parent=20721"}],"wp:term":[{"taxonomy":"product_brand","embeddable":true,"href":"https:\/\/www.billigtrikotde.com\/cs\/wp-json\/wp\/v2\/product_brand?post=20721"},{"taxonomy":"product_cat","embeddable":true,"href":"https:\/\/www.billigtrikotde.com\/cs\/wp-json\/wp\/v2\/product_cat?post=20721"},{"taxonomy":"product_tag","embeddable":true,"href":"https:\/\/www.billigtrikotde.com\/cs\/wp-json\/wp\/v2\/product_tag?post=20721"}],"curies":[{"name":"wp","href":"https:\/\/api.w.org\/{rel}","templated":true}]}}