{"id":20718,"date":"2025-01-29T05:34:16","date_gmt":"2025-01-29T04:34:16","guid":{"rendered":"https:\/\/www.billigtrikotde.com\/?post_type=product&#038;p=20718"},"modified":"2025-03-01T09:14:59","modified_gmt":"2025-03-01T08:14:59","slug":"fussball-trikot-guenstig-kinder-tottenham-hotspur-auswaerts-trikotsatz-2024-25-james-maddison-10","status":"publish","type":"product","link":"https:\/\/www.billigtrikotde.com\/cs\/fussball-trikot-guenstig-kinder-tottenham-hotspur-auswaerts-trikotsatz-2024-25-james-maddison-10\/","title":{"rendered":"Fotbalov\u00e9 tri\u010dko Levn\u00e9 d\u011btsk\u00e9 Tottenham Hotspur Away Kit 2024-25 James Maddison 10"},"content":{"rendered":"<p>Odv\u00e1\u017en\u00fdm odklonem od tradi\u010dn\u00edho designu fotbalov\u00fdch dres\u016f Tottenham Hotspur levn\u00e9 d\u011btsk\u00e9 dresy Tottenham Hotspur se na venkovn\u00edm dresu Tottenham Hotspur 24\/25 dost\u00e1v\u00e1 do pop\u0159ed\u00ed klubov\u00fd znak. Toto inovativn\u00ed um\u00edst\u011bn\u00ed dod\u00e1v\u00e1 klasick\u00e9mu designu modern\u00ed n\u00e1dech a p\u0159eklenuje propast mezi bohatou histori\u00ed Tottenhamu a jeho ambicemi sm\u011b\u0159uj\u00edc\u00edmi do budoucnosti. Ruk\u00e1vy a v\u00fdst\u0159ih zdob\u00ed \u017elut\u00fd a b\u00edl\u00fd pruh, co\u017e je designov\u00fd prvek, kter\u00fd se v p\u0159\u00ed\u0161t\u00ed sezon\u011b objev\u00ed na v\u0161ech dresech klubu.<\/p>\n<p>Tipy pro tisk: Pokud jsou jm\u00e9no a \u010d\u00edslo na obr\u00e1zku p\u0159esn\u011b takov\u00e9, jak\u00e9 chcete, nemus\u00edte je zad\u00e1vat znovu. Pokud tomu tak nen\u00ed, m\u011bli byste zadat po\u017eadovan\u00e9 jm\u00e9no a \u010d\u00edslo.<\/p>\n<p>Tipy pro pran\u00ed: Doporu\u010dujeme pr\u00e1t fotbalov\u00e1 tri\u010dka v ruce. Pokud chcete pou\u017e\u00edt pra\u010dku, nezapome\u0148te fotbalov\u00e1 tri\u010dka obr\u00e1tit naruby a pot\u00e9 je vyprat. Pra\u010dku napl\u0148te studenou vodou a pou\u017eijte jemn\u00fd cyklus, abyste l\u00e9pe ochr\u00e1nili barvy.<\/p>","protected":false},"excerpt":{"rendered":"<p>In einer mutigen Abkehr vom traditionellen Fussball trikot g\u00fcnstig Kinder Tottenham Hotspur design von Tottenham Hotspur steht das Vereinswappen auf dem Tottenham Hotspur 24\/25-Ausw\u00e4rtstrikot im Mittelpunkt. Diese innovative Platzierung verleiht dem klassischen Design eine moderne Note und \u00fcberbr\u00fcckt die L\u00fccke zwischen Tottenhams reicher Geschichte und seinen zukunftsweisenden Ambitionen. Die \u00c4rmel und der Ausschnitt sind mit [&hellip;]<\/p>","protected":false},"featured_media":20720,"comment_status":"open","ping_status":"closed","template":"","meta":[],"product_brand":[],"product_cat":[102],"product_tag":[20,574,24,1402,94,652,104,105],"class_list":{"0":"post-20718","1":"product","2":"type-product","3":"status-publish","4":"has-post-thumbnail","6":"product_cat-tottenham-hotspur-kindertrikot","7":"product_tag-coole-fussballtrikots","8":"product_tag-fussballtrikot-deutschland","9":"product_tag-guenstiges-fussballtrikot","10":"product_tag-james-maddison-trikots","11":"product_tag-kinder-fussball-trikotsatz","12":"product_tag-tottenham-hotspur-fussballtrikot","13":"product_tag-tottenham-hotspur-trikots","14":"product_tag-tottenham-hotspur-trikotsatz-fuer-kinder","16":"first","17":"instock","18":"shipping-taxable","19":"purchasable","20":"product-type-variable"},"_links":{"self":[{"href":"https:\/\/www.billigtrikotde.com\/cs\/wp-json\/wp\/v2\/product\/20718","targetHints":{"allow":["GET"]}}],"collection":[{"href":"https:\/\/www.billigtrikotde.com\/cs\/wp-json\/wp\/v2\/product"}],"about":[{"href":"https:\/\/www.billigtrikotde.com\/cs\/wp-json\/wp\/v2\/types\/product"}],"replies":[{"embeddable":true,"href":"https:\/\/www.billigtrikotde.com\/cs\/wp-json\/wp\/v2\/comments?post=20718"}],"wp:featuredmedia":[{"embeddable":true,"href":"https:\/\/www.billigtrikotde.com\/cs\/wp-json\/wp\/v2\/media\/20720"}],"wp:attachment":[{"href":"https:\/\/www.billigtrikotde.com\/cs\/wp-json\/wp\/v2\/media?parent=20718"}],"wp:term":[{"taxonomy":"product_brand","embeddable":true,"href":"https:\/\/www.billigtrikotde.com\/cs\/wp-json\/wp\/v2\/product_brand?post=20718"},{"taxonomy":"product_cat","embeddable":true,"href":"https:\/\/www.billigtrikotde.com\/cs\/wp-json\/wp\/v2\/product_cat?post=20718"},{"taxonomy":"product_tag","embeddable":true,"href":"https:\/\/www.billigtrikotde.com\/cs\/wp-json\/wp\/v2\/product_tag?post=20718"}],"curies":[{"name":"wp","href":"https:\/\/api.w.org\/{rel}","templated":true}]}}