{"id":20700,"date":"2025-01-29T04:53:02","date_gmt":"2025-01-29T03:53:02","guid":{"rendered":"https:\/\/www.billigtrikotde.com\/?post_type=product&#038;p=20700"},"modified":"2025-02-08T15:17:34","modified_gmt":"2025-02-08T14:17:34","slug":"kinder-fussballtrikots-tottenham-hotspur-heim-trikotsatz-2024-25-archie-gray-14","status":"publish","type":"product","link":"https:\/\/www.billigtrikotde.com\/cs\/kinder-fussballtrikots-tottenham-hotspur-heim-trikotsatz-2024-25-archie-gray-14\/","title":{"rendered":"D\u011btsk\u00e9 fotbalov\u00e9 dresy Tottenham Hotspur Home Kit 2024-25 Archie Gray 14"},"content":{"rendered":"<p>Design levn\u00e9ho dom\u00e1c\u00edho tri\u010dka Tottenham Hotspur 24\/25 m\u00e1 po cel\u00e9 d\u00e9lce tmav\u011b modr\u00e9 ruk\u00e1vy a vrac\u00ed se k b\u00edl\u00e9mu tri\u010dku \"Lilywhite\". Tento design oslavuje ikonick\u00e9 barvy severolond\u00fdnsk\u00e9ho klubu.<\/p>\n<p>Dres m\u00e1 nov\u00fd kulat\u00fd v\u00fdst\u0159ih od spole\u010dnosti Soccer a prou\u017ekovan\u00e9 man\u017eety. V\u0161echny detaily dresu jsou v tradi\u010dn\u00ed tmav\u011b modr\u00e9 barv\u011b s akcenty Tottenhamu a lad\u00ed s tmav\u011b modr\u00fdmi tren\u00fdrkami a b\u00edl\u00fdmi pono\u017ekami, co\u017e vytv\u00e1\u0159\u00ed klasick\u00fd vzhled Spurs.<\/p>\n<p>Tipy pro tisk: Pokud jsou jm\u00e9no a \u010d\u00edslo na obr\u00e1zku p\u0159esn\u011b takov\u00e9, jak\u00e9 chcete, nemus\u00edte je zad\u00e1vat znovu. Pokud tomu tak nen\u00ed, m\u011bli byste zadat po\u017eadovan\u00e9 jm\u00e9no a \u010d\u00edslo.<\/p>\n<p>Tipy pro pran\u00ed: Doporu\u010dujeme pr\u00e1t fotbalov\u00e1 tri\u010dka v ruce. Pokud chcete pou\u017e\u00edt pra\u010dku, nezapome\u0148te fotbalov\u00e1 tri\u010dka obr\u00e1tit naruby a pot\u00e9 je vyprat. Pra\u010dku napl\u0148te studenou vodou a pou\u017eijte jemn\u00fd cyklus, abyste l\u00e9pe ochr\u00e1nili barvy.<\/p>","protected":false},"excerpt":{"rendered":"<p>Dizajn levn\u011b Tottenham Hotspur 24\/25 dom\u00e1c\u00edho dresu ukazuje po cel\u00e9 d\u00e9lce tmav\u011b modr\u00e9 ruk\u00e1vy, kter\u00e9 se vrac\u00ed k b\u00edl\u00e9mu dresu \u201eLilywhite\u201c. Tento design oslavuje ikonick\u00e9 barvy klubu z severn\u00edho Lond\u00fdna. Dres m\u00e1 nov\u00e9 kulat\u00e9 v\u00fdst\u0159ihy od Soccer a pruhovan\u00e9 man\u017eety na ruk\u00e1vech. V\u0161echny detaily dresu jsou v tradi\u010dn\u00edch tmav\u011b modr\u00fdch akcentem Tottenhamu a hod\u00ed se k tmav\u011b modr\u00fdm \u0161ortk\u00e1m a [\u2026]<\/p>","protected":false},"featured_media":20702,"comment_status":"open","ping_status":"closed","template":"","meta":[],"product_brand":[],"product_cat":[102],"product_tag":[1400,20,574,24,94,652,104,105],"class_list":{"0":"post-20700","1":"product","2":"type-product","3":"status-publish","4":"has-post-thumbnail","6":"product_cat-tottenham-hotspur-kindertrikot","7":"product_tag-archie-gray-trikots","8":"product_tag-coole-fussballtrikots","9":"product_tag-fussballtrikot-deutschland","10":"product_tag-guenstiges-fussballtrikot","11":"product_tag-kinder-fussball-trikotsatz","12":"product_tag-tottenham-hotspur-fussballtrikot","13":"product_tag-tottenham-hotspur-trikots","14":"product_tag-tottenham-hotspur-trikotsatz-fuer-kinder","16":"first","17":"instock","18":"shipping-taxable","19":"purchasable","20":"product-type-variable"},"_links":{"self":[{"href":"https:\/\/www.billigtrikotde.com\/cs\/wp-json\/wp\/v2\/product\/20700","targetHints":{"allow":["GET"]}}],"collection":[{"href":"https:\/\/www.billigtrikotde.com\/cs\/wp-json\/wp\/v2\/product"}],"about":[{"href":"https:\/\/www.billigtrikotde.com\/cs\/wp-json\/wp\/v2\/types\/product"}],"replies":[{"embeddable":true,"href":"https:\/\/www.billigtrikotde.com\/cs\/wp-json\/wp\/v2\/comments?post=20700"}],"wp:featuredmedia":[{"embeddable":true,"href":"https:\/\/www.billigtrikotde.com\/cs\/wp-json\/wp\/v2\/media\/20702"}],"wp:attachment":[{"href":"https:\/\/www.billigtrikotde.com\/cs\/wp-json\/wp\/v2\/media?parent=20700"}],"wp:term":[{"taxonomy":"product_brand","embeddable":true,"href":"https:\/\/www.billigtrikotde.com\/cs\/wp-json\/wp\/v2\/product_brand?post=20700"},{"taxonomy":"product_cat","embeddable":true,"href":"https:\/\/www.billigtrikotde.com\/cs\/wp-json\/wp\/v2\/product_cat?post=20700"},{"taxonomy":"product_tag","embeddable":true,"href":"https:\/\/www.billigtrikotde.com\/cs\/wp-json\/wp\/v2\/product_tag?post=20700"}],"curies":[{"name":"wp","href":"https:\/\/api.w.org\/{rel}","templated":true}]}}