{"id":20685,"date":"2025-01-26T08:33:01","date_gmt":"2025-01-26T07:33:01","guid":{"rendered":"https:\/\/www.billigtrikotde.com\/?post_type=product&#038;p=20685"},"modified":"2025-01-26T08:57:42","modified_gmt":"2025-01-26T07:57:42","slug":"guenstige-kindertrikot-real-madrid-ausweich-trikotsatz-2024-25-vinicius-junior-7","status":"publish","type":"product","link":"https:\/\/www.billigtrikotde.com\/cs\/guenstige-kindertrikot-real-madrid-ausweich-trikotsatz-2024-25-vinicius-junior-7\/","title":{"rendered":"Levn\u00fd d\u011btsk\u00fd dres Real Madrid 2024-25 Vinicius Junior 7"},"content":{"rendered":"<p>Cenov\u011b dostupn\u00fd t\u0159et\u00ed dres Realu Madrid 2024\/25 m\u00e1 propracovan\u00e9 tmav\u011b \u0161ed\u00e9 barevn\u00e9 sch\u00e9ma, kter\u00e9 se velmi li\u0161\u00ed od p\u0159edchoz\u00edch n\u00e1vrh\u016f. V\u00fdrazn\u00fdm prvkem nov\u00e9ho dresu Realu Madrid je slo\u017eit\u00fd vzor s inici\u00e1lami klubu \"RMCF\", co\u017e je jedine\u010dn\u00fd designov\u00fd prvek inspirovan\u00fd tradi\u010dn\u00edmi madridsk\u00fdmi pouli\u010dn\u00edmi zna\u010dkami, kter\u00fd vytv\u00e1\u0159\u00ed siln\u00e9 spojen\u00ed mezi t\u00fdmem a jeho domovsk\u00fdm m\u011bstem. Monogram, kter\u00fd se opakuje po cel\u00e9m dresu, dod\u00e1v\u00e1 nejnov\u011bj\u0161\u00edmu dresu Real Madrid 2024\/25 hloubku a charakter, p\u0159i\u010dem\u017e do designu t\u0159et\u00edho dresu Realu Madrid 24\/25 bylo zakomponov\u00e1no n\u011bkolik pozoruhodn\u00fdch detail\u016f. Dres m\u00e1 ploch\u00fd pleten\u00fd polo l\u00edmec a zap\u00edn\u00e1n\u00ed na knofl\u00edky, kter\u00e9 dod\u00e1v\u00e1 celkov\u00e9 estetice n\u00e1dech elegance.<\/p>\n<p>Tipy pro tisk: Pokud jsou jm\u00e9no a \u010d\u00edslo na obr\u00e1zku p\u0159esn\u011b takov\u00e9, jak\u00e9 chcete, nemus\u00edte je zad\u00e1vat znovu. Pokud tomu tak nen\u00ed, m\u011bli byste zadat po\u017eadovan\u00e9 jm\u00e9no a \u010d\u00edslo.<\/p>\n<p>Tipy pro pran\u00ed: Doporu\u010dujeme pr\u00e1t fotbalov\u00e1 tri\u010dka v ruce. Pokud chcete pou\u017e\u00edt pra\u010dku, nezapome\u0148te fotbalov\u00e1 tri\u010dka obr\u00e1tit naruby a pot\u00e9 je vyprat. Pra\u010dku napl\u0148te studenou vodou a pou\u017eijte jemn\u00fd cyklus, abyste l\u00e9pe ochr\u00e1nili barvy.<\/p>","protected":false},"excerpt":{"rendered":"<p>Das g\u00fcnstige dritte Trikot von Real Madrid 2024\/25 zeichnet sich durch ein raffiniertes dunkelgraues Farbschema aus, das sich deutlich von fr\u00fcheren Designs unterscheidet. Das herausragende Merkmal des neuen Trikots von Real Madrid ist ein kompliziertes Muster mit den Initialen des Vereins \u201eRMCF\u201c.Dieses einzigartige Designelement ist von traditionellen Madrider Stra\u00dfenschildern inspiriert und schafft eine starke Verbindung [&hellip;]<\/p>","protected":false},"featured_media":20687,"comment_status":"open","ping_status":"closed","template":"","meta":[],"product_brand":[],"product_cat":[165],"product_tag":[20,574,24,94,879,880,47,166,1302],"class_list":{"0":"post-20685","1":"product","2":"type-product","3":"status-publish","4":"has-post-thumbnail","6":"product_cat-real-madrid-kindertrikot","7":"product_tag-coole-fussballtrikots","8":"product_tag-fussballtrikot-deutschland","9":"product_tag-guenstiges-fussballtrikot","10":"product_tag-kinder-fussball-trikotsatz","11":"product_tag-real-madrid-fussballtrikots-kinder","12":"product_tag-real-madrid-trikot-fuer-kinder","13":"product_tag-real-madrid-trikots","14":"product_tag-real-madrid-trikotsatz-fuer-kinder","15":"product_tag-vinicius-junior-trikots","17":"first","18":"instock","19":"shipping-taxable","20":"purchasable","21":"product-type-variable"},"_links":{"self":[{"href":"https:\/\/www.billigtrikotde.com\/cs\/wp-json\/wp\/v2\/product\/20685","targetHints":{"allow":["GET"]}}],"collection":[{"href":"https:\/\/www.billigtrikotde.com\/cs\/wp-json\/wp\/v2\/product"}],"about":[{"href":"https:\/\/www.billigtrikotde.com\/cs\/wp-json\/wp\/v2\/types\/product"}],"replies":[{"embeddable":true,"href":"https:\/\/www.billigtrikotde.com\/cs\/wp-json\/wp\/v2\/comments?post=20685"}],"wp:featuredmedia":[{"embeddable":true,"href":"https:\/\/www.billigtrikotde.com\/cs\/wp-json\/wp\/v2\/media\/20687"}],"wp:attachment":[{"href":"https:\/\/www.billigtrikotde.com\/cs\/wp-json\/wp\/v2\/media?parent=20685"}],"wp:term":[{"taxonomy":"product_brand","embeddable":true,"href":"https:\/\/www.billigtrikotde.com\/cs\/wp-json\/wp\/v2\/product_brand?post=20685"},{"taxonomy":"product_cat","embeddable":true,"href":"https:\/\/www.billigtrikotde.com\/cs\/wp-json\/wp\/v2\/product_cat?post=20685"},{"taxonomy":"product_tag","embeddable":true,"href":"https:\/\/www.billigtrikotde.com\/cs\/wp-json\/wp\/v2\/product_tag?post=20685"}],"curies":[{"name":"wp","href":"https:\/\/api.w.org\/{rel}","templated":true}]}}