{"id":20662,"date":"2025-01-24T08:36:18","date_gmt":"2025-01-24T07:36:18","guid":{"rendered":"https:\/\/www.billigtrikotde.com\/?post_type=product&#038;p=20662"},"modified":"2025-03-01T09:14:12","modified_gmt":"2025-03-01T08:14:12","slug":"fc-barcelona-ausweich-trikotsatz-2024-25-fussballtrikots-fuer-kinder","status":"publish","type":"product","link":"https:\/\/www.billigtrikotde.com\/cs\/fc-barcelona-ausweich-trikotsatz-2024-25-fussballtrikots-fuer-kinder\/","title":{"rendered":"Fotbalov\u00e1 souprava FC Barcelona 2024-25 pro d\u011bti"},"content":{"rendered":"<p>Cenov\u011b dostupn\u00fd t\u0159et\u00ed dres Bar\u00e7a 2024-25 zaujme modern\u00edm barevn\u00fdm proveden\u00edm. Kombinuje jasnou voltovou barvu s modrou barvou loga a aplikac\u00ed. Ofici\u00e1ln\u00ed barvy jsou \"Barely Volt \/ Old Royal\" a t\u0159et\u00ed dres Bar\u00e7a 2024-2025 je navr\u017een se symbolem \u017eensk\u00e9ho pohlav\u00ed - hermafroditem, kruhem nad k\u0159\u00ed\u017eem.<\/p>\n<p>Stejn\u011b jako v\u0161echny ostatn\u00ed dresy pro sez\u00f3nu 2024-2025 m\u00e1 i dres Barcelona 24-25 na hlav\u011b n\u00e1pis swoosh. Erb je na lev\u00e9 stran\u011b v jednobarevn\u00e9, mod\u0159e lemovan\u00e9 voltov\u00e9 verzi.<\/p>\n<p>Tipy pro tisk: Pokud jsou jm\u00e9no a \u010d\u00edslo na obr\u00e1zku p\u0159esn\u011b takov\u00e9, jak\u00e9 chcete, nemus\u00edte je zad\u00e1vat znovu. Pokud tomu tak nen\u00ed, m\u011bli byste zadat po\u017eadovan\u00e9 jm\u00e9no a \u010d\u00edslo.<\/p>\n<p>Tipy pro pran\u00ed: Doporu\u010dujeme pr\u00e1t fotbalov\u00e1 tri\u010dka v ruce. Pokud chcete pou\u017e\u00edt pra\u010dku, nezapome\u0148te fotbalov\u00e1 tri\u010dka obr\u00e1tit naruby a pot\u00e9 je vyprat. Pra\u010dku napl\u0148te studenou vodou a pou\u017eijte jemn\u00fd cyklus, abyste l\u00e9pe ochr\u00e1nili barvy.<\/p>","protected":false},"excerpt":{"rendered":"<p>Dostupn\u00e1 Bar\u00e7a 2024-25 t\u0159et\u00ed sada dres\u016f zaujme modern\u00edm barevn\u00fdm sch\u00e9matem. Kombinuje sv\u011btl\u00fd Volt s modrou pro loga a aplikace. Ofici\u00e1ln\u011b zn\u011bj\u00ed barvy \u201eBarely Volt \/ Old Royal\u201c. Bar\u00e7a 2024-2025 t\u0159et\u00ed dres je navr\u017een s pohlavn\u00edm symbolem \u017eeny \u2013 k\u0159\u00ed\u017eenec, kruh nad k\u0159\u00ed\u017eem. Stejn\u011b jako ostatn\u00ed dresy sez\u00f3ny [\u2026]<\/p>","protected":false},"featured_media":20664,"comment_status":"open","ping_status":"closed","template":"","meta":[],"product_brand":[],"product_cat":[146],"product_tag":[20,33,1261,22,24],"class_list":{"0":"post-20662","1":"product","2":"type-product","3":"status-publish","4":"has-post-thumbnail","6":"product_cat-barcelona-kindertrikot","7":"product_tag-coole-fussballtrikots","8":"product_tag-fc-barcelona-trikots","9":"product_tag-fussballtrikot-fuer-kinder","10":"product_tag-fussballtrikot-guenstig-kaufen","11":"product_tag-guenstiges-fussballtrikot","13":"first","14":"instock","15":"shipping-taxable","16":"purchasable","17":"product-type-variable"},"_links":{"self":[{"href":"https:\/\/www.billigtrikotde.com\/cs\/wp-json\/wp\/v2\/product\/20662","targetHints":{"allow":["GET"]}}],"collection":[{"href":"https:\/\/www.billigtrikotde.com\/cs\/wp-json\/wp\/v2\/product"}],"about":[{"href":"https:\/\/www.billigtrikotde.com\/cs\/wp-json\/wp\/v2\/types\/product"}],"replies":[{"embeddable":true,"href":"https:\/\/www.billigtrikotde.com\/cs\/wp-json\/wp\/v2\/comments?post=20662"}],"wp:featuredmedia":[{"embeddable":true,"href":"https:\/\/www.billigtrikotde.com\/cs\/wp-json\/wp\/v2\/media\/20664"}],"wp:attachment":[{"href":"https:\/\/www.billigtrikotde.com\/cs\/wp-json\/wp\/v2\/media?parent=20662"}],"wp:term":[{"taxonomy":"product_brand","embeddable":true,"href":"https:\/\/www.billigtrikotde.com\/cs\/wp-json\/wp\/v2\/product_brand?post=20662"},{"taxonomy":"product_cat","embeddable":true,"href":"https:\/\/www.billigtrikotde.com\/cs\/wp-json\/wp\/v2\/product_cat?post=20662"},{"taxonomy":"product_tag","embeddable":true,"href":"https:\/\/www.billigtrikotde.com\/cs\/wp-json\/wp\/v2\/product_tag?post=20662"}],"curies":[{"name":"wp","href":"https:\/\/api.w.org\/{rel}","templated":true}]}}