{"id":20652,"date":"2025-01-24T08:09:11","date_gmt":"2025-01-24T07:09:11","guid":{"rendered":"https:\/\/www.billigtrikotde.com\/?post_type=product&#038;p=20652"},"modified":"2025-03-01T09:21:27","modified_gmt":"2025-03-01T08:21:27","slug":"kinder-fussball-trikot-fc-barcelona-auswaerts-trikotsatz-2024-25-fermin-lopez-16","status":"publish","type":"product","link":"https:\/\/www.billigtrikotde.com\/cs\/kinder-fussball-trikot-fc-barcelona-auswaerts-trikotsatz-2024-25-fermin-lopez-16\/","title":{"rendered":"D\u011btsk\u00e9 fotbalov\u00e9 tri\u010dko FC Barcelona Away Kit 2024-25 Fermin Lopez 16"},"content":{"rendered":"<p>V\u00fdjezdn\u00ed dres FC Barcelona 2024\/25 m\u00e1 ikonick\u00e9 pruhy Barca na elegantn\u00edm \u010dern\u00e9m pozad\u00ed, kter\u00e9 vytv\u00e1\u0159\u00ed poutav\u00fd vizu\u00e1ln\u00ed kontrast. V\u00fdrazn\u00fdm prvkem je klubov\u00fd odznak, odznak z TPU s reflexn\u00edm povrchem a modr\u00fdm a bord\u00f3 lemem. Tato venkovn\u00ed souprava 2024\/25 vych\u00e1z\u00ed u p\u0159\u00edle\u017eitosti 125. v\u00fdro\u010d\u00ed zalo\u017een\u00ed Barcelony, co\u017e j\u00ed dod\u00e1v\u00e1 zvl\u00e1\u0161tn\u00ed v\u00fdznam. Rozhodnut\u00ed klubu vr\u00e1tit se k tomuto barevn\u00e9mu sch\u00e9matu nazna\u010duje kombinaci nostalgie a inovace, kter\u00e1 oslov\u00ed jak dlouholet\u00e9, tak nov\u00e9 fanou\u0161ky.<\/p>\n<p>Tipy pro tisk: Pokud jsou jm\u00e9no a \u010d\u00edslo na obr\u00e1zku p\u0159esn\u011b takov\u00e9, jak\u00e9 chcete, nemus\u00edte je zad\u00e1vat znovu. Pokud tomu tak nen\u00ed, m\u011bli byste zadat po\u017eadovan\u00e9 jm\u00e9no a \u010d\u00edslo.<\/p>\n<p>Tipy pro pran\u00ed: Doporu\u010dujeme pr\u00e1t fotbalov\u00e1 tri\u010dka v ruce. Pokud chcete pou\u017e\u00edt pra\u010dku, nezapome\u0148te fotbalov\u00e1 tri\u010dka obr\u00e1tit naruby a pot\u00e9 je vyprat. Pra\u010dku napl\u0148te studenou vodou a pou\u017eijte jemn\u00fd cyklus, abyste l\u00e9pe ochr\u00e1nili barvy.<\/p>","protected":false},"excerpt":{"rendered":"<p>Das Ausw\u00e4rtstrikot 2024\/25 des FC Barcelona zeigt die ikonischen Barca-Streifen auf einem eleganten schwarzen Hintergrund f\u00fcr einen auff\u00e4lligen optischen Kontrast. Ein Highlight ist das Vereinsabzeichen, ein TPU-Abzeichen mit reflektierender Oberfl\u00e4che und einer blauen und kastanienbraunen Umrandung. Dieses Ausw\u00e4rtstrikot 2024\/25 erscheint genau zu Barcelonas 125-j\u00e4hrigem Jubil\u00e4um, was der Ver\u00f6ffentlichung eine besondere Bedeutung verleiht. Die Entscheidung des [&hellip;]<\/p>","protected":false},"featured_media":20654,"comment_status":"open","ping_status":"closed","template":"","meta":[],"product_brand":[],"product_cat":[146],"product_tag":[20,33,1385,1261,22,24],"class_list":{"0":"post-20652","1":"product","2":"type-product","3":"status-publish","4":"has-post-thumbnail","6":"product_cat-barcelona-kindertrikot","7":"product_tag-coole-fussballtrikots","8":"product_tag-fc-barcelona-trikots","9":"product_tag-fermin-lopez-trikots","10":"product_tag-fussballtrikot-fuer-kinder","11":"product_tag-fussballtrikot-guenstig-kaufen","12":"product_tag-guenstiges-fussballtrikot","14":"first","15":"instock","16":"shipping-taxable","17":"purchasable","18":"product-type-variable"},"_links":{"self":[{"href":"https:\/\/www.billigtrikotde.com\/cs\/wp-json\/wp\/v2\/product\/20652","targetHints":{"allow":["GET"]}}],"collection":[{"href":"https:\/\/www.billigtrikotde.com\/cs\/wp-json\/wp\/v2\/product"}],"about":[{"href":"https:\/\/www.billigtrikotde.com\/cs\/wp-json\/wp\/v2\/types\/product"}],"replies":[{"embeddable":true,"href":"https:\/\/www.billigtrikotde.com\/cs\/wp-json\/wp\/v2\/comments?post=20652"}],"wp:featuredmedia":[{"embeddable":true,"href":"https:\/\/www.billigtrikotde.com\/cs\/wp-json\/wp\/v2\/media\/20654"}],"wp:attachment":[{"href":"https:\/\/www.billigtrikotde.com\/cs\/wp-json\/wp\/v2\/media?parent=20652"}],"wp:term":[{"taxonomy":"product_brand","embeddable":true,"href":"https:\/\/www.billigtrikotde.com\/cs\/wp-json\/wp\/v2\/product_brand?post=20652"},{"taxonomy":"product_cat","embeddable":true,"href":"https:\/\/www.billigtrikotde.com\/cs\/wp-json\/wp\/v2\/product_cat?post=20652"},{"taxonomy":"product_tag","embeddable":true,"href":"https:\/\/www.billigtrikotde.com\/cs\/wp-json\/wp\/v2\/product_tag?post=20652"}],"curies":[{"name":"wp","href":"https:\/\/api.w.org\/{rel}","templated":true}]}}