{"id":20639,"date":"2025-01-20T15:24:36","date_gmt":"2025-01-20T14:24:36","guid":{"rendered":"https:\/\/www.billigtrikotde.com\/?post_type=product&#038;p=20639"},"modified":"2025-03-01T09:16:22","modified_gmt":"2025-03-01T08:16:22","slug":"fussballtrikot-kinder-fc-barcelona-heimtrikot-2024-25-mit-namen-pedri-gonzalez-8","status":"publish","type":"product","link":"https:\/\/www.billigtrikotde.com\/cs\/fussballtrikot-kinder-fc-barcelona-heimtrikot-2024-25-mit-namen-pedri-gonzalez-8\/","title":{"rendered":"D\u011btsk\u00e9 fotbalov\u00e9 tri\u010dko FC Barcelona Home Shirt 2024-25 se jm\u00e9nem Pedri Gonzalez 8"},"content":{"rendered":"<p>Cenov\u011b dostupn\u00fd dres FC Barcelona 2024-25 m\u00e1 slibnou barevnou kombinaci a design. Dres Barcelona 2024-25 kombinuje kr\u00e1lovskou modrou, tmav\u011b modrou a \u010dervenou barvu se zlat\u00fdmi logy. Co se t\u00fd\u010de designu, dres Barcelona 24-25 m\u00e1 vzhled p\u016fl na p\u016fl v modr\u00e9 a bord\u00f3 barv\u011b. Loga swoosh a Spotify jsou zlat\u00e1, zat\u00edmco znak je ve standardn\u00edch barv\u00e1ch. L\u00edmec a man\u017eety jsou tmav\u011b modr\u00e9. Barevn\u00e1 kombinace a design p\u0159ipom\u00ednaj\u00ed dres ke 100. v\u00fdro\u010d\u00ed Barcelony.<\/p>\n<p>Tipy pro tisk: Pokud jsou jm\u00e9no a \u010d\u00edslo na obr\u00e1zku p\u0159esn\u011b takov\u00e9, jak\u00e9 chcete, nemus\u00edte je zad\u00e1vat znovu. Pokud tomu tak nen\u00ed, m\u011bli byste zadat po\u017eadovan\u00e9 jm\u00e9no a \u010d\u00edslo.<\/p>\n<p>Tipy pro pran\u00ed: Doporu\u010dujeme pr\u00e1t fotbalov\u00e1 tri\u010dka v ruce. Pokud chcete pou\u017e\u00edt pra\u010dku, nezapome\u0148te fotbalov\u00e1 tri\u010dka obr\u00e1tit naruby a pot\u00e9 je vyprat. Pra\u010dku napl\u0148te studenou vodou a pou\u017eijte jemn\u00fd cyklus, abyste l\u00e9pe ochr\u00e1nili barvy.<\/p>","protected":false},"excerpt":{"rendered":"<p>Das g\u00fcnstige FC Barcelona 2024-25 Trikot hat eine vielversprechende Farbkombination und Design. Das Barcelona 2024-25 Trikot kombiniert K\u00f6nigsblau, Marineblau und Rot mit goldenen Logos. Was das Design angeht, so hat das Barcelona 24-25 Trikot einen Halb-und-Halb-Look in Blau und Kastanienbraun. Der Swoosh und die Spotify-Logos sind goldfarben, w\u00e4hrend das Wappen in den Standardfarben gehalten ist. [&hellip;]<\/p>","protected":false},"featured_media":20641,"comment_status":"open","ping_status":"closed","template":"","meta":[],"product_brand":[],"product_cat":[146],"product_tag":[20,33,1261,22,24,1227],"class_list":{"0":"post-20639","1":"product","2":"type-product","3":"status-publish","4":"has-post-thumbnail","6":"product_cat-barcelona-kindertrikot","7":"product_tag-coole-fussballtrikots","8":"product_tag-fc-barcelona-trikots","9":"product_tag-fussballtrikot-fuer-kinder","10":"product_tag-fussballtrikot-guenstig-kaufen","11":"product_tag-guenstiges-fussballtrikot","12":"product_tag-pedri-gonzalez-trikots","14":"first","15":"instock","16":"shipping-taxable","17":"purchasable","18":"product-type-variable"},"_links":{"self":[{"href":"https:\/\/www.billigtrikotde.com\/cs\/wp-json\/wp\/v2\/product\/20639","targetHints":{"allow":["GET"]}}],"collection":[{"href":"https:\/\/www.billigtrikotde.com\/cs\/wp-json\/wp\/v2\/product"}],"about":[{"href":"https:\/\/www.billigtrikotde.com\/cs\/wp-json\/wp\/v2\/types\/product"}],"replies":[{"embeddable":true,"href":"https:\/\/www.billigtrikotde.com\/cs\/wp-json\/wp\/v2\/comments?post=20639"}],"wp:featuredmedia":[{"embeddable":true,"href":"https:\/\/www.billigtrikotde.com\/cs\/wp-json\/wp\/v2\/media\/20641"}],"wp:attachment":[{"href":"https:\/\/www.billigtrikotde.com\/cs\/wp-json\/wp\/v2\/media?parent=20639"}],"wp:term":[{"taxonomy":"product_brand","embeddable":true,"href":"https:\/\/www.billigtrikotde.com\/cs\/wp-json\/wp\/v2\/product_brand?post=20639"},{"taxonomy":"product_cat","embeddable":true,"href":"https:\/\/www.billigtrikotde.com\/cs\/wp-json\/wp\/v2\/product_cat?post=20639"},{"taxonomy":"product_tag","embeddable":true,"href":"https:\/\/www.billigtrikotde.com\/cs\/wp-json\/wp\/v2\/product_tag?post=20639"}],"curies":[{"name":"wp","href":"https:\/\/api.w.org\/{rel}","templated":true}]}}