{"id":20541,"date":"2025-01-07T09:34:10","date_gmt":"2025-01-07T08:34:10","guid":{"rendered":"https:\/\/www.billigtrikotde.com\/?post_type=product&#038;p=20541"},"modified":"2025-02-01T15:58:01","modified_gmt":"2025-02-01T14:58:01","slug":"kinder-fussballtrikots-real-madrid-heim-trikotsatz-2024-25-weiss-jude-bellingham-5","status":"publish","type":"product","link":"https:\/\/www.billigtrikotde.com\/cs\/kinder-fussballtrikots-real-madrid-heim-trikotsatz-2024-25-weiss-jude-bellingham-5\/","title":{"rendered":"D\u011btsk\u00e9 fotbalov\u00e9 dresy Real Madrid Home Kit 2024-25 White Jude Bellingham 5"},"content":{"rendered":"<p>Dres Real Madrid Club de F\u00fatbol 2024-25 m\u00e1 tradi\u010dn\u00ed b\u00edlou barvu t\u00fdmu v kombinaci s \u010dern\u00fdmi t\u0159emi pruhy. Dres Real Madrid 2024-2025 vyvol\u00e1v\u00e1 d\u00edky klasick\u00e9 barevn\u00e9 kombinaci a jednoduch\u00e9mu designu vzpom\u00ednky na dresy z po\u010d\u00e1tku roku 2000 a cel\u00fd dres je opat\u0159en psan\u00ed\u010dkov\u00fdm vzorem, kter\u00fd navozuje m\u00f3dn\u00ed atmosf\u00e9ru. Dres je vybaven propracovan\u00fdmi \u010dern\u00fdmi detaily a celobarevn\u00fd odznak okam\u017eit\u011b upout\u00e1 pozornost p\u0159i vstupu na h\u0159i\u0161t\u011b.<\/p>\n<p>Tipy pro tisk: Pokud jsou jm\u00e9no a \u010d\u00edslo na obr\u00e1zku p\u0159esn\u011b takov\u00e9, jak\u00e9 chcete, nemus\u00edte je zad\u00e1vat znovu. Pokud tomu tak nen\u00ed, m\u011bli byste zadat po\u017eadovan\u00e9 jm\u00e9no a \u010d\u00edslo.<\/p>\n<p>Tipy pro pran\u00ed: Doporu\u010dujeme pr\u00e1t fotbalov\u00e1 tri\u010dka v ruce. Pokud chcete pou\u017e\u00edt pra\u010dku, nezapome\u0148te fotbalov\u00e1 tri\u010dka obr\u00e1tit naruby a pot\u00e9 je vyprat. Pra\u010dku napl\u0148te studenou vodou a pou\u017eijte jemn\u00fd cyklus, abyste l\u00e9pe ochr\u00e1nili barvy.<\/p>","protected":false},"excerpt":{"rendered":"<p>Das Real Madrid Club de F\u00fatbol 2024-25 Trikot hat die traditionelle wei\u00dfe Farbe der Mannschaft kombiniert mit Schwarz f\u00fcr die Drei Streifen. Das Real Madrid 2024-2025 Trikot weckt dank der klassischen Farbkombination und des schlichten Designs Erinnerungen an die Trikots der fr\u00fchen 2000er Jahre.Das gesamte Trikot weist ein Hahnentrittmuster auf, das eine modische Atmosph\u00e4re vermittelt. [&hellip;]<\/p>","protected":false},"featured_media":20543,"comment_status":"open","ping_status":"closed","template":"","meta":[],"product_brand":[],"product_cat":[165],"product_tag":[20,574,24,1255,94,879,880,47,166],"class_list":{"0":"post-20541","1":"product","2":"type-product","3":"status-publish","4":"has-post-thumbnail","6":"product_cat-real-madrid-kindertrikot","7":"product_tag-coole-fussballtrikots","8":"product_tag-fussballtrikot-deutschland","9":"product_tag-guenstiges-fussballtrikot","10":"product_tag-jude-bellingham-trikots","11":"product_tag-kinder-fussball-trikotsatz","12":"product_tag-real-madrid-fussballtrikots-kinder","13":"product_tag-real-madrid-trikot-fuer-kinder","14":"product_tag-real-madrid-trikots","15":"product_tag-real-madrid-trikotsatz-fuer-kinder","17":"first","18":"instock","19":"shipping-taxable","20":"purchasable","21":"product-type-variable"},"_links":{"self":[{"href":"https:\/\/www.billigtrikotde.com\/cs\/wp-json\/wp\/v2\/product\/20541","targetHints":{"allow":["GET"]}}],"collection":[{"href":"https:\/\/www.billigtrikotde.com\/cs\/wp-json\/wp\/v2\/product"}],"about":[{"href":"https:\/\/www.billigtrikotde.com\/cs\/wp-json\/wp\/v2\/types\/product"}],"replies":[{"embeddable":true,"href":"https:\/\/www.billigtrikotde.com\/cs\/wp-json\/wp\/v2\/comments?post=20541"}],"wp:featuredmedia":[{"embeddable":true,"href":"https:\/\/www.billigtrikotde.com\/cs\/wp-json\/wp\/v2\/media\/20543"}],"wp:attachment":[{"href":"https:\/\/www.billigtrikotde.com\/cs\/wp-json\/wp\/v2\/media?parent=20541"}],"wp:term":[{"taxonomy":"product_brand","embeddable":true,"href":"https:\/\/www.billigtrikotde.com\/cs\/wp-json\/wp\/v2\/product_brand?post=20541"},{"taxonomy":"product_cat","embeddable":true,"href":"https:\/\/www.billigtrikotde.com\/cs\/wp-json\/wp\/v2\/product_cat?post=20541"},{"taxonomy":"product_tag","embeddable":true,"href":"https:\/\/www.billigtrikotde.com\/cs\/wp-json\/wp\/v2\/product_tag?post=20541"}],"curies":[{"name":"wp","href":"https:\/\/api.w.org\/{rel}","templated":true}]}}