{"id":20530,"date":"2025-01-07T08:54:57","date_gmt":"2025-01-07T07:54:57","guid":{"rendered":"https:\/\/www.billigtrikotde.com\/?post_type=product&#038;p=20530"},"modified":"2025-02-01T15:57:10","modified_gmt":"2025-02-01T14:57:10","slug":"kinder-rb-leipzig-ausweich-trikotsatz-2024-25-gruen-fussballtrikots-online-kaufen","status":"publish","type":"product","link":"https:\/\/www.billigtrikotde.com\/cs\/kinder-rb-leipzig-ausweich-trikotsatz-2024-25-gruen-fussballtrikots-online-kaufen\/","title":{"rendered":"D\u011btsk\u00e9 fotbalov\u00e9 tri\u010dko RB Leipzig 2024-25 Green Koupit online"},"content":{"rendered":"<p>Dres t\u0159et\u00ed fotbalov\u00e9 sady RB Leipzig 2024-25 je p\u0159ev\u00e1\u017en\u011b tmav\u011b modr\u00fd s futuristick\u00fdmi grafikami, kter\u00e9 oslavuj\u00ed pokrok a novou generaci klubu. Hlubok\u00fd v\u00fdst\u0159ih do V a man\u017eety jsou v m\u00e1tov\u00e9 barv\u011b, zat\u00edmco klubov\u00fd znak a RB Leipzig jsou v b\u00edl\u00e9 barv\u011b.<\/p>\n<p>Tipy pro tisk: Pokud jsou jm\u00e9no a \u010d\u00edslo na obr\u00e1zku p\u0159esn\u011b takov\u00e9, jak\u00e9 chcete, nemus\u00edte je zad\u00e1vat znovu. Pokud tomu tak nen\u00ed, m\u011bli byste zadat po\u017eadovan\u00e9 jm\u00e9no a \u010d\u00edslo.<\/p>\n<p>Tipy pro pran\u00ed: Doporu\u010dujeme pr\u00e1t fotbalov\u00e1 tri\u010dka v ruce. Pokud chcete pou\u017e\u00edt pra\u010dku, nezapome\u0148te fotbalov\u00e1 tri\u010dka obr\u00e1tit naruby a pot\u00e9 je vyprat. Pra\u010dku napl\u0148te studenou vodou a pou\u017eijte jemn\u00fd cyklus, abyste l\u00e9pe ochr\u00e1nili barvy.<\/p>","protected":false},"excerpt":{"rendered":"<p>Rasen Ballsport RB Leipzig 2024-25 t\u0159et\u00ed fotbalov\u00e9 dres je p\u0159ev\u00e1\u017en\u011b tmav\u011b modr\u00fd s futuristick\u00fdmi grafikami, kter\u00e9 slav\u00ed pokrok vp\u0159ed a generaci klubu. Hlubok\u00fd v\u00fdst\u0159ih do V a man\u017eety jsou v m\u00e1tov\u00e9 zelen\u00e9 barv\u011b, zat\u00edmco znak klubu a RB Leipzig jsou b\u00edl\u00e9. Tipy k tisku: Pokud je jm\u00e9no a \u010d\u00edslo na sn\u00edmku [\u2026]<\/p>","protected":false},"featured_media":20532,"comment_status":"open","ping_status":"closed","template":"","meta":[],"product_brand":[],"product_cat":[1330],"product_tag":[20,574,24,94,1331,1332,1333,187,1334],"class_list":{"0":"post-20530","1":"product","2":"type-product","3":"status-publish","4":"has-post-thumbnail","6":"product_cat-rb-leipzig-kindertrikot","7":"product_tag-coole-fussballtrikots","8":"product_tag-fussballtrikot-deutschland","9":"product_tag-guenstiges-fussballtrikot","10":"product_tag-kinder-fussball-trikotsatz","11":"product_tag-rb-leipzig-fussballtrikots-kinder","12":"product_tag-rb-leipzig-kinder-trikot-set","13":"product_tag-rb-leipzig-trikot-fuer-kinder","14":"product_tag-rb-leipzig-trikots","15":"product_tag-rb-leipzig-trikotsatz-fuer-kinder","17":"first","18":"instock","19":"shipping-taxable","20":"purchasable","21":"product-type-variable"},"_links":{"self":[{"href":"https:\/\/www.billigtrikotde.com\/cs\/wp-json\/wp\/v2\/product\/20530","targetHints":{"allow":["GET"]}}],"collection":[{"href":"https:\/\/www.billigtrikotde.com\/cs\/wp-json\/wp\/v2\/product"}],"about":[{"href":"https:\/\/www.billigtrikotde.com\/cs\/wp-json\/wp\/v2\/types\/product"}],"replies":[{"embeddable":true,"href":"https:\/\/www.billigtrikotde.com\/cs\/wp-json\/wp\/v2\/comments?post=20530"}],"wp:featuredmedia":[{"embeddable":true,"href":"https:\/\/www.billigtrikotde.com\/cs\/wp-json\/wp\/v2\/media\/20532"}],"wp:attachment":[{"href":"https:\/\/www.billigtrikotde.com\/cs\/wp-json\/wp\/v2\/media?parent=20530"}],"wp:term":[{"taxonomy":"product_brand","embeddable":true,"href":"https:\/\/www.billigtrikotde.com\/cs\/wp-json\/wp\/v2\/product_brand?post=20530"},{"taxonomy":"product_cat","embeddable":true,"href":"https:\/\/www.billigtrikotde.com\/cs\/wp-json\/wp\/v2\/product_cat?post=20530"},{"taxonomy":"product_tag","embeddable":true,"href":"https:\/\/www.billigtrikotde.com\/cs\/wp-json\/wp\/v2\/product_tag?post=20530"}],"curies":[{"name":"wp","href":"https:\/\/api.w.org\/{rel}","templated":true}]}}