{"id":20406,"date":"2024-12-19T09:07:12","date_gmt":"2024-12-19T08:07:12","guid":{"rendered":"https:\/\/www.gunstigfussballtrikot.de\/?post_type=product&#038;p=20406"},"modified":"2024-12-19T09:07:12","modified_gmt":"2024-12-19T08:07:12","slug":"rb-leipzig-heim-trikotsatz-2024-25-weiss-fussballtrikots-fuer-kinder-lutsharel-geertruida-3","status":"publish","type":"product","link":"https:\/\/www.billigtrikotde.com\/cs\/rb-leipzig-heim-trikotsatz-2024-25-weiss-fussballtrikots-fuer-kinder-lutsharel-geertruida-3\/","title":{"rendered":"RB Leipzig dom\u00e1c\u00ed souprava 2024-25 b\u00edl\u00e1 fotbalov\u00e9 dresy pro d\u011bti Lutsharel Geertruida 3"},"content":{"rendered":"<p>Dres RB Lipsko 2024-2025 m\u00e1 modern\u00ed design v klubov\u00fdch barv\u00e1ch b\u00edl\u00e9 a \u010derven\u00e9. To, \u010d\u00edm dres RB Leipzig 2024-2025 vynik\u00e1, je design na p\u0159edn\u00ed stran\u011b. 44. Dres RB Leipzig 24-25 m\u00e1 jedine\u010dn\u00fd \u010derven\u00fd grafick\u00fd design. Vzor je inspirov\u00e1n univerzitou v Lipsku. L\u00edmec i man\u017eety dom\u00e1c\u00edho dresu Rasenballsports Lipsko 24-25 jsou \u010derven\u00e9.<\/p>\n<p>Tipy pro tisk: Pokud jsou jm\u00e9no a \u010d\u00edslo na obr\u00e1zku p\u0159esn\u011b takov\u00e9, jak\u00e9 chcete, nemus\u00edte je zad\u00e1vat znovu. Pokud tomu tak nen\u00ed, m\u011bli byste zadat po\u017eadovan\u00e9 jm\u00e9no a \u010d\u00edslo.<\/p>\n<p>Tipy pro pran\u00ed: Doporu\u010dujeme pr\u00e1t fotbalov\u00e1 tri\u010dka v ruce. Pokud chcete pou\u017e\u00edt pra\u010dku, nezapome\u0148te fotbalov\u00e1 tri\u010dka obr\u00e1tit naruby a pot\u00e9 je vyprat. Pra\u010dku napl\u0148te studenou vodou a pou\u017eijte jemn\u00fd cyklus, abyste l\u00e9pe ochr\u00e1nili barvy.<\/p>","protected":false},"excerpt":{"rendered":"<p>Dres RB Lipsko 2024-2025 m\u00e1 modern\u00ed design v klubov\u00fdch barv\u00e1ch b\u00edl\u00e9 a \u010derven\u00e9. To, \u010d\u00edm dres RB Leipzig 2024-2025 vynik\u00e1, je design na p\u0159edn\u00ed stran\u011b. 44. Dres RB Leipzig 24-25 m\u00e1 jedine\u010dn\u00fd \u010derven\u00fd grafick\u00fd design. Vzor je inspirov\u00e1n univerzitou v Lipsku. L\u00edmec i man\u017eety dom\u00e1c\u00edho dresu Rasenballsports Lipsko 24-25 jsou \u010derven\u00e9.<\/p>","protected":false},"featured_media":20408,"comment_status":"open","ping_status":"closed","template":"","meta":[],"product_brand":[],"product_cat":[1330],"product_tag":[20,574,24,94,1375,1331,1332,1333,187,1334],"class_list":{"0":"post-20406","1":"product","2":"type-product","3":"status-publish","4":"has-post-thumbnail","6":"product_cat-rb-leipzig-kindertrikot","7":"product_tag-coole-fussballtrikots","8":"product_tag-fussballtrikot-deutschland","9":"product_tag-guenstiges-fussballtrikot","10":"product_tag-kinder-fussball-trikotsatz","11":"product_tag-lutsharel-geertruida-trikots","12":"product_tag-rb-leipzig-fussballtrikots-kinder","13":"product_tag-rb-leipzig-kinder-trikot-set","14":"product_tag-rb-leipzig-trikot-fuer-kinder","15":"product_tag-rb-leipzig-trikots","16":"product_tag-rb-leipzig-trikotsatz-fuer-kinder","18":"first","19":"instock","20":"shipping-taxable","21":"purchasable","22":"product-type-variable"},"_links":{"self":[{"href":"https:\/\/www.billigtrikotde.com\/cs\/wp-json\/wp\/v2\/product\/20406","targetHints":{"allow":["GET"]}}],"collection":[{"href":"https:\/\/www.billigtrikotde.com\/cs\/wp-json\/wp\/v2\/product"}],"about":[{"href":"https:\/\/www.billigtrikotde.com\/cs\/wp-json\/wp\/v2\/types\/product"}],"replies":[{"embeddable":true,"href":"https:\/\/www.billigtrikotde.com\/cs\/wp-json\/wp\/v2\/comments?post=20406"}],"wp:featuredmedia":[{"embeddable":true,"href":"https:\/\/www.billigtrikotde.com\/cs\/wp-json\/wp\/v2\/media\/20408"}],"wp:attachment":[{"href":"https:\/\/www.billigtrikotde.com\/cs\/wp-json\/wp\/v2\/media?parent=20406"}],"wp:term":[{"taxonomy":"product_brand","embeddable":true,"href":"https:\/\/www.billigtrikotde.com\/cs\/wp-json\/wp\/v2\/product_brand?post=20406"},{"taxonomy":"product_cat","embeddable":true,"href":"https:\/\/www.billigtrikotde.com\/cs\/wp-json\/wp\/v2\/product_cat?post=20406"},{"taxonomy":"product_tag","embeddable":true,"href":"https:\/\/www.billigtrikotde.com\/cs\/wp-json\/wp\/v2\/product_tag?post=20406"}],"curies":[{"name":"wp","href":"https:\/\/api.w.org\/{rel}","templated":true}]}}