{"id":2040,"date":"2024-10-23T13:57:08","date_gmt":"2024-10-23T11:57:08","guid":{"rendered":"http:\/\/billigtrikots.com\/?post_type=product&#038;p=2040"},"modified":"2024-10-23T13:59:13","modified_gmt":"2024-10-23T11:59:13","slug":"chelsea-fc-heimtrikot-2022-mit-aufdruck-drogba-11-blau-langarm-kurze-hosen","status":"publish","type":"product","link":"https:\/\/www.billigtrikotde.com\/cs\/chelsea-fc-heimtrikot-2022-mit-aufdruck-drogba-11-blau-langarm-kurze-hosen\/","title":{"rendered":"Chelsea FC dom\u00e1c\u00ed tri\u010dko 2022 s potiskem Drogba 11 modr\u00e9 s dlouh\u00fdm ruk\u00e1vem + \u0161ortky"},"content":{"rendered":"<p>Stejn\u011b jako jin\u00e9 dresy z na\u0161\u00ed stadionov\u00e9 kolekce kombinuje dlouh\u00fd ruk\u00e1v Replik designov\u00e9 detaily s materi\u00e1lem odv\u00e1d\u011bj\u00edc\u00edm pot, aby v\u00e1m poskytl hern\u00ed vzhled inspirovan\u00fd va\u0161\u00edm obl\u00edben\u00fdm t\u00fdmem. Tento produkt je vyroben z recyklovan\u00fdch vl\u00e1ken polyesteru 100%.<\/p>\n<p>Tipy pro tisk: Pokud jsou jm\u00e9no a \u010d\u00edslo na obr\u00e1zku p\u0159esn\u011b takov\u00e9, jak\u00e9 chcete, nemus\u00edte je zad\u00e1vat znovu. Pokud tomu tak nen\u00ed, m\u011bli byste zadat po\u017eadovan\u00e9 jm\u00e9no a \u010d\u00edslo.<\/p>\n<p>Tipy pro pran\u00ed: Doporu\u010dujeme pr\u00e1t fotbalov\u00e1 tri\u010dka v ruce. Pokud chcete pou\u017e\u00edt pra\u010dku, nezapome\u0148te fotbalov\u00e1 tri\u010dka obr\u00e1tit naruby a pot\u00e9 je vyprat. Pra\u010dku napl\u0148te studenou vodou a pou\u017eijte jemn\u00fd cyklus, abyste l\u00e9pe ochr\u00e1nili barvy.<\/p>","protected":false},"excerpt":{"rendered":"<p>Wie andere Trikots aus unserer Stadium-Kollektion kombiniert das Chelsea FC Langarm Replik-Designdetails mit schwei\u00dfableitendem Stoff, um Ihnen einen spielfertigen Look zu verleihen, der von Ihrem Lieblingsteam inspiriert wurde. Dieses Produkt besteht aus 100% recycelten Polyesterfasern. Tipps zum Drucken: Wenn der Name und die Nummer auf dem Bild genau Ihren W\u00fcnschen entsprechen, m\u00fcssen Sie sie nicht [&hellip;]<\/p>","protected":false},"featured_media":2071,"comment_status":"open","ping_status":"closed","template":"","meta":[],"product_brand":[],"product_cat":[72],"product_tag":[20,73,38,21,22,24],"class_list":{"0":"post-2040","1":"product","2":"type-product","3":"status-publish","4":"has-post-thumbnail","6":"product_cat-chelsea","7":"product_tag-coole-fussballtrikots","8":"product_tag-chelsea-trikots","9":"product_tag-fussball-trikot-langarm","10":"product_tag-fussballtrikot-fuer-herren","11":"product_tag-fussballtrikot-guenstig-kaufen","12":"product_tag-guenstiges-fussballtrikot","14":"first","15":"instock","16":"shipping-taxable","17":"purchasable","18":"product-type-variable"},"_links":{"self":[{"href":"https:\/\/www.billigtrikotde.com\/cs\/wp-json\/wp\/v2\/product\/2040","targetHints":{"allow":["GET"]}}],"collection":[{"href":"https:\/\/www.billigtrikotde.com\/cs\/wp-json\/wp\/v2\/product"}],"about":[{"href":"https:\/\/www.billigtrikotde.com\/cs\/wp-json\/wp\/v2\/types\/product"}],"replies":[{"embeddable":true,"href":"https:\/\/www.billigtrikotde.com\/cs\/wp-json\/wp\/v2\/comments?post=2040"}],"wp:featuredmedia":[{"embeddable":true,"href":"https:\/\/www.billigtrikotde.com\/cs\/wp-json\/wp\/v2\/media\/2071"}],"wp:attachment":[{"href":"https:\/\/www.billigtrikotde.com\/cs\/wp-json\/wp\/v2\/media?parent=2040"}],"wp:term":[{"taxonomy":"product_brand","embeddable":true,"href":"https:\/\/www.billigtrikotde.com\/cs\/wp-json\/wp\/v2\/product_brand?post=2040"},{"taxonomy":"product_cat","embeddable":true,"href":"https:\/\/www.billigtrikotde.com\/cs\/wp-json\/wp\/v2\/product_cat?post=2040"},{"taxonomy":"product_tag","embeddable":true,"href":"https:\/\/www.billigtrikotde.com\/cs\/wp-json\/wp\/v2\/product_tag?post=2040"}],"curies":[{"name":"wp","href":"https:\/\/api.w.org\/{rel}","templated":true}]}}