{"id":2014,"date":"2024-10-23T13:56:00","date_gmt":"2024-10-23T11:56:00","guid":{"rendered":"http:\/\/billigtrikots.com\/?post_type=product&#038;p=2014"},"modified":"2024-10-23T13:58:06","modified_gmt":"2024-10-23T11:58:06","slug":"personalisierbar-trikotsatz-chelsea-fc-2022-auswaertstrikot-gelb-schwarz-mendy-16","status":"publish","type":"product","link":"https:\/\/www.billigtrikotde.com\/cs\/personalisierbar-trikotsatz-chelsea-fc-2022-auswaertstrikot-gelb-schwarz-mendy-16\/","title":{"rendered":"P\u0159izp\u016fsobiteln\u00e1 souprava Chelsea FC 2022 \u017elut\u00e1\/\u010dern\u00e1 Mendy 16"},"content":{"rendered":"<p>Reprezentuj sv\u016fj t\u00fdm v hostuj\u00edc\u00edm dresu Chelsea FC Stadium. Velmi prody\u0161n\u00fd materi\u00e1l odv\u00e1d\u00ed pot od poko\u017eky a zaji\u0161\u0165uje tak chladiv\u00fd komfort p\u0159i no\u0161en\u00ed \u2013 a\u0165 u\u017e na h\u0159i\u0161ti nebo na tribun\u011b.<\/p>\n<p>Technologie Nike Dri-FIT odv\u00e1d\u00ed pot od poko\u017eky, tak\u017ee se rychle odpa\u0159uje a udr\u017euje v\u00e1s v suchu a pohodl\u00ed.<\/p>\n<p>Materi\u00e1l Nike Breathe je mimo\u0159\u00e1dn\u011b prody\u0161n\u00fd a udr\u017euje t\u011b v chladu.<\/p>\n<p>Autentick\u00fd design je zalo\u017een na z\u00e1pasov\u00fdch dresech profesion\u00e1l\u016f.<\/p>\n<p>Tipy pro tisk: Pokud jsou jm\u00e9no a \u010d\u00edslo na obr\u00e1zku p\u0159esn\u011b takov\u00e9, jak\u00e9 chcete, nemus\u00edte je zad\u00e1vat znovu. Pokud tomu tak nen\u00ed, m\u011bli byste zadat po\u017eadovan\u00e9 jm\u00e9no a \u010d\u00edslo.<\/p>\n<p>Tipy pro pran\u00ed: Doporu\u010dujeme pr\u00e1t fotbalov\u00e1 tri\u010dka v ruce. Pokud chcete pou\u017e\u00edt pra\u010dku, nezapome\u0148te fotbalov\u00e1 tri\u010dka obr\u00e1tit naruby a pot\u00e9 je vyprat. Pra\u010dku napl\u0148te studenou vodou a pou\u017eijte jemn\u00fd cyklus, abyste l\u00e9pe ochr\u00e1nili barvy.<\/p>","protected":false},"excerpt":{"rendered":"<p>Repr\u00e4sentiere dein Team im Chelsea FC Stadium Away Trikot. Das \u00e4u\u00dferst atmungsaktive Material leitet den Schwei\u00df von der Haut ab und sorgt damit f\u00fcr k\u00fchlen Tragekomfort \u2013 egal, ob auf dem Spielfeld oder der Trib\u00fcne. Die Nike Dri-FIT-Technologie leitet Schwei\u00df von der Haut ab, wodurch er schnell verdunstet, und erm\u00f6glicht so trockenen Tragekomfort. Das Nike [&hellip;]<\/p>","protected":false},"featured_media":2044,"comment_status":"open","ping_status":"closed","template":"","meta":[],"product_brand":[],"product_cat":[72],"product_tag":[20,76,73,21,22,23,24],"class_list":{"0":"post-2014","1":"product","2":"type-product","3":"status-publish","4":"has-post-thumbnail","6":"product_cat-chelsea","7":"product_tag-coole-fussballtrikots","8":"product_tag-chelsea-auswaertstrikot","9":"product_tag-chelsea-trikots","10":"product_tag-fussballtrikot-fuer-herren","11":"product_tag-fussballtrikot-guenstig-kaufen","12":"product_tag-fussballtrikot-kurzarm","13":"product_tag-guenstiges-fussballtrikot","15":"first","16":"instock","17":"shipping-taxable","18":"purchasable","19":"product-type-variable"},"_links":{"self":[{"href":"https:\/\/www.billigtrikotde.com\/cs\/wp-json\/wp\/v2\/product\/2014","targetHints":{"allow":["GET"]}}],"collection":[{"href":"https:\/\/www.billigtrikotde.com\/cs\/wp-json\/wp\/v2\/product"}],"about":[{"href":"https:\/\/www.billigtrikotde.com\/cs\/wp-json\/wp\/v2\/types\/product"}],"replies":[{"embeddable":true,"href":"https:\/\/www.billigtrikotde.com\/cs\/wp-json\/wp\/v2\/comments?post=2014"}],"wp:featuredmedia":[{"embeddable":true,"href":"https:\/\/www.billigtrikotde.com\/cs\/wp-json\/wp\/v2\/media\/2044"}],"wp:attachment":[{"href":"https:\/\/www.billigtrikotde.com\/cs\/wp-json\/wp\/v2\/media?parent=2014"}],"wp:term":[{"taxonomy":"product_brand","embeddable":true,"href":"https:\/\/www.billigtrikotde.com\/cs\/wp-json\/wp\/v2\/product_brand?post=2014"},{"taxonomy":"product_cat","embeddable":true,"href":"https:\/\/www.billigtrikotde.com\/cs\/wp-json\/wp\/v2\/product_cat?post=2014"},{"taxonomy":"product_tag","embeddable":true,"href":"https:\/\/www.billigtrikotde.com\/cs\/wp-json\/wp\/v2\/product_tag?post=2014"}],"curies":[{"name":"wp","href":"https:\/\/api.w.org\/{rel}","templated":true}]}}