{"id":1977,"date":"2024-10-23T13:54:21","date_gmt":"2024-10-23T11:54:21","guid":{"rendered":"http:\/\/billigtrikots.com\/?post_type=product&#038;p=1977"},"modified":"2024-10-23T13:56:24","modified_gmt":"2024-10-23T11:56:24","slug":"chelsea-fc-2022-stadium-third-herren-fan-trikots-mit-aufdruck-havertz-29","status":"publish","type":"product","link":"https:\/\/www.billigtrikotde.com\/cs\/chelsea-fc-2022-stadium-third-herren-fan-trikots-mit-aufdruck-havertz-29\/","title":{"rendered":"Chelsea FC 2022 Stadium Third P\u00e1nsk\u00fd fanou\u0161kovsk\u00fd dres s potiskem Havertz 29"},"content":{"rendered":"<p>Stadionov\u00e9 n\u00e1hradn\u00ed dres Chelsea FC upout\u00e1 detaily t\u00fdmu a zaji\u0161\u0165uje s nejvy\u0161\u0161\u00edm prody\u0161n\u00fdm materi\u00e1lem chladn\u00fd a such\u00fd komfort p\u0159i no\u0161en\u00ed na h\u0159i\u0161ti nebo na tribun\u011b p\u0159i fand\u011bn\u00ed sv\u00e9mu t\u00fdmu.<br \/>\nPrody\u0161n\u00e1 technologie Nike Dri-FIT zaji\u0161\u0165uje chladn\u00fd, such\u00fd komfort p\u0159i no\u0161en\u00ed.<br \/>\nAutentick\u00fd design je zalo\u017een na z\u00e1pasov\u00fdch dresech profesion\u00e1l\u016f.<\/p>\n<p>Tipy pro tisk: Pokud jsou jm\u00e9no a \u010d\u00edslo na obr\u00e1zku p\u0159esn\u011b takov\u00e9, jak\u00e9 chcete, nemus\u00edte je zad\u00e1vat znovu. Pokud tomu tak nen\u00ed, m\u011bli byste zadat po\u017eadovan\u00e9 jm\u00e9no a \u010d\u00edslo.<\/p>\n<p>Tipy pro pran\u00ed: Doporu\u010dujeme pr\u00e1t fotbalov\u00e1 tri\u010dka v ruce. Pokud chcete pou\u017e\u00edt pra\u010dku, nezapome\u0148te fotbalov\u00e1 tri\u010dka obr\u00e1tit naruby a pot\u00e9 je vyprat. Pra\u010dku napl\u0148te studenou vodou a pou\u017eijte jemn\u00fd cyklus, abyste l\u00e9pe ochr\u00e1nili barvy.<\/p>","protected":false},"excerpt":{"rendered":"<p>Dres Chelsea FC Stadium Ausweichtrikot upout\u00e1 detaily t\u00fdmu a d\u00edky vysoce prody\u0161n\u00e9mu materi\u00e1lu zaji\u0161\u0165uje chladn\u00fd, such\u00fd komfort p\u0159i no\u0161en\u00ed na h\u0159i\u0161ti nebo na tribun\u011b p\u0159i fand\u011bn\u00ed va\u0161emu t\u00fdmu. Prody\u0161n\u00e1 technika Nike Dri-FIT zaji\u0161\u0165uje chladn\u00fd, such\u00fd komfort p\u0159i no\u0161en\u00ed. Autentick\u00fd design vych\u00e1z\u00ed z hern\u00edch dres\u016f profesion\u00e1l\u016f. Tipy k tisku: Pokud je jm\u00e9no a \u010d\u00edslo na [\u2026]<\/p>","protected":false},"featured_media":2007,"comment_status":"open","ping_status":"closed","template":"","meta":[],"product_brand":[],"product_cat":[72],"product_tag":[20,74,73,21,22,23,24],"class_list":{"0":"post-1977","1":"product","2":"type-product","3":"status-publish","4":"has-post-thumbnail","6":"product_cat-chelsea","7":"product_tag-coole-fussballtrikots","8":"product_tag-chelsea-ausweichtrikot","9":"product_tag-chelsea-trikots","10":"product_tag-fussballtrikot-fuer-herren","11":"product_tag-fussballtrikot-guenstig-kaufen","12":"product_tag-fussballtrikot-kurzarm","13":"product_tag-guenstiges-fussballtrikot","15":"first","16":"instock","17":"shipping-taxable","18":"purchasable","19":"product-type-variable"},"_links":{"self":[{"href":"https:\/\/www.billigtrikotde.com\/cs\/wp-json\/wp\/v2\/product\/1977","targetHints":{"allow":["GET"]}}],"collection":[{"href":"https:\/\/www.billigtrikotde.com\/cs\/wp-json\/wp\/v2\/product"}],"about":[{"href":"https:\/\/www.billigtrikotde.com\/cs\/wp-json\/wp\/v2\/types\/product"}],"replies":[{"embeddable":true,"href":"https:\/\/www.billigtrikotde.com\/cs\/wp-json\/wp\/v2\/comments?post=1977"}],"wp:featuredmedia":[{"embeddable":true,"href":"https:\/\/www.billigtrikotde.com\/cs\/wp-json\/wp\/v2\/media\/2007"}],"wp:attachment":[{"href":"https:\/\/www.billigtrikotde.com\/cs\/wp-json\/wp\/v2\/media?parent=1977"}],"wp:term":[{"taxonomy":"product_brand","embeddable":true,"href":"https:\/\/www.billigtrikotde.com\/cs\/wp-json\/wp\/v2\/product_brand?post=1977"},{"taxonomy":"product_cat","embeddable":true,"href":"https:\/\/www.billigtrikotde.com\/cs\/wp-json\/wp\/v2\/product_cat?post=1977"},{"taxonomy":"product_tag","embeddable":true,"href":"https:\/\/www.billigtrikotde.com\/cs\/wp-json\/wp\/v2\/product_tag?post=1977"}],"curies":[{"name":"wp","href":"https:\/\/api.w.org\/{rel}","templated":true}]}}