{"id":1973,"date":"2024-10-23T13:54:18","date_gmt":"2024-10-23T11:54:18","guid":{"rendered":"http:\/\/billigtrikots.com\/?post_type=product&#038;p=1973"},"modified":"2024-10-23T13:55:52","modified_gmt":"2024-10-23T11:55:52","slug":"fc-chelsea-stadium-2022-herren-edouard-mendy-16-fussball-trikot","status":"publish","type":"product","link":"https:\/\/www.billigtrikotde.com\/cs\/fc-chelsea-stadium-2022-herren-edouard-mendy-16-fussball-trikot\/","title":{"rendered":"Chelsea FC Stadium 2022 P\u00e1nsk\u00e9 fotbalov\u00e9 tri\u010dko Edouard Mendy 16#"},"content":{"rendered":"<p>Nov\u00e9 dom\u00e1c\u00ed dres Chelsea 2021\/22 je kone\u010dn\u011b k dispozici! Dom\u00e1c\u00ed dres Chelsea 2021\/22 rozhodn\u011b uspokoj\u00ed nejv\u011bt\u0161\u00ed fanou\u0161ky lond\u00fdnsk\u00e9ho klubu! Samoz\u0159ejm\u011b je modr\u00e1 barva st\u00e1le hlavn\u00ed pro Blues z Chelsea! Pro tuto sez\u00f3nu se v\u0161ak Nike rozhodl odv\u00e1\u017eit a p\u0159in\u00e1\u0161\u00ed nov\u00fd design, kter\u00fd z\u016fstane nepozorovan\u00fd jen st\u011b\u017e\u00ed.<\/p>\n<p>Od \u0161achovnice po zigzag \u2013 jednozna\u010dn\u011b je to s\u00e1zka, kterou Chelseaysk\u00fd fotbalov\u00fd klub uzav\u0159el pro tuto sez\u00f3nu 21\/22. V\u0161imn\u011bte si, \u017ee vzhled i na tomto dresu Chelsea Trikot Home 21\/22 m\u00e1 \u017elutou barvu, historickou barvu klubu. Zvl\u00e1\u0161\u0165 je t\u0159eba vyzdvihnout skute\u010dnost, \u017ee nov\u00fd Chelsea 21\/22 dres je vyroben z recyklovateln\u00fdch materi\u00e1l\u016f, mil\u00e1 geste Blues!<\/p>\n<p>Uka\u017ete sv\u00e9 pouto ke sv\u00e9mu srdcov\u00e9mu klubu a bez v\u00e1h\u00e1n\u00ed si po\u0159i\u010fte nov\u00fd dom\u00e1c\u00ed dres Chelsea 2021\/22!<\/p>\n<p>Tipy pro tisk: Pokud jsou jm\u00e9no a \u010d\u00edslo na obr\u00e1zku p\u0159esn\u011b takov\u00e9, jak\u00e9 chcete, nemus\u00edte je zad\u00e1vat znovu. Pokud tomu tak nen\u00ed, m\u011bli byste zadat po\u017eadovan\u00e9 jm\u00e9no a \u010d\u00edslo.<\/p>\n<p>Tipy pro pran\u00ed: Doporu\u010dujeme pr\u00e1t fotbalov\u00e1 tri\u010dka v ruce. Pokud chcete pou\u017e\u00edt pra\u010dku, nezapome\u0148te fotbalov\u00e1 tri\u010dka obr\u00e1tit naruby a pot\u00e9 je vyprat. Pra\u010dku napl\u0148te studenou vodou a pou\u017eijte jemn\u00fd cyklus, abyste l\u00e9pe ochr\u00e1nili barvy.<\/p>","protected":false},"excerpt":{"rendered":"<p>Nov\u00e9 dom\u00e1c\u00ed dres Chelsea 2021\/22 je kone\u010dn\u011b k dispozici! Dom\u00e1c\u00ed dres Chelsea 2021\/22 rozhodn\u011b uspokoj\u00ed nejv\u011bt\u0161\u00ed fanou\u0161ky lond\u00fdnsk\u00e9ho klubu! Samoz\u0159ejm\u011b je modr\u00e1 barva st\u00e1le hlavn\u00ed pro Blues z Chelsea! Pro tuto sez\u00f3nu se v\u0161ak Nike rozhodl odv\u00e1\u017eit a p\u0159in\u00e1\u0161\u00ed nov\u00fd design, kter\u00fd z\u016fstane nepozorovan\u00fd jen st\u011b\u017e\u00ed.<\/p>","protected":false},"featured_media":2005,"comment_status":"open","ping_status":"closed","template":"","meta":[],"product_brand":[],"product_cat":[72],"product_tag":[20,73,21,23,24],"class_list":{"0":"post-1973","1":"product","2":"type-product","3":"status-publish","4":"has-post-thumbnail","6":"product_cat-chelsea","7":"product_tag-coole-fussballtrikots","8":"product_tag-chelsea-trikots","9":"product_tag-fussballtrikot-fuer-herren","10":"product_tag-fussballtrikot-kurzarm","11":"product_tag-guenstiges-fussballtrikot","13":"first","14":"instock","15":"shipping-taxable","16":"purchasable","17":"product-type-variable"},"_links":{"self":[{"href":"https:\/\/www.billigtrikotde.com\/cs\/wp-json\/wp\/v2\/product\/1973","targetHints":{"allow":["GET"]}}],"collection":[{"href":"https:\/\/www.billigtrikotde.com\/cs\/wp-json\/wp\/v2\/product"}],"about":[{"href":"https:\/\/www.billigtrikotde.com\/cs\/wp-json\/wp\/v2\/types\/product"}],"replies":[{"embeddable":true,"href":"https:\/\/www.billigtrikotde.com\/cs\/wp-json\/wp\/v2\/comments?post=1973"}],"wp:featuredmedia":[{"embeddable":true,"href":"https:\/\/www.billigtrikotde.com\/cs\/wp-json\/wp\/v2\/media\/2005"}],"wp:attachment":[{"href":"https:\/\/www.billigtrikotde.com\/cs\/wp-json\/wp\/v2\/media?parent=1973"}],"wp:term":[{"taxonomy":"product_brand","embeddable":true,"href":"https:\/\/www.billigtrikotde.com\/cs\/wp-json\/wp\/v2\/product_brand?post=1973"},{"taxonomy":"product_cat","embeddable":true,"href":"https:\/\/www.billigtrikotde.com\/cs\/wp-json\/wp\/v2\/product_cat?post=1973"},{"taxonomy":"product_tag","embeddable":true,"href":"https:\/\/www.billigtrikotde.com\/cs\/wp-json\/wp\/v2\/product_tag?post=1973"}],"curies":[{"name":"wp","href":"https:\/\/api.w.org\/{rel}","templated":true}]}}