{"id":1967,"date":"2024-10-23T13:53:50","date_gmt":"2024-10-23T11:53:50","guid":{"rendered":"http:\/\/billigtrikots.com\/?post_type=product&#038;p=1967"},"modified":"2024-10-23T13:55:51","modified_gmt":"2024-10-23T11:55:51","slug":"herren-chelsea-fc-2022-drittes-trikot-mit-aufdruck-azpilicueta-28","status":"publish","type":"product","link":"https:\/\/www.billigtrikotde.com\/cs\/herren-chelsea-fc-2022-drittes-trikot-mit-aufdruck-azpilicueta-28\/","title":{"rendered":"P\u00e1nsk\u00fd dres Chelsea FC 2022 Third Jersey s potiskem Azpilicueta 28"},"content":{"rendered":"<p>Stadionov\u00e9 n\u00e1hradn\u00ed dres Chelsea FC upout\u00e1 detaily t\u00fdmu a zaji\u0161\u0165uje s nejvy\u0161\u0161\u00edm prody\u0161n\u00fdm materi\u00e1lem chladn\u00fd a such\u00fd komfort p\u0159i no\u0161en\u00ed na h\u0159i\u0161ti nebo na tribun\u011b p\u0159i fand\u011bn\u00ed sv\u00e9mu t\u00fdmu.<br \/>\nPrody\u0161n\u00e1 technologie Nike Dri-FIT zaji\u0161\u0165uje chladn\u00fd, such\u00fd komfort p\u0159i no\u0161en\u00ed.<br \/>\nAutentick\u00fd design je zalo\u017een na z\u00e1pasov\u00fdch dresech profesion\u00e1l\u016f.<\/p>\n<p>Tipy pro tisk: Pokud jsou jm\u00e9no a \u010d\u00edslo na obr\u00e1zku p\u0159esn\u011b takov\u00e9, jak\u00e9 chcete, nemus\u00edte je zad\u00e1vat znovu. Pokud tomu tak nen\u00ed, m\u011bli byste zadat po\u017eadovan\u00e9 jm\u00e9no a \u010d\u00edslo.<\/p>\n<p>Tipy na pran\u00ed: Doporu\u010duje se ru\u010dn\u00ed pran\u00ed fotbalov\u00fdch dres\u016f. Pokud chcete pou\u017e\u00edt pra\u010dku, pamatujte na oto\u010den\u00ed fotbalov\u00fdch dres\u016f naruby p\u0159ed pran\u00edm. Napl\u0148te pra\u010dku studenou vodou a pou\u017eijte \u0161etrn\u00fd cyklus, aby se l\u00e9pe chr\u00e1nily barvy.<\/p>","protected":false},"excerpt":{"rendered":"<p>Dres Chelsea FC Stadium Ausweichtrikot upout\u00e1 detaily t\u00fdmu a d\u00edky vysoce prody\u0161n\u00e9mu materi\u00e1lu zaji\u0161\u0165uje chladn\u00fd, such\u00fd komfort p\u0159i no\u0161en\u00ed na h\u0159i\u0161ti nebo na tribun\u011b p\u0159i fand\u011bn\u00ed va\u0161emu t\u00fdmu. Prody\u0161n\u00e1 technika Nike Dri-FIT zaji\u0161\u0165uje chladn\u00fd, such\u00fd komfort p\u0159i no\u0161en\u00ed. Autentick\u00fd design vych\u00e1z\u00ed z hern\u00edch dres\u016f profesion\u00e1l\u016f. Tipy k tisku: Pokud je jm\u00e9no a \u010d\u00edslo na [\u2026]<\/p>","protected":false},"featured_media":2005,"comment_status":"open","ping_status":"closed","template":"","meta":[],"product_brand":[],"product_cat":[72],"product_tag":[20,74,73,21,22,23,24],"class_list":{"0":"post-1967","1":"product","2":"type-product","3":"status-publish","4":"has-post-thumbnail","6":"product_cat-chelsea","7":"product_tag-coole-fussballtrikots","8":"product_tag-chelsea-ausweichtrikot","9":"product_tag-chelsea-trikots","10":"product_tag-fussballtrikot-fuer-herren","11":"product_tag-fussballtrikot-guenstig-kaufen","12":"product_tag-fussballtrikot-kurzarm","13":"product_tag-guenstiges-fussballtrikot","15":"first","16":"instock","17":"shipping-taxable","18":"purchasable","19":"product-type-variable"},"_links":{"self":[{"href":"https:\/\/www.billigtrikotde.com\/cs\/wp-json\/wp\/v2\/product\/1967","targetHints":{"allow":["GET"]}}],"collection":[{"href":"https:\/\/www.billigtrikotde.com\/cs\/wp-json\/wp\/v2\/product"}],"about":[{"href":"https:\/\/www.billigtrikotde.com\/cs\/wp-json\/wp\/v2\/types\/product"}],"replies":[{"embeddable":true,"href":"https:\/\/www.billigtrikotde.com\/cs\/wp-json\/wp\/v2\/comments?post=1967"}],"wp:featuredmedia":[{"embeddable":true,"href":"https:\/\/www.billigtrikotde.com\/cs\/wp-json\/wp\/v2\/media\/2005"}],"wp:attachment":[{"href":"https:\/\/www.billigtrikotde.com\/cs\/wp-json\/wp\/v2\/media?parent=1967"}],"wp:term":[{"taxonomy":"product_brand","embeddable":true,"href":"https:\/\/www.billigtrikotde.com\/cs\/wp-json\/wp\/v2\/product_brand?post=1967"},{"taxonomy":"product_cat","embeddable":true,"href":"https:\/\/www.billigtrikotde.com\/cs\/wp-json\/wp\/v2\/product_cat?post=1967"},{"taxonomy":"product_tag","embeddable":true,"href":"https:\/\/www.billigtrikotde.com\/cs\/wp-json\/wp\/v2\/product_tag?post=1967"}],"curies":[{"name":"wp","href":"https:\/\/api.w.org\/{rel}","templated":true}]}}