{"id":19553,"date":"2024-10-24T11:35:48","date_gmt":"2024-10-24T09:35:48","guid":{"rendered":"http:\/\/billigtrikots.com\/?post_type=product&#038;p=19553"},"modified":"2024-10-24T11:38:39","modified_gmt":"2024-10-24T09:38:39","slug":"billige-fussballtrikots-paris-saint-germain-psg-auswaertstrikot-2024-25-manuel-ugarte-4","status":"publish","type":"product","link":"https:\/\/www.billigtrikotde.com\/cs\/billige-fussballtrikots-paris-saint-germain-psg-auswaertstrikot-2024-25-manuel-ugarte-4\/","title":{"rendered":"Levn\u00e9 fotbalov\u00e9 dresy Paris Saint-Germain PSG Away Jersey 2024-25 Manuel Ugarte 4"},"content":{"rendered":"<p>V\u00fdjezdn\u00ed dres PSG 2024-2026 je b\u00edl\u00fd, modr\u00fd a \u010derven\u00fd. Zvl\u00e1\u0161tnost\u00ed dresu je jeho design. V\u00fdjezdn\u00ed dres PSG 2024-26 m\u00e1 grafiku s Eiffelovou v\u011b\u017e\u00ed. Jedn\u00e1 se o referen\u010dn\u00ed dres pro olympijsk\u00e9 hry v Pa\u0159\u00ed\u017ei v roce 2024, ale je tak\u00e9 inspirov\u00e1n venkovn\u00edm dresem z let 1990-91.<\/p>\n<p>Tipy pro tisk: Pokud jsou jm\u00e9no a \u010d\u00edslo na obr\u00e1zku p\u0159esn\u011b takov\u00e9, jak\u00e9 chcete, nemus\u00edte je zad\u00e1vat znovu. Pokud tomu tak nen\u00ed, m\u011bli byste zadat po\u017eadovan\u00e9 jm\u00e9no a \u010d\u00edslo.<\/p>\n<p>Tipy pro pran\u00ed: Doporu\u010dujeme pr\u00e1t fotbalov\u00e1 tri\u010dka v ruce. Pokud chcete pou\u017e\u00edt pra\u010dku, nezapome\u0148te fotbalov\u00e1 tri\u010dka obr\u00e1tit naruby a pot\u00e9 je vyprat. Pra\u010dku napl\u0148te studenou vodou a pou\u017eijte jemn\u00fd cyklus, abyste l\u00e9pe ochr\u00e1nili barvy.<\/p>","protected":false},"excerpt":{"rendered":"<p>PSG 2024-2026 venkovn\u00ed dres je b\u00edl\u00fd, modr\u00fd a \u010derven\u00fd. To zvl\u00e1\u0161tn\u00ed na dresu je jeho design. PSG 2024-26 venkovn\u00ed dres m\u00e1 grafiku s Eiffelovou v\u011b\u017e\u00ed. Je to referen\u010dn\u00ed dres pro olympijsk\u00e9 hry 2024 v Pa\u0159\u00ed\u017ei, ale tak\u00e9 inspirovan\u00fd dresu z roku 1990-91. Tipy k tisku: Kdy\u017e je jm\u00e9no a \u010d\u00edslo na [\u2026]<\/p>","protected":false},"featured_media":19601,"comment_status":"open","ping_status":"closed","template":"","meta":[],"product_brand":[],"product_cat":[39],"product_tag":[20,535,577,1324,332,1325,1326,1272,1273,41,1274],"class_list":{"0":"post-19553","1":"product","2":"type-product","3":"status-publish","4":"has-post-thumbnail","6":"product_cat-paris-saint-germain","7":"product_tag-coole-fussballtrikots","8":"product_tag-deutschland-trikot","9":"product_tag-fussballtrikots-trikotsatz","10":"product_tag-guenstige-manuel-ugarte-trikot","11":"product_tag-herren-fussball-trikotsatz","12":"product_tag-manuel-ugarte-trikot-kaufen","13":"product_tag-manuel-ugarte-trikots","14":"product_tag-paris-saint-germain-psg-fussballtrikots-herren","15":"product_tag-paris-saint-germain-psg-trikot-fuer-herren","16":"product_tag-paris-saint-germain-trikots","17":"product_tag-psg-trikotsatz-fuer-herren","19":"first","20":"instock","21":"shipping-taxable","22":"purchasable","23":"product-type-variable"},"_links":{"self":[{"href":"https:\/\/www.billigtrikotde.com\/cs\/wp-json\/wp\/v2\/product\/19553","targetHints":{"allow":["GET"]}}],"collection":[{"href":"https:\/\/www.billigtrikotde.com\/cs\/wp-json\/wp\/v2\/product"}],"about":[{"href":"https:\/\/www.billigtrikotde.com\/cs\/wp-json\/wp\/v2\/types\/product"}],"replies":[{"embeddable":true,"href":"https:\/\/www.billigtrikotde.com\/cs\/wp-json\/wp\/v2\/comments?post=19553"}],"wp:featuredmedia":[{"embeddable":true,"href":"https:\/\/www.billigtrikotde.com\/cs\/wp-json\/wp\/v2\/media\/19601"}],"wp:attachment":[{"href":"https:\/\/www.billigtrikotde.com\/cs\/wp-json\/wp\/v2\/media?parent=19553"}],"wp:term":[{"taxonomy":"product_brand","embeddable":true,"href":"https:\/\/www.billigtrikotde.com\/cs\/wp-json\/wp\/v2\/product_brand?post=19553"},{"taxonomy":"product_cat","embeddable":true,"href":"https:\/\/www.billigtrikotde.com\/cs\/wp-json\/wp\/v2\/product_cat?post=19553"},{"taxonomy":"product_tag","embeddable":true,"href":"https:\/\/www.billigtrikotde.com\/cs\/wp-json\/wp\/v2\/product_tag?post=19553"}],"curies":[{"name":"wp","href":"https:\/\/api.w.org\/{rel}","templated":true}]}}