{"id":19549,"date":"2024-10-24T11:35:44","date_gmt":"2024-10-24T09:35:44","guid":{"rendered":"http:\/\/billigtrikots.com\/?post_type=product&#038;p=19549"},"modified":"2024-10-24T11:38:37","modified_gmt":"2024-10-24T09:38:37","slug":"kaufe-neue-fussballtrikots-liverpool-2024-25-auswaerts-trikotsatz","status":"publish","type":"product","link":"https:\/\/www.billigtrikotde.com\/cs\/kaufe-neue-fussballtrikots-liverpool-2024-25-auswaerts-trikotsatz\/","title":{"rendered":"Koupit nov\u00e9 fotbalov\u00e9 soupravy Liverpool 2024-25 Away"},"content":{"rendered":"<p>Dres Liverpool 2024-2025 kombinuje tmavou antracitovou z\u00e1kladn\u00ed barvu (t\u00e9m\u011b\u0159 \u010dernou) se sv\u011btle tyrkysovou a sv\u011btlej\u0161\u00edmi aplikacemi v antracitov\u00e9 barv\u011b. Loga jsou v kr\u00e9mov\u00e9 barv\u011b. Ofici\u00e1ln\u00ed barvy jsou \"Night Forest\/Anthracite\/Washed Teal\/Sail\". Co se t\u00fd\u010de designu, je venkovn\u00ed dres fotbalov\u00e9ho klubu Liverpool 24-25 velmi jednoduch\u00fd. Nem\u00e1 \u017e\u00e1dn\u00fd vzor ani grafick\u00fd design.<\/p>\n<p>Tipy pro tisk: Pokud jsou jm\u00e9no a \u010d\u00edslo na obr\u00e1zku p\u0159esn\u011b takov\u00e9, jak\u00e9 chcete, nemus\u00edte je zad\u00e1vat znovu. Pokud tomu tak nen\u00ed, m\u011bli byste zadat po\u017eadovan\u00e9 jm\u00e9no a \u010d\u00edslo.<\/p>\n<p>Tipy pro pran\u00ed: Doporu\u010dujeme pr\u00e1t fotbalov\u00e1 tri\u010dka v ruce. Pokud chcete pou\u017e\u00edt pra\u010dku, nezapome\u0148te fotbalov\u00e1 tri\u010dka obr\u00e1tit naruby a pot\u00e9 je vyprat. Pra\u010dku napl\u0148te studenou vodou a pou\u017eijte jemn\u00fd cyklus, abyste l\u00e9pe ochr\u00e1nili barvy.<\/p>","protected":false},"excerpt":{"rendered":"<p>Liverpool 2024-2025 venkovn\u00ed dres kombinuje tmav\u011b antracitovou z\u00e1kladn\u00ed barvu (t\u00e9m\u011b\u0159 \u010dernou) s sv\u011btle tyrkysov\u00fdmi a sv\u011btlej\u0161\u00edmi antracitov\u00fdmi aplikacemi. Loga jsou kr\u00e9mov\u00e9. Ofici\u00e1ln\u00ed barvy jsou \u201eNight Forest\/Anthracite\/Washed Teal\/Sail\u201c. Z pohledu designu je Liverpool Football Club 24-25 venkovn\u00ed dres velmi jednoduch\u00fd. Nem\u00e1 \u017e\u00e1dn\u00e9 vzory ani grafick\u00e9 prvky. Tipy pro tisk: Pokud jm\u00e9no a [\u2026]<\/p>","protected":false},"featured_media":19591,"comment_status":"open","ping_status":"closed","template":"","meta":[],"product_brand":[],"product_cat":[176],"product_tag":[20,574,21,23,24,1190,601,153],"class_list":{"0":"post-19549","1":"product","2":"type-product","3":"status-publish","4":"has-post-thumbnail","6":"product_cat-liverpool-fc","7":"product_tag-coole-fussballtrikots","8":"product_tag-fussballtrikot-deutschland","9":"product_tag-fussballtrikot-fuer-herren","10":"product_tag-fussballtrikot-kurzarm","11":"product_tag-guenstiges-fussballtrikot","12":"product_tag-liverpool-24-25-trikot","13":"product_tag-liverpool-fussballtrikot","14":"product_tag-liverpool-trikots","16":"first","17":"instock","18":"shipping-taxable","19":"purchasable","20":"product-type-variable"},"_links":{"self":[{"href":"https:\/\/www.billigtrikotde.com\/cs\/wp-json\/wp\/v2\/product\/19549","targetHints":{"allow":["GET"]}}],"collection":[{"href":"https:\/\/www.billigtrikotde.com\/cs\/wp-json\/wp\/v2\/product"}],"about":[{"href":"https:\/\/www.billigtrikotde.com\/cs\/wp-json\/wp\/v2\/types\/product"}],"replies":[{"embeddable":true,"href":"https:\/\/www.billigtrikotde.com\/cs\/wp-json\/wp\/v2\/comments?post=19549"}],"wp:featuredmedia":[{"embeddable":true,"href":"https:\/\/www.billigtrikotde.com\/cs\/wp-json\/wp\/v2\/media\/19591"}],"wp:attachment":[{"href":"https:\/\/www.billigtrikotde.com\/cs\/wp-json\/wp\/v2\/media?parent=19549"}],"wp:term":[{"taxonomy":"product_brand","embeddable":true,"href":"https:\/\/www.billigtrikotde.com\/cs\/wp-json\/wp\/v2\/product_brand?post=19549"},{"taxonomy":"product_cat","embeddable":true,"href":"https:\/\/www.billigtrikotde.com\/cs\/wp-json\/wp\/v2\/product_cat?post=19549"},{"taxonomy":"product_tag","embeddable":true,"href":"https:\/\/www.billigtrikotde.com\/cs\/wp-json\/wp\/v2\/product_tag?post=19549"}],"curies":[{"name":"wp","href":"https:\/\/api.w.org\/{rel}","templated":true}]}}