{"id":19528,"date":"2024-10-24T11:34:34","date_gmt":"2024-10-24T09:34:34","guid":{"rendered":"http:\/\/billigtrikots.com\/?post_type=product&#038;p=19528"},"modified":"2024-10-24T11:37:26","modified_gmt":"2024-10-24T09:37:26","slug":"guenstige-kindertrikots-liverpool-heimtrikotsatz-2024-25-darwin-nunez-9","status":"publish","type":"product","link":"https:\/\/www.billigtrikotde.com\/cs\/guenstige-kindertrikots-liverpool-heimtrikotsatz-2024-25-darwin-nunez-9\/","title":{"rendered":"Levn\u00e9 d\u011btsk\u00e9 dresy Liverpool home kit 2024-25 Darwin Nunez 9"},"content":{"rendered":"<p>Dres fotbalov\u00e9ho klubu Liverpool 24-25 je kombinac\u00ed \u010derven\u00e9, b\u00edl\u00e9 a \u017elut\u00e9 barvy. T\u011blo je \u010derven\u00e9, loga jsou \u017elut\u00e1 a b\u00edl\u00e1 barva je pou\u017eita pro loga sponzor\u016f a detaily. to, \u010d\u00edm dres Liverpool 24-25 vynik\u00e1, je design na p\u0159edn\u00ed stran\u011b. M\u00e1 \u017elut\u00e9 pruhy, kter\u00e9 tvo\u0159\u00ed vzor YNWA (You'll Never Walk Alone).<\/p>\n<p>Tipy pro tisk: Pokud jsou jm\u00e9no a \u010d\u00edslo na obr\u00e1zku p\u0159esn\u011b takov\u00e9, jak\u00e9 chcete, nemus\u00edte je zad\u00e1vat znovu. Pokud tomu tak nen\u00ed, m\u011bli byste zadat po\u017eadovan\u00e9 jm\u00e9no a \u010d\u00edslo.<\/p>\n<p>Tipy pro pran\u00ed: Doporu\u010dujeme pr\u00e1t fotbalov\u00e1 tri\u010dka v ruce. Pokud chcete pou\u017e\u00edt pra\u010dku, nezapome\u0148te fotbalov\u00e1 tri\u010dka obr\u00e1tit naruby a pot\u00e9 je vyprat. Pra\u010dku napl\u0148te studenou vodou a pou\u017eijte jemn\u00fd cyklus, abyste l\u00e9pe ochr\u00e1nili barvy.<\/p>","protected":false},"excerpt":{"rendered":"<p>Dres fotbalov\u00e9ho klubu Liverpool 24-25 je kombinac\u00ed \u010derven\u00e9, b\u00edl\u00e9 a \u017elut\u00e9 barvy. T\u011blo je \u010derven\u00e9, loga jsou \u017elut\u00e1 a b\u00edl\u00e1 barva je pou\u017eita pro loga sponzor\u016f a detaily. to, \u010d\u00edm dres Liverpool 24-25 vynik\u00e1, je design na p\u0159edn\u00ed stran\u011b. M\u00e1 \u017elut\u00e9 pruhy, kter\u00e9 tvo\u0159\u00ed vzor YNWA (You'll Never Walk Alone).<\/p>","protected":false},"featured_media":19569,"comment_status":"open","ping_status":"closed","template":"","meta":[],"product_brand":[],"product_cat":[151],"product_tag":[20,1319,574,24,94,865,277,866,153,154],"class_list":{"0":"post-19528","1":"product","2":"type-product","3":"status-publish","4":"has-post-thumbnail","6":"product_cat-liverpool-kindertrikot","7":"product_tag-coole-fussballtrikots","8":"product_tag-darwin-nunez-trikots","9":"product_tag-fussballtrikot-deutschland","10":"product_tag-guenstiges-fussballtrikot","11":"product_tag-kinder-fussball-trikotsatz","12":"product_tag-liverpool-fussballtrikots-kinder","13":"product_tag-liverpool-kinder-trikot-set","14":"product_tag-liverpool-trikot-fuer-kinder","15":"product_tag-liverpool-trikots","16":"product_tag-liverpool-trikotsatz-fuer-kinder","18":"first","19":"instock","20":"shipping-taxable","21":"purchasable","22":"product-type-variable"},"_links":{"self":[{"href":"https:\/\/www.billigtrikotde.com\/cs\/wp-json\/wp\/v2\/product\/19528","targetHints":{"allow":["GET"]}}],"collection":[{"href":"https:\/\/www.billigtrikotde.com\/cs\/wp-json\/wp\/v2\/product"}],"about":[{"href":"https:\/\/www.billigtrikotde.com\/cs\/wp-json\/wp\/v2\/types\/product"}],"replies":[{"embeddable":true,"href":"https:\/\/www.billigtrikotde.com\/cs\/wp-json\/wp\/v2\/comments?post=19528"}],"wp:featuredmedia":[{"embeddable":true,"href":"https:\/\/www.billigtrikotde.com\/cs\/wp-json\/wp\/v2\/media\/19569"}],"wp:attachment":[{"href":"https:\/\/www.billigtrikotde.com\/cs\/wp-json\/wp\/v2\/media?parent=19528"}],"wp:term":[{"taxonomy":"product_brand","embeddable":true,"href":"https:\/\/www.billigtrikotde.com\/cs\/wp-json\/wp\/v2\/product_brand?post=19528"},{"taxonomy":"product_cat","embeddable":true,"href":"https:\/\/www.billigtrikotde.com\/cs\/wp-json\/wp\/v2\/product_cat?post=19528"},{"taxonomy":"product_tag","embeddable":true,"href":"https:\/\/www.billigtrikotde.com\/cs\/wp-json\/wp\/v2\/product_tag?post=19528"}],"curies":[{"name":"wp","href":"https:\/\/api.w.org\/{rel}","templated":true}]}}