{"id":195,"date":"2024-10-23T12:09:04","date_gmt":"2024-10-23T10:09:04","guid":{"rendered":"http:\/\/billigtrikots.com\/?post_type=product&#038;p=195"},"modified":"2024-10-23T12:11:08","modified_gmt":"2024-10-23T10:11:08","slug":"fussball-trikotsatz-fc-barcelona-torwarttrikot-2021-2022-in-gruen","status":"publish","type":"product","link":"https:\/\/www.billigtrikotde.com\/cs\/fussball-trikotsatz-fc-barcelona-torwarttrikot-2021-2022-in-gruen\/","title":{"rendered":"Fotbalov\u00e1 souprava FC Barcelona goalkeeper dersey 2021\/2022 v zelen\u00e9 barv\u011b"},"content":{"rendered":"<p>P\u0159ich\u00e1z\u00ed tri\u010dko Nike v zelen\u00e9 barv\u011b, kter\u00e9 v\u00e1m pom\u016f\u017ee podpo\u0159it v\u00e1\u0161 obl\u00edben\u00fd klub v ka\u017ed\u00e9 situaci a uk\u00e1zat, pro co bije va\u0161e srdce. Milujte sv\u016fj t\u00fdm - uka\u017ete, pro koho bije va\u0161e srdce, s tri\u010dkem FC Barcelona. Je prody\u0161n\u00e9, lehk\u00e9 a odv\u00e1d\u00ed pot. Tento sportovn\u00ed top byl vytvo\u0159en tak, aby posunul v\u00e1\u0161 v\u00fdkon na vy\u0161\u0161\u00ed \u00farove\u0148. Jedn\u00e1 se o brank\u00e1\u0159sk\u00fd dres, kter\u00fd zaru\u010den\u011b zaujme klubov\u00fdm znakem na hrudi.<\/p>\n<p>Tipy pro tisk: Pokud jsou jm\u00e9no a \u010d\u00edslo na obr\u00e1zku p\u0159esn\u011b takov\u00e9, jak\u00e9 chcete, nemus\u00edte je zad\u00e1vat znovu. Pokud tomu tak nen\u00ed, m\u011bli byste zadat po\u017eadovan\u00e9 jm\u00e9no a \u010d\u00edslo.<\/p>\n<p>Tipy pro pran\u00ed: Doporu\u010dujeme pr\u00e1t fotbalov\u00e1 tri\u010dka v ruce. Pokud chcete pou\u017e\u00edt pra\u010dku, nezapome\u0148te fotbalov\u00e1 tri\u010dka obr\u00e1tit naruby a pot\u00e9 je vyprat. Pra\u010dku napl\u0148te studenou vodou a pou\u017eijte jemn\u00fd cyklus, abyste l\u00e9pe ochr\u00e1nili barvy.<\/p>","protected":false},"excerpt":{"rendered":"<p>Hier kommt das Nike Shirt in Gr\u00fcn, das dir hilft, deinen Lieblingsverein in jeder Lage zu supporten und zu zeigen, wof\u00fcr dein Herz schl\u00e4gt. Liebe deine Mannschaft \u2013 mit dem Shirt des FC Barcelona zeigst du, f\u00fcr wen dein Herz schl\u00e4gt. Es ist atmungsaktiv, leicht und schwei\u00dfableitend. Dieses Sporttop wurde geschaffen, um deine Leistung um [&hellip;]<\/p>","protected":false},"featured_media":236,"comment_status":"open","ping_status":"closed","template":"","meta":[],"product_brand":[],"product_cat":[31],"product_tag":[20,34,35,21,23,24],"class_list":{"0":"post-195","1":"product","2":"type-product","3":"status-publish","4":"has-post-thumbnail","6":"product_cat-fc-barcelona","7":"product_tag-coole-fussballtrikots","8":"product_tag-fc-barcelona-torwarttrikot","9":"product_tag-fussball-torwarttrikots","10":"product_tag-fussballtrikot-fuer-herren","11":"product_tag-fussballtrikot-kurzarm","12":"product_tag-guenstiges-fussballtrikot","14":"first","15":"instock","16":"shipping-taxable","17":"purchasable","18":"product-type-variable"},"_links":{"self":[{"href":"https:\/\/www.billigtrikotde.com\/cs\/wp-json\/wp\/v2\/product\/195","targetHints":{"allow":["GET"]}}],"collection":[{"href":"https:\/\/www.billigtrikotde.com\/cs\/wp-json\/wp\/v2\/product"}],"about":[{"href":"https:\/\/www.billigtrikotde.com\/cs\/wp-json\/wp\/v2\/types\/product"}],"replies":[{"embeddable":true,"href":"https:\/\/www.billigtrikotde.com\/cs\/wp-json\/wp\/v2\/comments?post=195"}],"wp:featuredmedia":[{"embeddable":true,"href":"https:\/\/www.billigtrikotde.com\/cs\/wp-json\/wp\/v2\/media\/236"}],"wp:attachment":[{"href":"https:\/\/www.billigtrikotde.com\/cs\/wp-json\/wp\/v2\/media?parent=195"}],"wp:term":[{"taxonomy":"product_brand","embeddable":true,"href":"https:\/\/www.billigtrikotde.com\/cs\/wp-json\/wp\/v2\/product_brand?post=195"},{"taxonomy":"product_cat","embeddable":true,"href":"https:\/\/www.billigtrikotde.com\/cs\/wp-json\/wp\/v2\/product_cat?post=195"},{"taxonomy":"product_tag","embeddable":true,"href":"https:\/\/www.billigtrikotde.com\/cs\/wp-json\/wp\/v2\/product_tag?post=195"}],"curies":[{"name":"wp","href":"https:\/\/api.w.org\/{rel}","templated":true}]}}