{"id":19478,"date":"2024-10-24T11:31:31","date_gmt":"2024-10-24T09:31:31","guid":{"rendered":"http:\/\/billigtrikots.com\/?post_type=product&#038;p=19478"},"modified":"2025-06-16T16:03:01","modified_gmt":"2025-06-16T14:03:01","slug":"billige-fussballtrikots-juventus-auswaerts-trikotsatz-2024-25-dusan-vlahovic-9","status":"publish","type":"product","link":"https:\/\/www.billigtrikotde.com\/cs\/billige-fussballtrikots-juventus-auswaerts-trikotsatz-2024-25-dusan-vlahovic-9\/","title":{"rendered":"Levn\u00e9 fotbalov\u00e9 dresy Juventus Away Kit 2024-25 Dusan Vlahovic 9"},"content":{"rendered":"<p>V\u00fdjezdn\u00ed dres Juventus 2024-2025 je nejmodern\u011bj\u0161\u00ed z kolekce dres\u016f Juventus 24-25. Hlavn\u00ed barvou venkovn\u00edho dresu Juventus 24-25 je slune\u010dn\u011b \u017elut\u00e1 s logem, znakem Juventusu a t\u0159emi pruhy na ramenou v tmav\u011b \u0161ed\u00e9 barv\u011b. V\u00fdjezdn\u00ed dres Juventus 24-25 je inspirov\u00e1n neprob\u00e1dan\u00fdmi vesm\u00edrn\u00fdmi galaxiemi a m\u00e1 pruhovan\u00fd design, kter\u00fd vzd\u00e1v\u00e1 hold m\u011bstu Tur\u00edn. V\u00fdst\u0159ih na boku dresu je sv\u011btle r\u016f\u017eov\u00fd. V\u00fdjezdn\u00ed dres Juventus 24-25 si m\u016f\u017eete p\u0159izp\u016fsobit abstraktn\u00edm vzorem a z\u00edskat tak jedine\u010dn\u00fd vzhled.<\/p>\n<p>Tipy pro tisk: Pokud jsou jm\u00e9no a \u010d\u00edslo na obr\u00e1zku p\u0159esn\u011b takov\u00e9, jak\u00e9 chcete, nemus\u00edte je zad\u00e1vat znovu. Pokud tomu tak nen\u00ed, m\u011bli byste zadat po\u017eadovan\u00e9 jm\u00e9no a \u010d\u00edslo.<\/p>\n<p>Tipy pro pran\u00ed: Doporu\u010dujeme pr\u00e1t fotbalov\u00e1 tri\u010dka v ruce. Pokud chcete pou\u017e\u00edt pra\u010dku, nezapome\u0148te fotbalov\u00e1 tri\u010dka obr\u00e1tit naruby a pot\u00e9 je vyprat. Pra\u010dku napl\u0148te studenou vodou a pou\u017eijte jemn\u00fd cyklus, abyste l\u00e9pe ochr\u00e1nili barvy.<\/p>","protected":false},"excerpt":{"rendered":"<p>Das Juventus 2024-2025 Ausw\u00e4rtstrikot ist das modernste der Juventus 24-25 Trikotkollektion. Die Hauptfarbe des Juventus 24-25 Ausw\u00e4rtstrikots ist Sonnengelb mit dem Logo, dem Juventus-Wappen und den drei Streifen auf den Schultern in Dunkelgrau. Das Juventus 24-25 Ausw\u00e4rtstrikot ist von den unerforschten Galaxien des Weltraums inspiriert und zeigt ein Streifendesign als Hommage an die Stadt Turin. [&hellip;]<\/p>","protected":false},"featured_media":19523,"comment_status":"open","ping_status":"closed","template":"","meta":[],"product_brand":[],"product_cat":[59],"product_tag":[20,1317,1301,574,21,23,24,617,618,61],"class_list":{"0":"post-19478","1":"product","2":"type-product","3":"status-publish","4":"has-post-thumbnail","6":"product_cat-juventus","7":"product_tag-coole-fussballtrikots","8":"product_tag-dusan-vlahovic-fussballtrikots","9":"product_tag-dusan-vlahovic-trikots","10":"product_tag-fussballtrikot-deutschland","11":"product_tag-fussballtrikot-fuer-herren","12":"product_tag-fussballtrikot-kurzarm","13":"product_tag-guenstiges-fussballtrikot","14":"product_tag-juventus-fussballtrikot","15":"product_tag-juventus-trikot","16":"product_tag-juventus-trikots","18":"first","19":"instock","20":"shipping-taxable","21":"purchasable","22":"product-type-variable"},"_links":{"self":[{"href":"https:\/\/www.billigtrikotde.com\/cs\/wp-json\/wp\/v2\/product\/19478","targetHints":{"allow":["GET"]}}],"collection":[{"href":"https:\/\/www.billigtrikotde.com\/cs\/wp-json\/wp\/v2\/product"}],"about":[{"href":"https:\/\/www.billigtrikotde.com\/cs\/wp-json\/wp\/v2\/types\/product"}],"replies":[{"embeddable":true,"href":"https:\/\/www.billigtrikotde.com\/cs\/wp-json\/wp\/v2\/comments?post=19478"}],"wp:featuredmedia":[{"embeddable":true,"href":"https:\/\/www.billigtrikotde.com\/cs\/wp-json\/wp\/v2\/media\/19523"}],"wp:attachment":[{"href":"https:\/\/www.billigtrikotde.com\/cs\/wp-json\/wp\/v2\/media?parent=19478"}],"wp:term":[{"taxonomy":"product_brand","embeddable":true,"href":"https:\/\/www.billigtrikotde.com\/cs\/wp-json\/wp\/v2\/product_brand?post=19478"},{"taxonomy":"product_cat","embeddable":true,"href":"https:\/\/www.billigtrikotde.com\/cs\/wp-json\/wp\/v2\/product_cat?post=19478"},{"taxonomy":"product_tag","embeddable":true,"href":"https:\/\/www.billigtrikotde.com\/cs\/wp-json\/wp\/v2\/product_tag?post=19478"}],"curies":[{"name":"wp","href":"https:\/\/api.w.org\/{rel}","templated":true}]}}