{"id":19444,"date":"2024-10-24T11:29:12","date_gmt":"2024-10-24T09:29:12","guid":{"rendered":"http:\/\/billigtrikots.com\/?post_type=product&#038;p=19444"},"modified":"2025-05-30T16:13:28","modified_gmt":"2025-05-30T14:13:28","slug":"herren-manchester-united-heimtrikot-2024-25-guenstige-fussball-trikotsatz","status":"publish","type":"product","link":"https:\/\/www.billigtrikotde.com\/cs\/herren-manchester-united-heimtrikot-2024-25-guenstige-fussball-trikotsatz\/","title":{"rendered":"P\u00e1nsk\u00e9 Manchester United Home Shirt 2024-25 Levn\u00e9 fotbalov\u00e9 tri\u010dko"},"content":{"rendered":"<p>Dres Manchester United FC 24-25 kombinuje dva odst\u00edny \u010derven\u00e9 barvy v barevn\u00e9m gradientn\u00edm proveden\u00ed. Nen\u00ed to poprv\u00e9, co dres Manchesteru United kombinuje dva odst\u00edny \u010derven\u00e9 barvy. Naposledy se tak stalo v sez\u00f3n\u011b 2016-17. Zvl\u00e1\u0161tnost\u00ed dresu Manchester United 24-25 je jemn\u00fd gradientn\u00ed vzor \u010derven\u00e9 barvy na \u010derven\u00e9.<\/p>\n<p>Tipy pro tisk: Pokud jsou jm\u00e9no a \u010d\u00edslo na obr\u00e1zku p\u0159esn\u011b takov\u00e9, jak\u00e9 chcete, nemus\u00edte je zad\u00e1vat znovu. Pokud tomu tak nen\u00ed, m\u011bli byste zadat po\u017eadovan\u00e9 jm\u00e9no a \u010d\u00edslo.<\/p>\n<p>Tipy pro pran\u00ed: Doporu\u010dujeme pr\u00e1t fotbalov\u00e1 tri\u010dka v ruce. Pokud chcete pou\u017e\u00edt pra\u010dku, nezapome\u0148te fotbalov\u00e1 tri\u010dka obr\u00e1tit naruby a pot\u00e9 je vyprat. Pra\u010dku napl\u0148te studenou vodou a pou\u017eijte jemn\u00fd cyklus, abyste l\u00e9pe ochr\u00e1nili barvy.<\/p>","protected":false},"excerpt":{"rendered":"<p>Trikot Manchester United FC 24-25 kombinuje dv\u011b odst\u00edny \u010derven\u00e9 v barevn\u00e9m p\u0159echodu. Nen\u00ed to poprv\u00e9, co trikot Manchester United kombinuje dv\u011b odst\u00edny \u010derven\u00e9. Naposledy tomu tak bylo v sezon\u011b 2016-17. Zvl\u00e1\u0161tnost\u00ed trikotu 24-25 Manchester United je decentn\u00ed vzor \u010derven\u00e1 na \u010dervenou v p\u0159echodov\u00e9m motivu. Tipy k tisku: Pokud jm\u00e9no [\u2026]<\/p>","protected":false},"featured_media":19484,"comment_status":"open","ping_status":"closed","template":"","meta":[],"product_brand":[],"product_cat":[50],"product_tag":[20,574,21,23,24,1298,672,673],"class_list":{"0":"post-19444","1":"product","2":"type-product","3":"status-publish","4":"has-post-thumbnail","6":"product_cat-manchester-united","7":"product_tag-coole-fussballtrikots","8":"product_tag-fussballtrikot-deutschland","9":"product_tag-fussballtrikot-fuer-herren","10":"product_tag-fussballtrikot-kurzarm","11":"product_tag-guenstiges-fussballtrikot","12":"product_tag-manchester-united-24-25-auswaertstrikot","13":"product_tag-manchester-united-fussballtrikot","14":"product_tag-manchester-united-trikot","16":"first","17":"instock","18":"shipping-taxable","19":"purchasable","20":"product-type-variable"},"_links":{"self":[{"href":"https:\/\/www.billigtrikotde.com\/cs\/wp-json\/wp\/v2\/product\/19444","targetHints":{"allow":["GET"]}}],"collection":[{"href":"https:\/\/www.billigtrikotde.com\/cs\/wp-json\/wp\/v2\/product"}],"about":[{"href":"https:\/\/www.billigtrikotde.com\/cs\/wp-json\/wp\/v2\/types\/product"}],"replies":[{"embeddable":true,"href":"https:\/\/www.billigtrikotde.com\/cs\/wp-json\/wp\/v2\/comments?post=19444"}],"wp:featuredmedia":[{"embeddable":true,"href":"https:\/\/www.billigtrikotde.com\/cs\/wp-json\/wp\/v2\/media\/19484"}],"wp:attachment":[{"href":"https:\/\/www.billigtrikotde.com\/cs\/wp-json\/wp\/v2\/media?parent=19444"}],"wp:term":[{"taxonomy":"product_brand","embeddable":true,"href":"https:\/\/www.billigtrikotde.com\/cs\/wp-json\/wp\/v2\/product_brand?post=19444"},{"taxonomy":"product_cat","embeddable":true,"href":"https:\/\/www.billigtrikotde.com\/cs\/wp-json\/wp\/v2\/product_cat?post=19444"},{"taxonomy":"product_tag","embeddable":true,"href":"https:\/\/www.billigtrikotde.com\/cs\/wp-json\/wp\/v2\/product_tag?post=19444"}],"curies":[{"name":"wp","href":"https:\/\/api.w.org\/{rel}","templated":true}]}}