{"id":19442,"date":"2024-10-24T11:29:10","date_gmt":"2024-10-24T09:29:10","guid":{"rendered":"http:\/\/billigtrikots.com\/?post_type=product&#038;p=19442"},"modified":"2025-06-09T04:41:39","modified_gmt":"2025-06-09T02:41:39","slug":"kaufe-herren-arsenal-2024-25-heimtrikot-rot-und-weiss-trikotsatz-kit","status":"publish","type":"product","link":"https:\/\/www.billigtrikotde.com\/cs\/kaufe-herren-arsenal-2024-25-heimtrikot-rot-und-weiss-trikotsatz-kit\/","title":{"rendered":"Koupit p\u00e1nsk\u00e9 dom\u00e1c\u00ed tri\u010dko Arsenal 2024-25 \u010dervenob\u00edl\u00fd kit"},"content":{"rendered":"<p>Dres Arsenal 2024-2025 kombinuje klasickou \u010dervenou hlavn\u00ed barvu klubu (Better Scarlet) s b\u00edl\u00fdmi logy a tmav\u011b modr\u00fdmi designov\u00fdmi prvky. Co se t\u00fd\u010de designu, dres Arsenal 2024-25 je zachov\u00e1n pom\u011brn\u011b jednoduch\u00fd. Vych\u00e1z\u00ed z nov\u00e9ho vzoru 2024-25, kter\u00fd m\u00e1 v\u00fdrazn\u00e9 bo\u010dn\u00ed \u0161t\u00edtky, kter\u00e9 jsou v tomto p\u0159\u00edpad\u011b modr\u00e9.<\/p>\n<p>Tipy pro tisk: Pokud jsou jm\u00e9no a \u010d\u00edslo na obr\u00e1zku p\u0159esn\u011b takov\u00e9, jak\u00e9 chcete, nemus\u00edte je zad\u00e1vat znovu. Pokud tomu tak nen\u00ed, m\u011bli byste zadat po\u017eadovan\u00e9 jm\u00e9no a \u010d\u00edslo.<\/p>\n<p>Tipy pro pran\u00ed: Doporu\u010dujeme pr\u00e1t fotbalov\u00e1 tri\u010dka v ruce. Pokud chcete pou\u017e\u00edt pra\u010dku, nezapome\u0148te fotbalov\u00e1 tri\u010dka obr\u00e1tit naruby a pot\u00e9 je vyprat. Pra\u010dku napl\u0148te studenou vodou a pou\u017eijte jemn\u00fd cyklus, abyste l\u00e9pe ochr\u00e1nili barvy.<\/p>","protected":false},"excerpt":{"rendered":"<p>Das Arsenal 2024-2025 Trikot kombiniert die klassische rote Hauptfarbe des Vereins (Better Scarlet) mit wei\u00dfen Logos und dunkelblauen Designelementen. Vom Design her ist das Arsenal 2024-25 Trikot eher schlicht gehalten. Es baut auf der neuen 2024-25 Template auf, die markante Seitenetiketten hat, die in diesem Fall blau sind. Tipps zum Drucken: Wenn der Name und [&hellip;]<\/p>","protected":false},"featured_media":19483,"comment_status":"open","ping_status":"closed","template":"","meta":[],"product_brand":[],"product_cat":[55],"product_tag":[609,610,1007,21,23,24],"class_list":{"0":"post-19442","1":"product","2":"type-product","3":"status-publish","4":"has-post-thumbnail","6":"product_cat-arsenal","7":"product_tag-arsenal-fussballtrikot","8":"product_tag-arsenal-trikot","9":"product_tag-arsenal-trikot-2024","10":"product_tag-fussballtrikot-fuer-herren","11":"product_tag-fussballtrikot-kurzarm","12":"product_tag-guenstiges-fussballtrikot","14":"first","15":"instock","16":"shipping-taxable","17":"purchasable","18":"product-type-variable"},"_links":{"self":[{"href":"https:\/\/www.billigtrikotde.com\/cs\/wp-json\/wp\/v2\/product\/19442","targetHints":{"allow":["GET"]}}],"collection":[{"href":"https:\/\/www.billigtrikotde.com\/cs\/wp-json\/wp\/v2\/product"}],"about":[{"href":"https:\/\/www.billigtrikotde.com\/cs\/wp-json\/wp\/v2\/types\/product"}],"replies":[{"embeddable":true,"href":"https:\/\/www.billigtrikotde.com\/cs\/wp-json\/wp\/v2\/comments?post=19442"}],"wp:featuredmedia":[{"embeddable":true,"href":"https:\/\/www.billigtrikotde.com\/cs\/wp-json\/wp\/v2\/media\/19483"}],"wp:attachment":[{"href":"https:\/\/www.billigtrikotde.com\/cs\/wp-json\/wp\/v2\/media?parent=19442"}],"wp:term":[{"taxonomy":"product_brand","embeddable":true,"href":"https:\/\/www.billigtrikotde.com\/cs\/wp-json\/wp\/v2\/product_brand?post=19442"},{"taxonomy":"product_cat","embeddable":true,"href":"https:\/\/www.billigtrikotde.com\/cs\/wp-json\/wp\/v2\/product_cat?post=19442"},{"taxonomy":"product_tag","embeddable":true,"href":"https:\/\/www.billigtrikotde.com\/cs\/wp-json\/wp\/v2\/product_tag?post=19442"}],"curies":[{"name":"wp","href":"https:\/\/api.w.org\/{rel}","templated":true}]}}