{"id":19437,"date":"2024-10-24T11:28:38","date_gmt":"2024-10-24T09:28:38","guid":{"rendered":"http:\/\/billigtrikots.com\/?post_type=product&#038;p=19437"},"modified":"2025-04-26T09:55:28","modified_gmt":"2025-04-26T07:55:28","slug":"billige-borussia-dortmund-bvb-2024-25-heimtrikot-fussballtrikots-set","status":"publish","type":"product","link":"https:\/\/www.billigtrikotde.com\/cs\/billige-borussia-dortmund-bvb-2024-25-heimtrikot-fussballtrikots-set\/","title":{"rendered":"Levn\u00e9 Borussia Dortmund BVB 2024-25 Home Shirt Football Shirt Set"},"content":{"rendered":"<p>Na str\u00e1nk\u00e1ch <strong>BVB 24-25 Jersey<\/strong> m\u00e1 \u017elut\u00e9 t\u011blo v kombinaci s kontrastn\u00edmi \u010dern\u00fdmi ruk\u00e1vy. Jedn\u00e1 se o klasick\u00e9 barvy n\u011bmeck\u00e9ho t\u00fdmu a jedine\u010dnost dresu BVB 24-25 spo\u010d\u00edv\u00e1 v pruhovan\u00e9m designu na p\u0159edn\u00ed stran\u011b, kter\u00fd je inspirov\u00e1n v\u00edt\u011bzn\u00fdm dresem Nike z Ligy mistr\u016f 1996\/97. Zadn\u00ed strana dresu m\u00e1 pruhy pouze ve spodn\u00ed \u010d\u00e1sti a je p\u0159ev\u00e1\u017en\u011b \u010dist\u011b \u017elut\u00e1.<\/p>\n<p>Tipy pro tisk: Pokud jsou jm\u00e9no a \u010d\u00edslo na obr\u00e1zku p\u0159esn\u011b takov\u00e9, jak\u00e9 chcete, nemus\u00edte je zad\u00e1vat znovu. Pokud tomu tak nen\u00ed, m\u011bli byste zadat po\u017eadovan\u00e9 jm\u00e9no a \u010d\u00edslo.<\/p>\n<p>Tipy pro pran\u00ed: Doporu\u010dujeme pr\u00e1t fotbalov\u00e1 tri\u010dka v ruce. Pokud chcete pou\u017e\u00edt pra\u010dku, nezapome\u0148te fotbalov\u00e1 tri\u010dka obr\u00e1tit naruby a pot\u00e9 je vyprat. Pra\u010dku napl\u0148te studenou vodou a pou\u017eijte jemn\u00fd cyklus, abyste l\u00e9pe ochr\u00e1nili barvy.<\/p>","protected":false},"excerpt":{"rendered":"<p>m\u00e1 \u017elut\u00e9 t\u011blo v kombinaci s kontrastn\u00edmi \u010dern\u00fdmi ruk\u00e1vy. Jedn\u00e1 se o klasick\u00e9 barvy n\u011bmeck\u00e9ho t\u00fdmu a jedine\u010dnost dresu BVB 24-25 spo\u010d\u00edv\u00e1 v pruhovan\u00e9m designu na p\u0159edn\u00ed stran\u011b, kter\u00fd je inspirov\u00e1n v\u00edt\u011bzn\u00fdm dresem Nike z Ligy mistr\u016f 1996\/97. Zadn\u00ed strana dresu m\u00e1 pruhy pouze ve spodn\u00ed \u010d\u00e1sti a je p\u0159ev\u00e1\u017en\u011b \u010dist\u011b \u017elut\u00e1.<\/p>","protected":false},"featured_media":19476,"comment_status":"open","ping_status":"closed","template":"","meta":[],"product_brand":[],"product_cat":[63],"product_tag":[20,65,649,650,66,574,21,23,24],"class_list":{"0":"post-19437","1":"product","2":"type-product","3":"status-publish","4":"has-post-thumbnail","6":"product_cat-borussia-dortmund","7":"product_tag-coole-fussballtrikots","8":"product_tag-borussia-dortmund-trikots","9":"product_tag-bvb-borussia-dortmund-fussballtrikot","10":"product_tag-bvb-borussia-dortmund-trikot","11":"product_tag-bvb-trikots","12":"product_tag-fussballtrikot-deutschland","13":"product_tag-fussballtrikot-fuer-herren","14":"product_tag-fussballtrikot-kurzarm","15":"product_tag-guenstiges-fussballtrikot","17":"first","18":"instock","19":"shipping-taxable","20":"purchasable","21":"product-type-variable"},"_links":{"self":[{"href":"https:\/\/www.billigtrikotde.com\/cs\/wp-json\/wp\/v2\/product\/19437","targetHints":{"allow":["GET"]}}],"collection":[{"href":"https:\/\/www.billigtrikotde.com\/cs\/wp-json\/wp\/v2\/product"}],"about":[{"href":"https:\/\/www.billigtrikotde.com\/cs\/wp-json\/wp\/v2\/types\/product"}],"replies":[{"embeddable":true,"href":"https:\/\/www.billigtrikotde.com\/cs\/wp-json\/wp\/v2\/comments?post=19437"}],"wp:featuredmedia":[{"embeddable":true,"href":"https:\/\/www.billigtrikotde.com\/cs\/wp-json\/wp\/v2\/media\/19476"}],"wp:attachment":[{"href":"https:\/\/www.billigtrikotde.com\/cs\/wp-json\/wp\/v2\/media?parent=19437"}],"wp:term":[{"taxonomy":"product_brand","embeddable":true,"href":"https:\/\/www.billigtrikotde.com\/cs\/wp-json\/wp\/v2\/product_brand?post=19437"},{"taxonomy":"product_cat","embeddable":true,"href":"https:\/\/www.billigtrikotde.com\/cs\/wp-json\/wp\/v2\/product_cat?post=19437"},{"taxonomy":"product_tag","embeddable":true,"href":"https:\/\/www.billigtrikotde.com\/cs\/wp-json\/wp\/v2\/product_tag?post=19437"}],"curies":[{"name":"wp","href":"https:\/\/api.w.org\/{rel}","templated":true}]}}