{"id":19433,"date":"2024-10-24T11:28:35","date_gmt":"2024-10-24T09:28:35","guid":{"rendered":"http:\/\/billigtrikots.com\/?post_type=product&#038;p=19433"},"modified":"2025-10-16T16:01:45","modified_gmt":"2025-10-16T14:01:45","slug":"fussballtrikot-fuer-herren-set-real-madrid-2024-25-drittes-trikot-kylian-mbappe-9","status":"publish","type":"product","link":"https:\/\/www.billigtrikotde.com\/cs\/fussballtrikot-fuer-herren-set-real-madrid-2024-25-drittes-trikot-kylian-mbappe-9\/","title":{"rendered":"P\u00e1nsk\u00e1 fotbalov\u00e1 tri\u010dka Real Madrid 2024-25 Third Shirt Kylian Mbapp\u00e9 9"},"content":{"rendered":"<p>T\u0159et\u00ed dres Realu Madrid 2024-25 m\u00e1 antracitovou hlavn\u00ed barvu (Charcoal), kter\u00e1 je kombinov\u00e1na s reli\u00e9fem \"RMCF\" po cel\u00e9m dresu, co\u017e mu dod\u00e1v\u00e1 jedine\u010dn\u00fd vzhled. T\u0159et\u00ed fotbalov\u00fd dres Madrid 24-25 m\u00e1 polo l\u00edmec a man\u017eety se sv\u011btle r\u016f\u017eov\u00fdm (Putty Mauve)\/tmav\u011b \u0161ed\u00fdm lemov\u00e1n\u00edm.<\/p>\n<p>Tipy pro tisk: Pokud jsou jm\u00e9no a \u010d\u00edslo na obr\u00e1zku p\u0159esn\u011b takov\u00e9, jak\u00e9 chcete, nemus\u00edte je zad\u00e1vat znovu. Pokud tomu tak nen\u00ed, m\u011bli byste zadat po\u017eadovan\u00e9 jm\u00e9no a \u010d\u00edslo.<\/p>\n<p>Tipy pro pran\u00ed: Doporu\u010dujeme pr\u00e1t fotbalov\u00e1 tri\u010dka v ruce. Pokud chcete pou\u017e\u00edt pra\u010dku, nezapome\u0148te fotbalov\u00e1 tri\u010dka obr\u00e1tit naruby a pot\u00e9 je vyprat. Pra\u010dku napl\u0148te studenou vodou a pou\u017eijte jemn\u00fd cyklus, abyste l\u00e9pe ochr\u00e1nili barvy.<\/p>","protected":false},"excerpt":{"rendered":"<p>T\u0159et\u00ed dres Realu Madrid 2024-25 m\u00e1 hlavn\u00ed barvu antracitovou (Charcoal), kter\u00e1 je kombinov\u00e1na s razbou \u201eRMCF\u201c po cel\u00e9m dresu a vytv\u00e1\u0159\u00ed jedine\u010dn\u00fd vzhled. T\u0159et\u00ed fotbalov\u00fd dres Madridu 24-25 m\u00e1 polokrk a man\u017eety ruk\u00e1v\u016f s sv\u011btlorezavou (Putty Mauve)\/tmav\u011b \u0161ed\u00fdmi lemy. Tipy pro tisk: Pokud jm\u00e9no a \u010d\u00edslo na [\u2026]<\/p>","protected":false},"featured_media":19474,"comment_status":"open","ping_status":"closed","template":"","meta":[],"product_brand":[],"product_cat":[45],"product_tag":[574,21,228,24,1271,1309,1191,489,490,979],"class_list":{"0":"post-19433","1":"product","2":"type-product","3":"status-publish","4":"has-post-thumbnail","6":"product_cat-real-madrid","7":"product_tag-fussballtrikot-deutschland","8":"product_tag-fussballtrikot-fuer-herren","9":"product_tag-guenstige-fussballtrikot","10":"product_tag-guenstiges-fussballtrikot","11":"product_tag-kylian-mbappe-trikots","12":"product_tag-luka-modric-trikots","13":"product_tag-real-madrid-club-de-futbol-2024-25-trikot","14":"product_tag-real-madrid-fussballtrikot","15":"product_tag-real-madrid-trikot","16":"product_tag-real-madrid-trikot-2024","18":"first","19":"instock","20":"shipping-taxable","21":"purchasable","22":"product-type-variable"},"_links":{"self":[{"href":"https:\/\/www.billigtrikotde.com\/cs\/wp-json\/wp\/v2\/product\/19433","targetHints":{"allow":["GET"]}}],"collection":[{"href":"https:\/\/www.billigtrikotde.com\/cs\/wp-json\/wp\/v2\/product"}],"about":[{"href":"https:\/\/www.billigtrikotde.com\/cs\/wp-json\/wp\/v2\/types\/product"}],"replies":[{"embeddable":true,"href":"https:\/\/www.billigtrikotde.com\/cs\/wp-json\/wp\/v2\/comments?post=19433"}],"wp:featuredmedia":[{"embeddable":true,"href":"https:\/\/www.billigtrikotde.com\/cs\/wp-json\/wp\/v2\/media\/19474"}],"wp:attachment":[{"href":"https:\/\/www.billigtrikotde.com\/cs\/wp-json\/wp\/v2\/media?parent=19433"}],"wp:term":[{"taxonomy":"product_brand","embeddable":true,"href":"https:\/\/www.billigtrikotde.com\/cs\/wp-json\/wp\/v2\/product_brand?post=19433"},{"taxonomy":"product_cat","embeddable":true,"href":"https:\/\/www.billigtrikotde.com\/cs\/wp-json\/wp\/v2\/product_cat?post=19433"},{"taxonomy":"product_tag","embeddable":true,"href":"https:\/\/www.billigtrikotde.com\/cs\/wp-json\/wp\/v2\/product_tag?post=19433"}],"curies":[{"name":"wp","href":"https:\/\/api.w.org\/{rel}","templated":true}]}}