{"id":19397,"date":"2024-10-24T11:26:07","date_gmt":"2024-10-24T09:26:07","guid":{"rendered":"http:\/\/billigtrikots.com\/?post_type=product&#038;p=19397"},"modified":"2025-10-16T16:01:47","modified_gmt":"2025-10-16T14:01:47","slug":"fussballtrikot-fuer-herren-real-madrid-2024-25-auswaertstrikot-vinicius-junior-7","status":"publish","type":"product","link":"https:\/\/www.billigtrikotde.com\/cs\/fussballtrikot-fuer-herren-real-madrid-2024-25-auswaertstrikot-vinicius-junior-7\/","title":{"rendered":"Real Madrid 2024-25 Away Fotbalov\u00e9 tri\u010dko pro mu\u017ee Vinicius Junior 7"},"content":{"rendered":"<p>Nov\u00fd venkovn\u00ed dres Realu Madrid 24-25 p\u0159ipom\u00edn\u00e1 svou barvou t\u0159et\u00ed dres z let 2013-2014. Je p\u0159ev\u00e1\u017en\u011b jasn\u011b oran\u017eov\u00fd s \u010dern\u00fdmi aplikacemi. L\u00edmec m\u00e1 b\u00edl\u00e9 detaily. V\u00fdjezdn\u00ed souprava Realu Madrid pro sez\u00f3nu 2024\/25 je inspirov\u00e1na hv\u011bzdami na obloze b\u011bhem venkovn\u00edch z\u00e1pas\u016f a v\u017edy spojuje klub se Santiago Bernabeu. Oran\u017eov\u00fd dres m\u00e1 abstraktn\u00ed astr\u00e1ln\u00ed grafiku, kter\u00e1 se t\u00e1hne cel\u00fdm dresem, a na n\u011bm - zejm\u00e9na na l\u00edmci - najdete odst\u00edny z\u00e1\u0159iv\u011b modr\u00e9, \u010derno-modr\u00e9 metalick\u00e9 a no\u010dn\u00ed n\u00e1mo\u0159nick\u00e9 barvy. Dres, kter\u00fd spojuje Madrid s jeho rodnou zem\u00ed.<\/p>\n<p>Tipy pro tisk: Pokud jsou jm\u00e9no a \u010d\u00edslo na obr\u00e1zku p\u0159esn\u011b takov\u00e9, jak\u00e9 chcete, nemus\u00edte je zad\u00e1vat znovu. Pokud tomu tak nen\u00ed, m\u011bli byste zadat po\u017eadovan\u00e9 jm\u00e9no a \u010d\u00edslo.<\/p>\n<p>Tipy pro pran\u00ed: Doporu\u010dujeme pr\u00e1t fotbalov\u00e1 tri\u010dka v ruce. Pokud chcete pou\u017e\u00edt pra\u010dku, nezapome\u0148te fotbalov\u00e1 tri\u010dka obr\u00e1tit naruby a pot\u00e9 je vyprat. Pra\u010dku napl\u0148te studenou vodou a pou\u017eijte jemn\u00fd cyklus, abyste l\u00e9pe ochr\u00e1nili barvy.<\/p>","protected":false},"excerpt":{"rendered":"<p>Das neue Real Madrid 24-25 Ausw\u00e4rtstrikot erinnert farblich an das dritte Trikot von 2013-2014. Es ist \u00fcberwiegend leuchtend orange mit schwarzen Applikationen. Der Kragen ist mit wei\u00dfen Details versehen. Das Ausw\u00e4rtstrikot von Real Madrid f\u00fcr die Saison 2024\/25 ist von den Sternen am Himmel w\u00e4hrend der Ausw\u00e4rtsspiele inspiriert und verbindet den Verein immer mit dem [&hellip;]<\/p>","protected":false},"featured_media":19438,"comment_status":"open","ping_status":"closed","template":"","meta":[],"product_brand":[],"product_cat":[45],"product_tag":[574,21,228,24,1191,489,490,979,47,1302],"class_list":{"0":"post-19397","1":"product","2":"type-product","3":"status-publish","4":"has-post-thumbnail","6":"product_cat-real-madrid","7":"product_tag-fussballtrikot-deutschland","8":"product_tag-fussballtrikot-fuer-herren","9":"product_tag-guenstige-fussballtrikot","10":"product_tag-guenstiges-fussballtrikot","11":"product_tag-real-madrid-club-de-futbol-2024-25-trikot","12":"product_tag-real-madrid-fussballtrikot","13":"product_tag-real-madrid-trikot","14":"product_tag-real-madrid-trikot-2024","15":"product_tag-real-madrid-trikots","16":"product_tag-vinicius-junior-trikots","18":"first","19":"instock","20":"shipping-taxable","21":"purchasable","22":"product-type-variable"},"_links":{"self":[{"href":"https:\/\/www.billigtrikotde.com\/cs\/wp-json\/wp\/v2\/product\/19397","targetHints":{"allow":["GET"]}}],"collection":[{"href":"https:\/\/www.billigtrikotde.com\/cs\/wp-json\/wp\/v2\/product"}],"about":[{"href":"https:\/\/www.billigtrikotde.com\/cs\/wp-json\/wp\/v2\/types\/product"}],"replies":[{"embeddable":true,"href":"https:\/\/www.billigtrikotde.com\/cs\/wp-json\/wp\/v2\/comments?post=19397"}],"wp:featuredmedia":[{"embeddable":true,"href":"https:\/\/www.billigtrikotde.com\/cs\/wp-json\/wp\/v2\/media\/19438"}],"wp:attachment":[{"href":"https:\/\/www.billigtrikotde.com\/cs\/wp-json\/wp\/v2\/media?parent=19397"}],"wp:term":[{"taxonomy":"product_brand","embeddable":true,"href":"https:\/\/www.billigtrikotde.com\/cs\/wp-json\/wp\/v2\/product_brand?post=19397"},{"taxonomy":"product_cat","embeddable":true,"href":"https:\/\/www.billigtrikotde.com\/cs\/wp-json\/wp\/v2\/product_cat?post=19397"},{"taxonomy":"product_tag","embeddable":true,"href":"https:\/\/www.billigtrikotde.com\/cs\/wp-json\/wp\/v2\/product_tag?post=19397"}],"curies":[{"name":"wp","href":"https:\/\/api.w.org\/{rel}","templated":true}]}}