{"id":19335,"date":"2024-10-24T11:22:34","date_gmt":"2024-10-24T09:22:34","guid":{"rendered":"http:\/\/billigtrikots.com\/?post_type=product&#038;p=19335"},"modified":"2025-10-16T16:01:52","modified_gmt":"2025-10-16T14:01:52","slug":"kinder-fussball-trikot-real-madrid-24-25-auswaertstrikot-trikotsatz-kylian-mbappe-9","status":"publish","type":"product","link":"https:\/\/www.billigtrikotde.com\/cs\/kinder-fussball-trikot-real-madrid-24-25-auswaertstrikot-trikotsatz-kylian-mbappe-9\/","title":{"rendered":"D\u011btsk\u00e9 fotbalov\u00e9 tri\u010dko Real Madrid 24-25 Away Kit Kylian Mbappe 9"},"content":{"rendered":"<p>Nov\u00fd venkovn\u00ed dres Realu Madrid 24-25 p\u0159ipom\u00edn\u00e1 svou barvou t\u0159et\u00ed dres z let 2013-2014 a je p\u0159ev\u00e1\u017en\u011b jasn\u011b oran\u017eov\u00fd s \u010dern\u00fdmi aplikacemi. V\u00fdjezdn\u00ed souprava Realu Madrid pro sez\u00f3nu 2024\/25 je inspirov\u00e1na hv\u011bzdami na obloze b\u011bhem venkovn\u00edch z\u00e1pas\u016f a v\u017edy spojuje klub se Santiago Bernabeu. Oran\u017eov\u00fd dres je opat\u0159en abstraktn\u00ed astr\u00e1ln\u00ed grafikou, kter\u00e1 se t\u00e1hne cel\u00fdm dresem, a na cel\u00e9m dresu - zejm\u00e9na na l\u00edmci - se nach\u00e1zej\u00ed odst\u00edny z\u00e1\u0159iv\u011b modr\u00e9, \u010derno-modr\u00e9 metalick\u00e9 a no\u010dn\u00ed n\u00e1mo\u0159nick\u00e9 barvy. Dres, kter\u00fd spojuje madridisty s jejich rodnou zem\u00ed.<\/p>\n<p>Tipy pro tisk: Pokud jsou jm\u00e9no a \u010d\u00edslo na obr\u00e1zku p\u0159esn\u011b takov\u00e9, jak\u00e9 chcete, nemus\u00edte je zad\u00e1vat znovu. Pokud tomu tak nen\u00ed, m\u011bli byste zadat po\u017eadovan\u00e9 jm\u00e9no a \u010d\u00edslo.<\/p>\n<p>Tipy pro pran\u00ed: Doporu\u010dujeme pr\u00e1t fotbalov\u00e1 tri\u010dka v ruce. Pokud chcete pou\u017e\u00edt pra\u010dku, nezapome\u0148te fotbalov\u00e1 tri\u010dka obr\u00e1tit naruby a pot\u00e9 je vyprat. Pra\u010dku napl\u0148te studenou vodou a pou\u017eijte jemn\u00fd cyklus, abyste l\u00e9pe ochr\u00e1nili barvy.<\/p>","protected":false},"excerpt":{"rendered":"<p>Das neue Real Madrid 24-25 Ausw\u00e4rtstrikot erinnert farblich an das dritte Trikot von 2013-2014. Es ist \u00fcberwiegend leuchtend orange mit schwarzen Applikationen. Der Kragen ist mit wei\u00dfen Details versehen.Das Ausw\u00e4rtstrikot von Real Madrid f\u00fcr die Saison 2024\/25 ist von den Sternen am Himmel w\u00e4hrend der Ausw\u00e4rtsspiele inspiriert und verbindet den Verein immer mit dem Santiago [&hellip;]<\/p>","protected":false},"featured_media":19383,"comment_status":"open","ping_status":"closed","template":"","meta":[],"product_brand":[],"product_cat":[165],"product_tag":[20,574,24,94,1271,879,880,47,166],"class_list":{"0":"post-19335","1":"product","2":"type-product","3":"status-publish","4":"has-post-thumbnail","6":"product_cat-real-madrid-kindertrikot","7":"product_tag-coole-fussballtrikots","8":"product_tag-fussballtrikot-deutschland","9":"product_tag-guenstiges-fussballtrikot","10":"product_tag-kinder-fussball-trikotsatz","11":"product_tag-kylian-mbappe-trikots","12":"product_tag-real-madrid-fussballtrikots-kinder","13":"product_tag-real-madrid-trikot-fuer-kinder","14":"product_tag-real-madrid-trikots","15":"product_tag-real-madrid-trikotsatz-fuer-kinder","17":"first","18":"instock","19":"shipping-taxable","20":"purchasable","21":"product-type-variable"},"_links":{"self":[{"href":"https:\/\/www.billigtrikotde.com\/cs\/wp-json\/wp\/v2\/product\/19335","targetHints":{"allow":["GET"]}}],"collection":[{"href":"https:\/\/www.billigtrikotde.com\/cs\/wp-json\/wp\/v2\/product"}],"about":[{"href":"https:\/\/www.billigtrikotde.com\/cs\/wp-json\/wp\/v2\/types\/product"}],"replies":[{"embeddable":true,"href":"https:\/\/www.billigtrikotde.com\/cs\/wp-json\/wp\/v2\/comments?post=19335"}],"wp:featuredmedia":[{"embeddable":true,"href":"https:\/\/www.billigtrikotde.com\/cs\/wp-json\/wp\/v2\/media\/19383"}],"wp:attachment":[{"href":"https:\/\/www.billigtrikotde.com\/cs\/wp-json\/wp\/v2\/media?parent=19335"}],"wp:term":[{"taxonomy":"product_brand","embeddable":true,"href":"https:\/\/www.billigtrikotde.com\/cs\/wp-json\/wp\/v2\/product_brand?post=19335"},{"taxonomy":"product_cat","embeddable":true,"href":"https:\/\/www.billigtrikotde.com\/cs\/wp-json\/wp\/v2\/product_cat?post=19335"},{"taxonomy":"product_tag","embeddable":true,"href":"https:\/\/www.billigtrikotde.com\/cs\/wp-json\/wp\/v2\/product_tag?post=19335"}],"curies":[{"name":"wp","href":"https:\/\/api.w.org\/{rel}","templated":true}]}}