{"id":19326,"date":"2024-10-24T11:22:02","date_gmt":"2024-10-24T09:22:02","guid":{"rendered":"http:\/\/billigtrikots.com\/?post_type=product&#038;p=19326"},"modified":"2025-06-16T16:03:02","modified_gmt":"2025-06-16T14:03:02","slug":"juventus-heimtrikot-2024-25-schwarz-weiss-fussballtrikots-dusan-vlahovic-9","status":"publish","type":"product","link":"https:\/\/www.billigtrikotde.com\/cs\/juventus-heimtrikot-2024-25-schwarz-weiss-fussballtrikots-dusan-vlahovic-9\/","title":{"rendered":"Juventus Home Shirt 2024-25 black white Fotbalov\u00e9 dresy Dusan Vlahovic 9"},"content":{"rendered":"<p>Nov\u00fd dres Juventus 2024-25 je tradi\u010dn\u011b b\u00edlo-\u010dern\u00fd se dv\u011bma velk\u00fdmi \u010dern\u00fdmi svisl\u00fdmi pruhy p\u0159es logo a znak Juventusu, logo a znak Juve jsou b\u00edl\u00e9 na \u010dern\u00e9m pruhovan\u00e9m pozad\u00ed.<\/p>\n<p>Tipy pro tisk: Pokud jsou jm\u00e9no a \u010d\u00edslo na obr\u00e1zku p\u0159esn\u011b takov\u00e9, jak\u00e9 chcete, nemus\u00edte je zad\u00e1vat znovu. Pokud tomu tak nen\u00ed, m\u011bli byste zadat po\u017eadovan\u00e9 jm\u00e9no a \u010d\u00edslo.<\/p>\n<p>Tipy pro pran\u00ed: Doporu\u010dujeme pr\u00e1t fotbalov\u00e1 tri\u010dka v ruce. Pokud chcete pou\u017e\u00edt pra\u010dku, nezapome\u0148te fotbalov\u00e1 tri\u010dka obr\u00e1tit naruby a pot\u00e9 je vyprat. Pra\u010dku napl\u0148te studenou vodou a pou\u017eijte jemn\u00fd cyklus, abyste l\u00e9pe ochr\u00e1nili barvy.<\/p>","protected":false},"excerpt":{"rendered":"<p>Nov\u00fd dres Juventus 2024-25 je tradi\u010dn\u011b b\u00edl\u00fd a \u010dern\u00fd se dv\u011bma velk\u00fdmi \u010dern\u00fdmi svisl\u00fdmi pruhy, kter\u00e9 prob\u00edhaj\u00ed p\u0159es logo a znak Juventusu. Logo a znak Juve jsou b\u00edl\u00e9 na pozad\u00ed \u010dern\u00e9ho pruhovan\u00e9ho pozad\u00ed. Tipy k tisku: Pokud jm\u00e9no a \u010d\u00edslo na sn\u00edmku p\u0159esn\u011b odpov\u00eddaj\u00ed va\u0161im po\u017eadavk\u016fm, nemus\u00edte je znovu zad\u00e1vat. Pokud ne, m\u011bli byste zadat po\u017eadovan\u00e9 jm\u00e9no a \u010d\u00edslo. Tipy k pran\u00ed: Doporu\u010duje se ru\u010dn\u00ed pran\u00ed fotbalov\u00fdch dres\u016f. Kdy\u017e budete m\u00edt [\u2026]<\/p>","protected":false},"featured_media":19374,"comment_status":"open","ping_status":"closed","template":"","meta":[],"product_brand":[],"product_cat":[59],"product_tag":[20,1301,574,21,23,24,617,618,61],"class_list":{"0":"post-19326","1":"product","2":"type-product","3":"status-publish","4":"has-post-thumbnail","6":"product_cat-juventus","7":"product_tag-coole-fussballtrikots","8":"product_tag-dusan-vlahovic-trikots","9":"product_tag-fussballtrikot-deutschland","10":"product_tag-fussballtrikot-fuer-herren","11":"product_tag-fussballtrikot-kurzarm","12":"product_tag-guenstiges-fussballtrikot","13":"product_tag-juventus-fussballtrikot","14":"product_tag-juventus-trikot","15":"product_tag-juventus-trikots","17":"first","18":"instock","19":"shipping-taxable","20":"purchasable","21":"product-type-variable"},"_links":{"self":[{"href":"https:\/\/www.billigtrikotde.com\/cs\/wp-json\/wp\/v2\/product\/19326","targetHints":{"allow":["GET"]}}],"collection":[{"href":"https:\/\/www.billigtrikotde.com\/cs\/wp-json\/wp\/v2\/product"}],"about":[{"href":"https:\/\/www.billigtrikotde.com\/cs\/wp-json\/wp\/v2\/types\/product"}],"replies":[{"embeddable":true,"href":"https:\/\/www.billigtrikotde.com\/cs\/wp-json\/wp\/v2\/comments?post=19326"}],"wp:featuredmedia":[{"embeddable":true,"href":"https:\/\/www.billigtrikotde.com\/cs\/wp-json\/wp\/v2\/media\/19374"}],"wp:attachment":[{"href":"https:\/\/www.billigtrikotde.com\/cs\/wp-json\/wp\/v2\/media?parent=19326"}],"wp:term":[{"taxonomy":"product_brand","embeddable":true,"href":"https:\/\/www.billigtrikotde.com\/cs\/wp-json\/wp\/v2\/product_brand?post=19326"},{"taxonomy":"product_cat","embeddable":true,"href":"https:\/\/www.billigtrikotde.com\/cs\/wp-json\/wp\/v2\/product_cat?post=19326"},{"taxonomy":"product_tag","embeddable":true,"href":"https:\/\/www.billigtrikotde.com\/cs\/wp-json\/wp\/v2\/product_tag?post=19326"}],"curies":[{"name":"wp","href":"https:\/\/api.w.org\/{rel}","templated":true}]}}