{"id":19305,"date":"2024-10-24T11:20:49","date_gmt":"2024-10-24T09:20:49","guid":{"rendered":"http:\/\/billigtrikots.com\/?post_type=product&#038;p=19305"},"modified":"2024-10-24T11:23:37","modified_gmt":"2024-10-24T09:23:37","slug":"kinderheim-trikot-benfica-heimtrikot-2024-25-rot-kurzarm-weiss-kurze-hosen","status":"publish","type":"product","link":"https:\/\/www.billigtrikotde.com\/cs\/kinderheim-trikot-benfica-heimtrikot-2024-25-rot-kurzarm-weiss-kurze-hosen\/","title":{"rendered":"D\u011btsk\u00e9 dom\u00e1c\u00ed tri\u010dko Benfica 2024-25 \u010derven\u00e9 s kr\u00e1tk\u00fdm ruk\u00e1vem + b\u00edl\u00e9 \u0161ortky"},"content":{"rendered":"<p>Nov\u00fd dres je poctou bohat\u00e9 historii klubu a m\u00e1 klasick\u00fd v\u00e9\u010dkov\u00fd v\u00fdst\u0159ih. Design je inspirov\u00e1n dom\u00e1c\u00edm dresem ze sez\u00f3ny 1974\/75, kdy Benfica z\u00edskala titul v Primeira Lize, a vyvol\u00e1v\u00e1 pocit nostalgie. SL Benfica se pono\u0159ila do ko\u0159en\u016f klubov\u00e9 historie a vyvinula dres s v\u00fdrazn\u00fdm b\u00edl\u00fdm v\u00e9\u010dkov\u00fdm v\u00fdst\u0159ihem a grafikou, v n\u00ed\u017e se p\u00edsmeno V opakuje po cel\u00e9m obvodu.<\/p>\n<p>Dres m\u00e1 z\u00e1\u0159iv\u00fd vzor v \u010derven\u00fdch odst\u00ednech, kter\u00fd na p\u0159edn\u00ed stran\u011b zdob\u00ed t\u00f3n v t\u00f3nu motivy ve tvaru V. Nov\u00e9 logo je vy\u0161it\u00e9 na prav\u00e9 stran\u011b hrudi, zat\u00edmco ikonick\u00fd znak SL Benfica, zdoben\u00fd t\u0159emi hv\u011bzdami p\u0159edstavuj\u00edc\u00edmi v\u0161ech deset mistrovsk\u00fdch titul\u016f, kter\u00e9 klub z\u00edskal, je um\u00edst\u011bn na lev\u00e9 stran\u011b.<\/p>\n<p>Tipy pro tisk: Pokud jsou jm\u00e9no a \u010d\u00edslo na obr\u00e1zku p\u0159esn\u011b takov\u00e9, jak\u00e9 chcete, nemus\u00edte je zad\u00e1vat znovu. Pokud tomu tak nen\u00ed, m\u011bli byste zadat po\u017eadovan\u00e9 jm\u00e9no a \u010d\u00edslo.<\/p>\n<p>Tipy pro pran\u00ed: Doporu\u010dujeme pr\u00e1t fotbalov\u00e1 tri\u010dka v ruce. Pokud chcete pou\u017e\u00edt pra\u010dku, nezapome\u0148te fotbalov\u00e1 tri\u010dka obr\u00e1tit naruby a pot\u00e9 je vyprat. Pra\u010dku napl\u0148te studenou vodou a pou\u017eijte jemn\u00fd cyklus, abyste l\u00e9pe ochr\u00e1nili barvy.<\/p>","protected":false},"excerpt":{"rendered":"<p>Das neue Trikot ist eine Hommage an die reiche Vereinsgeschichte und hat einen klassischen V-Ausschnitt. Das Design ist vom Heimtrikot der Saison 1974\/75 inspiriert, als Benfica einen Titel in der Primeira Liga gewann, und weckt ein Gef\u00fchl von Nostalgie. SL Benfica hat sich mit den Wurzeln der Vereinsgeschichte befasst und ein Trikot mit einem markanten [&hellip;]<\/p>","protected":false},"featured_media":19353,"comment_status":"open","ping_status":"closed","template":"","meta":[],"product_brand":[],"product_cat":[726],"product_tag":[727,728,20,574,24,94],"class_list":{"0":"post-19305","1":"product","2":"type-product","3":"status-publish","4":"has-post-thumbnail","6":"product_cat-benfica-kindertrikot","7":"product_tag-benfica-fussballtrikots-kinder-mit-eigenem-namen","8":"product_tag-benfica-trikot-fuer-kinder","9":"product_tag-coole-fussballtrikots","10":"product_tag-fussballtrikot-deutschland","11":"product_tag-guenstiges-fussballtrikot","12":"product_tag-kinder-fussball-trikotsatz","14":"first","15":"instock","16":"shipping-taxable","17":"purchasable","18":"product-type-variable"},"_links":{"self":[{"href":"https:\/\/www.billigtrikotde.com\/cs\/wp-json\/wp\/v2\/product\/19305","targetHints":{"allow":["GET"]}}],"collection":[{"href":"https:\/\/www.billigtrikotde.com\/cs\/wp-json\/wp\/v2\/product"}],"about":[{"href":"https:\/\/www.billigtrikotde.com\/cs\/wp-json\/wp\/v2\/types\/product"}],"replies":[{"embeddable":true,"href":"https:\/\/www.billigtrikotde.com\/cs\/wp-json\/wp\/v2\/comments?post=19305"}],"wp:featuredmedia":[{"embeddable":true,"href":"https:\/\/www.billigtrikotde.com\/cs\/wp-json\/wp\/v2\/media\/19353"}],"wp:attachment":[{"href":"https:\/\/www.billigtrikotde.com\/cs\/wp-json\/wp\/v2\/media?parent=19305"}],"wp:term":[{"taxonomy":"product_brand","embeddable":true,"href":"https:\/\/www.billigtrikotde.com\/cs\/wp-json\/wp\/v2\/product_brand?post=19305"},{"taxonomy":"product_cat","embeddable":true,"href":"https:\/\/www.billigtrikotde.com\/cs\/wp-json\/wp\/v2\/product_cat?post=19305"},{"taxonomy":"product_tag","embeddable":true,"href":"https:\/\/www.billigtrikotde.com\/cs\/wp-json\/wp\/v2\/product_tag?post=19305"}],"curies":[{"name":"wp","href":"https:\/\/api.w.org\/{rel}","templated":true}]}}