{"id":19303,"date":"2024-10-24T11:20:47","date_gmt":"2024-10-24T09:20:47","guid":{"rendered":"http:\/\/billigtrikots.com\/?post_type=product&#038;p=19303"},"modified":"2024-10-24T11:23:36","modified_gmt":"2024-10-24T09:23:36","slug":"kindertrikot-benfica-auswaertstrikot-2024-25-schwarz-rot-trikotsatz","status":"publish","type":"product","link":"https:\/\/www.billigtrikotde.com\/cs\/kindertrikot-benfica-auswaertstrikot-2024-25-schwarz-rot-trikotsatz\/","title":{"rendered":"D\u011btsk\u00e1 souprava Benfica 2024-25 black red kit"},"content":{"rendered":"<p>V\u00fdjezdn\u00ed dres Benfica 24-25 je p\u0159ev\u00e1\u017en\u011b \u010dern\u00fd s v\u00fdrazn\u00fdmi \u010derven\u00fdmi akcenty. T\u0159i pruhy, logo a znak Benficy jsou n\u00e1padn\u011b \u010derven\u00e9.<\/p>\n<p>Tipy pro tisk: Pokud jsou jm\u00e9no a \u010d\u00edslo na obr\u00e1zku p\u0159esn\u011b takov\u00e9, jak\u00e9 chcete, nemus\u00edte je zad\u00e1vat znovu. Pokud tomu tak nen\u00ed, m\u011bli byste zadat po\u017eadovan\u00e9 jm\u00e9no a \u010d\u00edslo.<\/p>\n<p>Tipy pro pran\u00ed: Doporu\u010dujeme pr\u00e1t fotbalov\u00e1 tri\u010dka v ruce. Pokud chcete pou\u017e\u00edt pra\u010dku, nezapome\u0148te fotbalov\u00e1 tri\u010dka obr\u00e1tit naruby a pot\u00e9 je vyprat. Pra\u010dku napl\u0148te studenou vodou a pou\u017eijte jemn\u00fd cyklus, abyste l\u00e9pe ochr\u00e1nili barvy.<\/p>","protected":false},"excerpt":{"rendered":"<p>Pouzdro Benfica 24-25 venkovn\u00ed dres je p\u0159ev\u00e1\u017en\u011b \u010dern\u00e9 s v\u00fdrazn\u00fdmi \u010derven\u00fdmi akcenty. T\u0159i pruhy, logo a erb Ben\ufb01ca jsou v\u0161echny v\u00fdrazn\u011b \u010derven\u00e9. Tipy pro tisk: Pokud jm\u00e9no a \u010d\u00edslo na obr\u00e1zku odpov\u00eddaj\u00ed p\u0159esn\u011b va\u0161im po\u017eadavk\u016fm, nemus\u00edte je zad\u00e1vat znovu. Pokud ne, m\u011bli byste zadat po\u017eadovan\u00e9 jm\u00e9no a \u010d\u00edslo [\u2026]<\/p>","protected":false},"featured_media":19351,"comment_status":"open","ping_status":"closed","template":"","meta":[],"product_brand":[],"product_cat":[726],"product_tag":[727,728,20,574,24,94],"class_list":{"0":"post-19303","1":"product","2":"type-product","3":"status-publish","4":"has-post-thumbnail","6":"product_cat-benfica-kindertrikot","7":"product_tag-benfica-fussballtrikots-kinder-mit-eigenem-namen","8":"product_tag-benfica-trikot-fuer-kinder","9":"product_tag-coole-fussballtrikots","10":"product_tag-fussballtrikot-deutschland","11":"product_tag-guenstiges-fussballtrikot","12":"product_tag-kinder-fussball-trikotsatz","14":"first","15":"instock","16":"shipping-taxable","17":"purchasable","18":"product-type-variable"},"_links":{"self":[{"href":"https:\/\/www.billigtrikotde.com\/cs\/wp-json\/wp\/v2\/product\/19303","targetHints":{"allow":["GET"]}}],"collection":[{"href":"https:\/\/www.billigtrikotde.com\/cs\/wp-json\/wp\/v2\/product"}],"about":[{"href":"https:\/\/www.billigtrikotde.com\/cs\/wp-json\/wp\/v2\/types\/product"}],"replies":[{"embeddable":true,"href":"https:\/\/www.billigtrikotde.com\/cs\/wp-json\/wp\/v2\/comments?post=19303"}],"wp:featuredmedia":[{"embeddable":true,"href":"https:\/\/www.billigtrikotde.com\/cs\/wp-json\/wp\/v2\/media\/19351"}],"wp:attachment":[{"href":"https:\/\/www.billigtrikotde.com\/cs\/wp-json\/wp\/v2\/media?parent=19303"}],"wp:term":[{"taxonomy":"product_brand","embeddable":true,"href":"https:\/\/www.billigtrikotde.com\/cs\/wp-json\/wp\/v2\/product_brand?post=19303"},{"taxonomy":"product_cat","embeddable":true,"href":"https:\/\/www.billigtrikotde.com\/cs\/wp-json\/wp\/v2\/product_cat?post=19303"},{"taxonomy":"product_tag","embeddable":true,"href":"https:\/\/www.billigtrikotde.com\/cs\/wp-json\/wp\/v2\/product_tag?post=19303"}],"curies":[{"name":"wp","href":"https:\/\/api.w.org\/{rel}","templated":true}]}}