{"id":19301,"date":"2024-10-24T11:20:45","date_gmt":"2024-10-24T09:20:45","guid":{"rendered":"http:\/\/billigtrikots.com\/?post_type=product&#038;p=19301"},"modified":"2025-03-13T00:48:54","modified_gmt":"2025-03-12T23:48:54","slug":"kaufen-inter-miami-mls-2024-25-drittes-trikot-kurzarm-lionel-messi-10","status":"publish","type":"product","link":"https:\/\/www.billigtrikotde.com\/cs\/kaufen-inter-miami-mls-2024-25-drittes-trikot-kurzarm-lionel-messi-10\/","title":{"rendered":"Koupit Inter Miami MLS 2024-25 Third Jersey kr\u00e1tk\u00fd ruk\u00e1v Lionel Messi 10"},"content":{"rendered":"<p>Nov\u00fd t\u0159et\u00ed dres Interu Miami 2024 je tyrkysov\u00fd s oran\u017eov\u00fdmi a b\u00edl\u00fdmi akcenty. Logo a znak Interu Miami jsou b\u00edl\u00e9. Man\u017eety a l\u00edmec na boku dresu jsou b\u00edl\u00e9 a oran\u017eov\u00e9. Zaj\u00edmavost\u00ed t\u0159et\u00edho dresu Interu Miami 2024 je, \u017ee na hrudi se m\u00edsto loga sponzora Royal Caribbean objevuje slovo Miami ve tvaru \"Miami Vice\".<\/p>\n<p>Tipy pro tisk: Pokud jsou jm\u00e9no a \u010d\u00edslo na obr\u00e1zku p\u0159esn\u011b takov\u00e9, jak\u00e9 chcete, nemus\u00edte je zad\u00e1vat znovu. Pokud tomu tak nen\u00ed, m\u011bli byste zadat po\u017eadovan\u00e9 jm\u00e9no a \u010d\u00edslo.<\/p>\n<p>Tipy pro pran\u00ed: Doporu\u010dujeme pr\u00e1t fotbalov\u00e1 tri\u010dka v ruce. Pokud chcete pou\u017e\u00edt pra\u010dku, nezapome\u0148te fotbalov\u00e1 tri\u010dka obr\u00e1tit naruby a pot\u00e9 je vyprat. Pra\u010dku napl\u0148te studenou vodou a pou\u017eijte jemn\u00fd cyklus, abyste l\u00e9pe ochr\u00e1nili barvy.<\/p>","protected":false},"excerpt":{"rendered":"<p>Das neue dritte Trikot von Inter Miami 2024 ist aquat\u00fcrkis mit orangefarbenen und wei\u00dfen Akzenten. Das Logo und das Inter Miami-Wappen sind wei\u00df. Die Manschetten und der Kragen an der Seite des Trikots sind wei\u00df und orange. Das Highlight des dritten Trikots von Inter Miami 2024 ist, dass das Wort Miami in einer \u201eMiami Vice\u201c-Schriftart [&hellip;]<\/p>","protected":false},"featured_media":19344,"comment_status":"open","ping_status":"closed","template":"","meta":[],"product_brand":[],"product_cat":[557],"product_tag":[20,21,22,24,633,1299],"class_list":{"0":"post-19301","1":"product","2":"type-product","3":"status-publish","4":"has-post-thumbnail","6":"product_cat-inter-miami","7":"product_tag-coole-fussballtrikots","8":"product_tag-fussballtrikot-fuer-herren","9":"product_tag-fussballtrikot-guenstig-kaufen","10":"product_tag-guenstiges-fussballtrikot","11":"product_tag-inter-miami-fussballtrikot","12":"product_tag-lionel-messi-trikots","14":"first","15":"instock","16":"shipping-taxable","17":"purchasable","18":"product-type-variable"},"_links":{"self":[{"href":"https:\/\/www.billigtrikotde.com\/cs\/wp-json\/wp\/v2\/product\/19301","targetHints":{"allow":["GET"]}}],"collection":[{"href":"https:\/\/www.billigtrikotde.com\/cs\/wp-json\/wp\/v2\/product"}],"about":[{"href":"https:\/\/www.billigtrikotde.com\/cs\/wp-json\/wp\/v2\/types\/product"}],"replies":[{"embeddable":true,"href":"https:\/\/www.billigtrikotde.com\/cs\/wp-json\/wp\/v2\/comments?post=19301"}],"wp:featuredmedia":[{"embeddable":true,"href":"https:\/\/www.billigtrikotde.com\/cs\/wp-json\/wp\/v2\/media\/19344"}],"wp:attachment":[{"href":"https:\/\/www.billigtrikotde.com\/cs\/wp-json\/wp\/v2\/media?parent=19301"}],"wp:term":[{"taxonomy":"product_brand","embeddable":true,"href":"https:\/\/www.billigtrikotde.com\/cs\/wp-json\/wp\/v2\/product_brand?post=19301"},{"taxonomy":"product_cat","embeddable":true,"href":"https:\/\/www.billigtrikotde.com\/cs\/wp-json\/wp\/v2\/product_cat?post=19301"},{"taxonomy":"product_tag","embeddable":true,"href":"https:\/\/www.billigtrikotde.com\/cs\/wp-json\/wp\/v2\/product_tag?post=19301"}],"curies":[{"name":"wp","href":"https:\/\/api.w.org\/{rel}","templated":true}]}}