{"id":19275,"date":"2024-10-24T11:19:00","date_gmt":"2024-10-24T09:19:00","guid":{"rendered":"http:\/\/billigtrikots.com\/?post_type=product&#038;p=19275"},"modified":"2024-10-24T11:21:54","modified_gmt":"2024-10-24T09:21:54","slug":"billiges-fussballtrikot-fuer-herren-aston-villa-heimtrikot-2024-25","status":"publish","type":"product","link":"https:\/\/www.billigtrikotde.com\/cs\/billiges-fussballtrikot-fuer-herren-aston-villa-heimtrikot-2024-25\/","title":{"rendered":"Levn\u00e9 fotbalov\u00e9 tri\u010dko pro mu\u017ee Aston Villa Home Shirt 2024-25"},"content":{"rendered":"<p>Dres Aston Villa 2024-25 kombinuje v\u00ednovou z\u00e1kladn\u00ed barvu s b\u00edl\u00fdm logem a nebesky modr\u00fdmi aplikacemi, p\u0159i\u010dem\u017e v\u00fdrazn\u00fdm prvkem nov\u00e9ho dresu Aston Villa je nov\u00fd znak. Na p\u0159edn\u00ed stran\u011b je nov\u00e9 logo nov\u00e9ho hlavn\u00edho sponzora klubu, spole\u010dnosti Betano, a na zadn\u00ed stran\u011b pod l\u00edmcem dom\u00e1c\u00edho dresu Aston Villa 24-25 je logo ke 150. v\u00fdro\u010d\u00ed zalo\u017een\u00ed klubu.<\/p>\n<p>Tipy pro tisk: Pokud jsou jm\u00e9no a \u010d\u00edslo na obr\u00e1zku p\u0159esn\u011b takov\u00e9, jak\u00e9 chcete, nemus\u00edte je zad\u00e1vat znovu. Pokud tomu tak nen\u00ed, m\u011bli byste zadat po\u017eadovan\u00e9 jm\u00e9no a \u010d\u00edslo.<\/p>\n<p>Tipy pro pran\u00ed: Doporu\u010dujeme pr\u00e1t fotbalov\u00e1 tri\u010dka v ruce. Pokud chcete pou\u017e\u00edt pra\u010dku, nezapome\u0148te fotbalov\u00e1 tri\u010dka obr\u00e1tit naruby a pot\u00e9 je vyprat. Pra\u010dku napl\u0148te studenou vodou a pou\u017eijte jemn\u00fd cyklus, abyste l\u00e9pe ochr\u00e1nili barvy.<\/p>","protected":false},"excerpt":{"rendered":"<p>Das Aston Villa 2024-25 Trikot kombiniert eine weinrote Grundfarbe mit einem wei\u00dfen Logo und himmelblauen Applikationen. Ein auff\u00e4lliges Merkmal des neuen Aston Villa Trikots ist das neue Wappen. Auf der Vorderseite befindet sich das neue Logo des neuen Hauptsponsors des Vereins, Betano. Auf der R\u00fcckseite unter dem Kragen des Aston Villa 24-25 Heimtrikots befindet sich [&hellip;]<\/p>","protected":false},"featured_media":19319,"comment_status":"open","ping_status":"closed","template":"","meta":[],"product_brand":[],"product_cat":[1061],"product_tag":[1062,1063,20,574,21,22,24],"class_list":{"0":"post-19275","1":"product","2":"type-product","3":"status-publish","4":"has-post-thumbnail","6":"product_cat-aston-villa","7":"product_tag-aston-villa-fussballtrikot","8":"product_tag-aston-villa-trikot","9":"product_tag-coole-fussballtrikots","10":"product_tag-fussballtrikot-deutschland","11":"product_tag-fussballtrikot-fuer-herren","12":"product_tag-fussballtrikot-guenstig-kaufen","13":"product_tag-guenstiges-fussballtrikot","15":"first","16":"instock","17":"shipping-taxable","18":"purchasable","19":"product-type-variable"},"_links":{"self":[{"href":"https:\/\/www.billigtrikotde.com\/cs\/wp-json\/wp\/v2\/product\/19275","targetHints":{"allow":["GET"]}}],"collection":[{"href":"https:\/\/www.billigtrikotde.com\/cs\/wp-json\/wp\/v2\/product"}],"about":[{"href":"https:\/\/www.billigtrikotde.com\/cs\/wp-json\/wp\/v2\/types\/product"}],"replies":[{"embeddable":true,"href":"https:\/\/www.billigtrikotde.com\/cs\/wp-json\/wp\/v2\/comments?post=19275"}],"wp:featuredmedia":[{"embeddable":true,"href":"https:\/\/www.billigtrikotde.com\/cs\/wp-json\/wp\/v2\/media\/19319"}],"wp:attachment":[{"href":"https:\/\/www.billigtrikotde.com\/cs\/wp-json\/wp\/v2\/media?parent=19275"}],"wp:term":[{"taxonomy":"product_brand","embeddable":true,"href":"https:\/\/www.billigtrikotde.com\/cs\/wp-json\/wp\/v2\/product_brand?post=19275"},{"taxonomy":"product_cat","embeddable":true,"href":"https:\/\/www.billigtrikotde.com\/cs\/wp-json\/wp\/v2\/product_cat?post=19275"},{"taxonomy":"product_tag","embeddable":true,"href":"https:\/\/www.billigtrikotde.com\/cs\/wp-json\/wp\/v2\/product_tag?post=19275"}],"curies":[{"name":"wp","href":"https:\/\/api.w.org\/{rel}","templated":true}]}}