{"id":19235,"date":"2024-10-24T11:16:41","date_gmt":"2024-10-24T09:16:41","guid":{"rendered":"http:\/\/billigtrikots.com\/?post_type=product&#038;p=19235"},"modified":"2025-06-09T04:41:39","modified_gmt":"2025-06-09T02:41:39","slug":"bestseller-fussballtrikot-arsenal-2024-25-drittes-trikot-personalisierbar","status":"publish","type":"product","link":"https:\/\/www.billigtrikotde.com\/cs\/bestseller-fussballtrikot-arsenal-2024-25-drittes-trikot-personalisierbar\/","title":{"rendered":"Nejprod\u00e1van\u011bj\u0161\u00ed Arsenal 2024-25 Third Shirt P\u0159izp\u016fsobiteln\u00e9 fotbalov\u00e9 tri\u010dko"},"content":{"rendered":"<p>T\u0159et\u00ed fotbalov\u00e9 tri\u010dko Arsenal 24-25 m\u00e1 hlavn\u00ed barvu aqua, kter\u00e1 je kombinov\u00e1na se sv\u011btle fialovou a tmav\u011b modrou. Na dres Arsenalu 24-25 se vrac\u00ed logo Trefoil, kter\u00e9 nebylo na dresu Arsenalu pou\u017eito od roku 1992. Design t\u0159et\u00edho fotbalov\u00e9ho dresu Arsenal FC 2024-25 je v kontrastu s klasick\u00fdm logem Trefoil modern\u00ed. M\u00e1 modern\u00ed barevn\u00fd gradientn\u00ed design, kter\u00fd p\u0159ipom\u00edn\u00e1 pol\u00e1rn\u00ed z\u00e1\u0159i.<\/p>\n<p>Tipy pro tisk: Pokud jsou jm\u00e9no a \u010d\u00edslo na obr\u00e1zku p\u0159esn\u011b takov\u00e9, jak\u00e9 chcete, nemus\u00edte je zad\u00e1vat znovu. Pokud tomu tak nen\u00ed, m\u011bli byste zadat po\u017eadovan\u00e9 jm\u00e9no a \u010d\u00edslo.<\/p>\n<p>Tipy pro pran\u00ed: Doporu\u010dujeme pr\u00e1t fotbalov\u00e1 tri\u010dka v ruce. Pokud chcete pou\u017e\u00edt pra\u010dku, nezapome\u0148te fotbalov\u00e1 tri\u010dka obr\u00e1tit naruby a pot\u00e9 je vyprat. Pra\u010dku napl\u0148te studenou vodou a pou\u017eijte jemn\u00fd cyklus, abyste l\u00e9pe ochr\u00e1nili barvy.<\/p>","protected":false},"excerpt":{"rendered":"<p>Das dritte Fu\u00dfballtrikot von Arsenal 24-25 hat eine aquafarbene Hauptfarbe, die mit Light Purple und Navy Blue kombiniert wird. Das Trefoil Logo, das seit 1992 nicht mehr auf einem Arsenal Trikot verwendet wurde, feiert auf dem Arsenal 24-25 Trikot ein Comeback. Das Design des dritten Arsenal-FC 2024-25 Fu\u00dfballtrikots ist im Gegensatz zum klassischen Trefoil-Logo modern. [&hellip;]<\/p>","protected":false},"featured_media":19279,"comment_status":"open","ping_status":"closed","template":"","meta":[],"product_brand":[],"product_cat":[55],"product_tag":[609,610,1007,21,23,24],"class_list":{"0":"post-19235","1":"product","2":"type-product","3":"status-publish","4":"has-post-thumbnail","6":"product_cat-arsenal","7":"product_tag-arsenal-fussballtrikot","8":"product_tag-arsenal-trikot","9":"product_tag-arsenal-trikot-2024","10":"product_tag-fussballtrikot-fuer-herren","11":"product_tag-fussballtrikot-kurzarm","12":"product_tag-guenstiges-fussballtrikot","14":"first","15":"instock","16":"shipping-taxable","17":"purchasable","18":"product-type-variable"},"_links":{"self":[{"href":"https:\/\/www.billigtrikotde.com\/cs\/wp-json\/wp\/v2\/product\/19235","targetHints":{"allow":["GET"]}}],"collection":[{"href":"https:\/\/www.billigtrikotde.com\/cs\/wp-json\/wp\/v2\/product"}],"about":[{"href":"https:\/\/www.billigtrikotde.com\/cs\/wp-json\/wp\/v2\/types\/product"}],"replies":[{"embeddable":true,"href":"https:\/\/www.billigtrikotde.com\/cs\/wp-json\/wp\/v2\/comments?post=19235"}],"wp:featuredmedia":[{"embeddable":true,"href":"https:\/\/www.billigtrikotde.com\/cs\/wp-json\/wp\/v2\/media\/19279"}],"wp:attachment":[{"href":"https:\/\/www.billigtrikotde.com\/cs\/wp-json\/wp\/v2\/media?parent=19235"}],"wp:term":[{"taxonomy":"product_brand","embeddable":true,"href":"https:\/\/www.billigtrikotde.com\/cs\/wp-json\/wp\/v2\/product_brand?post=19235"},{"taxonomy":"product_cat","embeddable":true,"href":"https:\/\/www.billigtrikotde.com\/cs\/wp-json\/wp\/v2\/product_cat?post=19235"},{"taxonomy":"product_tag","embeddable":true,"href":"https:\/\/www.billigtrikotde.com\/cs\/wp-json\/wp\/v2\/product_tag?post=19235"}],"curies":[{"name":"wp","href":"https:\/\/api.w.org\/{rel}","templated":true}]}}