{"id":19215,"date":"2024-10-24T11:15:30","date_gmt":"2024-10-24T09:15:30","guid":{"rendered":"http:\/\/billigtrikots.com\/?post_type=product&#038;p=19215"},"modified":"2024-10-24T11:18:50","modified_gmt":"2024-10-24T09:18:50","slug":"guenstige-fussballtrikots-arsenal-2024-25-schwarz-auswaertstrikot-fuer-kinder","status":"publish","type":"product","link":"https:\/\/www.billigtrikotde.com\/cs\/guenstige-fussballtrikots-arsenal-2024-25-schwarz-auswaertstrikot-fuer-kinder\/","title":{"rendered":"Levn\u00e9 fotbalov\u00e9 tri\u010dka Arsenal 2024-25 black away kit pro d\u011bti"},"content":{"rendered":"<p>Dres venkovn\u00edho z\u00e1pasu Arsenalu 2024-25 byl navr\u017een ve spolupr\u00e1ci s lond\u00fdnskou firmou Labrum. Je poctou b\u00fdval\u00fdm hr\u00e1\u010d\u016fm Arsenalu Davidu Rocastlovi a Ianu Wrightovi s \u010dern\u00fdm z\u00e1kladem a akcenty v \u010derven\u00e9 a zelen\u00e9.<\/p>\n<p>Tipy pro tisk: Pokud jsou jm\u00e9no a \u010d\u00edslo na obr\u00e1zku p\u0159esn\u011b takov\u00e9, jak\u00e9 chcete, nemus\u00edte je zad\u00e1vat znovu. Pokud tomu tak nen\u00ed, m\u011bli byste zadat po\u017eadovan\u00e9 jm\u00e9no a \u010d\u00edslo.<\/p>\n<p>Tipy pro pran\u00ed: Doporu\u010dujeme pr\u00e1t fotbalov\u00e1 tri\u010dka v ruce. Pokud chcete pou\u017e\u00edt pra\u010dku, nezapome\u0148te fotbalov\u00e1 tri\u010dka obr\u00e1tit naruby a pot\u00e9 je vyprat. Pra\u010dku napl\u0148te studenou vodou a pou\u017eijte jemn\u00fd cyklus, abyste l\u00e9pe ochr\u00e1nili barvy.<\/p>","protected":false},"excerpt":{"rendered":"<p>Arsenal 2024-25 away triko bylo navr\u017eeno ve spolupr\u00e1ci s lond\u00fdnskou firmou Labrum. Je to pocta b\u00fdval\u00fdm hr\u00e1\u010d\u016fm Arsenalu Davidu Rocastleovi a Ianu Wrightovi, s \u010dern\u00fdm podkladem a akcenty v \u010derven\u00e9 a zelen\u00e9. Tipy k tisku: Pokud se jm\u00e9no a \u010d\u00edslo na sn\u00edmku p\u0159esn\u011b shoduj\u00ed s va\u0161imi po\u017eadavky, mus\u00edte je [\u2026]<\/p>","protected":false},"featured_media":19261,"comment_status":"open","ping_status":"closed","template":"","meta":[],"product_brand":[],"product_cat":[167],"product_tag":[851,852,1263,20,574,23,24,94,586],"class_list":{"0":"post-19215","1":"product","2":"type-product","3":"status-publish","4":"has-post-thumbnail","6":"product_cat-arsenal-kindertrikot","7":"product_tag-arsenal-fussballtrikots-kinder","8":"product_tag-arsenal-trikot-fuer-kinder","9":"product_tag-arsenal-trikotsatz-fuer-kinder","10":"product_tag-coole-fussballtrikots","11":"product_tag-fussballtrikot-deutschland","12":"product_tag-fussballtrikot-kurzarm","13":"product_tag-guenstiges-fussballtrikot","14":"product_tag-kinder-fussball-trikotsatz","15":"product_tag-kinder-fussballtrikot","17":"first","18":"instock","19":"shipping-taxable","20":"purchasable","21":"product-type-variable"},"_links":{"self":[{"href":"https:\/\/www.billigtrikotde.com\/cs\/wp-json\/wp\/v2\/product\/19215","targetHints":{"allow":["GET"]}}],"collection":[{"href":"https:\/\/www.billigtrikotde.com\/cs\/wp-json\/wp\/v2\/product"}],"about":[{"href":"https:\/\/www.billigtrikotde.com\/cs\/wp-json\/wp\/v2\/types\/product"}],"replies":[{"embeddable":true,"href":"https:\/\/www.billigtrikotde.com\/cs\/wp-json\/wp\/v2\/comments?post=19215"}],"wp:featuredmedia":[{"embeddable":true,"href":"https:\/\/www.billigtrikotde.com\/cs\/wp-json\/wp\/v2\/media\/19261"}],"wp:attachment":[{"href":"https:\/\/www.billigtrikotde.com\/cs\/wp-json\/wp\/v2\/media?parent=19215"}],"wp:term":[{"taxonomy":"product_brand","embeddable":true,"href":"https:\/\/www.billigtrikotde.com\/cs\/wp-json\/wp\/v2\/product_brand?post=19215"},{"taxonomy":"product_cat","embeddable":true,"href":"https:\/\/www.billigtrikotde.com\/cs\/wp-json\/wp\/v2\/product_cat?post=19215"},{"taxonomy":"product_tag","embeddable":true,"href":"https:\/\/www.billigtrikotde.com\/cs\/wp-json\/wp\/v2\/product_tag?post=19215"}],"curies":[{"name":"wp","href":"https:\/\/api.w.org\/{rel}","templated":true}]}}