{"id":19203,"date":"2024-10-24T11:14:52","date_gmt":"2024-10-24T09:14:52","guid":{"rendered":"http:\/\/billigtrikots.com\/?post_type=product&#038;p=19203"},"modified":"2025-05-30T15:25:43","modified_gmt":"2025-05-30T13:25:43","slug":"chelsea-heimtrikot-2024-25-fussballtrikots-fuer-herren-christopher-nkunku-18","status":"publish","type":"product","link":"https:\/\/www.billigtrikotde.com\/cs\/chelsea-heimtrikot-2024-25-fussballtrikots-fuer-herren-christopher-nkunku-18\/","title":{"rendered":"Chelsea Home Shirt 2024-25 Fotbalov\u00e9 ko\u0161ile pro mu\u017ee Christopher Nkunku 18"},"content":{"rendered":"<p>Dres Chelsea FC 24-25 je prvn\u00ed v historii klubu. Kombinuje tradi\u010dn\u00ed modrob\u00edlou a oran\u017eovou barvu. Loga dom\u00e1c\u00edho dresu Chelsea 24-25 jsou sv\u011btle modr\u00e1 a lemovan\u00e1 \"Team Orange\". Ob\u011b maj\u00ed 3D efekt. Vynik\u00e1 vlnit\u00fd design, kter\u00fd pon\u011bkud p\u0159ipom\u00edn\u00e1 efekt p\u011bnov\u00e9 vlny.<\/p>\n<p>Tipy pro tisk: Pokud jsou jm\u00e9no a \u010d\u00edslo na obr\u00e1zku p\u0159esn\u011b takov\u00e9, jak\u00e9 chcete, nemus\u00edte je zad\u00e1vat znovu. Pokud tomu tak nen\u00ed, m\u011bli byste zadat po\u017eadovan\u00e9 jm\u00e9no a \u010d\u00edslo.<\/p>\n<p>Tipy pro pran\u00ed: Doporu\u010dujeme pr\u00e1t fotbalov\u00e1 tri\u010dka v ruce. Pokud chcete pou\u017e\u00edt pra\u010dku, nezapome\u0148te fotbalov\u00e1 tri\u010dka obr\u00e1tit naruby a pot\u00e9 je vyprat. Pra\u010dku napl\u0148te studenou vodou a pou\u017eijte jemn\u00fd cyklus, abyste l\u00e9pe ochr\u00e1nili barvy.<\/p>","protected":false},"excerpt":{"rendered":"<p>Dres Chelsea FC 24-25 je prvn\u00ed v historii klubu. Kombinuje tradi\u010dn\u00ed modrob\u00edlou a oran\u017eovou barvu. Loga dom\u00e1c\u00edho dresu Chelsea 24-25 jsou sv\u011btle modr\u00e1 a lemovan\u00e1 \"Team Orange\". Ob\u011b maj\u00ed 3D efekt. Vynik\u00e1 vlnit\u00fd design, kter\u00fd pon\u011bkud p\u0159ipom\u00edn\u00e1 efekt p\u011bnov\u00e9 vlny.<\/p>","protected":false},"featured_media":19250,"comment_status":"open","ping_status":"closed","template":"","meta":[],"product_brand":[],"product_cat":[72],"product_tag":[20,1280,831,832,163,1281,1282,24,94],"class_list":{"0":"post-19203","1":"product","2":"type-product","3":"status-publish","4":"has-post-thumbnail","6":"product_cat-chelsea","7":"product_tag-coole-fussballtrikots","8":"product_tag-chelsea-fc-24-25-trikot","9":"product_tag-chelsea-fussballtrikots-kinder","10":"product_tag-chelsea-trikot-fuer-kinder","11":"product_tag-chelsea-trikotsatz-fuer-kinder","12":"product_tag-christopher-nkunku-trikot-kinder-kaufen","13":"product_tag-guenstige-christopher-nkunku-trikot-kinder","14":"product_tag-guenstiges-fussballtrikot","15":"product_tag-kinder-fussball-trikotsatz","17":"first","18":"instock","19":"shipping-taxable","20":"purchasable","21":"product-type-variable"},"_links":{"self":[{"href":"https:\/\/www.billigtrikotde.com\/cs\/wp-json\/wp\/v2\/product\/19203","targetHints":{"allow":["GET"]}}],"collection":[{"href":"https:\/\/www.billigtrikotde.com\/cs\/wp-json\/wp\/v2\/product"}],"about":[{"href":"https:\/\/www.billigtrikotde.com\/cs\/wp-json\/wp\/v2\/types\/product"}],"replies":[{"embeddable":true,"href":"https:\/\/www.billigtrikotde.com\/cs\/wp-json\/wp\/v2\/comments?post=19203"}],"wp:featuredmedia":[{"embeddable":true,"href":"https:\/\/www.billigtrikotde.com\/cs\/wp-json\/wp\/v2\/media\/19250"}],"wp:attachment":[{"href":"https:\/\/www.billigtrikotde.com\/cs\/wp-json\/wp\/v2\/media?parent=19203"}],"wp:term":[{"taxonomy":"product_brand","embeddable":true,"href":"https:\/\/www.billigtrikotde.com\/cs\/wp-json\/wp\/v2\/product_brand?post=19203"},{"taxonomy":"product_cat","embeddable":true,"href":"https:\/\/www.billigtrikotde.com\/cs\/wp-json\/wp\/v2\/product_cat?post=19203"},{"taxonomy":"product_tag","embeddable":true,"href":"https:\/\/www.billigtrikotde.com\/cs\/wp-json\/wp\/v2\/product_tag?post=19203"}],"curies":[{"name":"wp","href":"https:\/\/api.w.org\/{rel}","templated":true}]}}