{"id":1918,"date":"2024-10-23T13:51:37","date_gmt":"2024-10-23T11:51:37","guid":{"rendered":"http:\/\/billigtrikots.com\/?post_type=product&#038;p=1918"},"modified":"2024-10-23T13:53:41","modified_gmt":"2024-10-23T11:53:41","slug":"wolverhampton-wanderers-gelb-trikot-2022-heim-mit-aufdruck-doherty-2","status":"publish","type":"product","link":"https:\/\/www.billigtrikotde.com\/cs\/wolverhampton-wanderers-gelb-trikot-2022-heim-mit-aufdruck-doherty-2\/","title":{"rendered":"Wolverhampton Wanderers \u017dlut\u00fd dres 2022 dom\u00e1c\u00ed s potiskem DOHERTY 2"},"content":{"rendered":"<p>P\u0159ipravte se a uka\u017ete svou podporu v tomto dom\u00e1c\u00edm dresu Wolverhampton Wanderers FC 2021\/22 od Castore. Tento tri\u010dko s norm\u00e1ln\u00edm st\u0159ihem v barv\u011b zlat\u00e9 je vyrobeno z lehk\u00e9ho polyesterov\u00e9ho materi\u00e1lu, kter\u00fd v\u00e1s udr\u017e\u00ed na h\u0159i\u0161ti chladn\u00e9 a pohodln\u00e9. M\u00e1 v\u00fdst\u0159ih do V, kr\u00e1tk\u00e9 ruk\u00e1vy a kontrastn\u00ed \u010dern\u00e9 vlo\u017eky a man\u017eety. S charakteristick\u00fdm logem Castore je toto tri\u010dko opat\u0159eno ikonick\u00fdm znakem Wolves na hrudi. Prateln\u00e9 v pra\u010dce.<\/p>\n<p>Tipy pro tisk: Pokud jsou jm\u00e9no a \u010d\u00edslo na obr\u00e1zku p\u0159esn\u011b takov\u00e9, jak\u00e9 chcete, nemus\u00edte je zad\u00e1vat znovu. Pokud tomu tak nen\u00ed, m\u011bli byste zadat po\u017eadovan\u00e9 jm\u00e9no a \u010d\u00edslo.<\/p>\n<p>Tipy pro pran\u00ed: Doporu\u010dujeme pr\u00e1t fotbalov\u00e1 tri\u010dka v ruce. Pokud chcete pou\u017e\u00edt pra\u010dku, nezapome\u0148te fotbalov\u00e1 tri\u010dka obr\u00e1tit naruby a pot\u00e9 je vyprat. Pra\u010dku napl\u0148te studenou vodou a pou\u017eijte jemn\u00fd cyklus, abyste l\u00e9pe ochr\u00e1nili barvy.<\/p>","protected":false},"excerpt":{"rendered":"<p>Mach dich bereit und zeige deine Unterst\u00fctzung in diesem Herren Wolverhampton Wanderers FC 2021\/22 Heimtrikot von Castore. Dieses Standard-Fit-Shirt in der Farbe Gold ist aus leichtem Polyestergewebe gefertigt, das dich auf dem Platz k\u00fchl und bequem h\u00e4lt. Es hat einen V-Ausschnitt, kurze \u00c4rmel und kontrastierende schwarze Eins\u00e4tze und B\u00fcndchen. Mit dem charakteristischen Castore-Branding ist dieses [&hellip;]<\/p>","protected":false},"featured_media":1956,"comment_status":"open","ping_status":"closed","template":"","meta":[],"product_brand":[],"product_cat":[69],"product_tag":[20,70,21,22,23,24,71],"class_list":{"0":"post-1918","1":"product","2":"type-product","3":"status-publish","4":"has-post-thumbnail","6":"product_cat-wolverhampton-wanderers","7":"product_tag-coole-fussballtrikots","8":"product_tag-castore-wolves-heimtrikot","9":"product_tag-fussballtrikot-fuer-herren","10":"product_tag-fussballtrikot-guenstig-kaufen","11":"product_tag-fussballtrikot-kurzarm","12":"product_tag-guenstiges-fussballtrikot","13":"product_tag-wolverhampton-wanderers-trikots","15":"first","16":"instock","17":"shipping-taxable","18":"purchasable","19":"product-type-variable"},"_links":{"self":[{"href":"https:\/\/www.billigtrikotde.com\/cs\/wp-json\/wp\/v2\/product\/1918","targetHints":{"allow":["GET"]}}],"collection":[{"href":"https:\/\/www.billigtrikotde.com\/cs\/wp-json\/wp\/v2\/product"}],"about":[{"href":"https:\/\/www.billigtrikotde.com\/cs\/wp-json\/wp\/v2\/types\/product"}],"replies":[{"embeddable":true,"href":"https:\/\/www.billigtrikotde.com\/cs\/wp-json\/wp\/v2\/comments?post=1918"}],"wp:featuredmedia":[{"embeddable":true,"href":"https:\/\/www.billigtrikotde.com\/cs\/wp-json\/wp\/v2\/media\/1956"}],"wp:attachment":[{"href":"https:\/\/www.billigtrikotde.com\/cs\/wp-json\/wp\/v2\/media?parent=1918"}],"wp:term":[{"taxonomy":"product_brand","embeddable":true,"href":"https:\/\/www.billigtrikotde.com\/cs\/wp-json\/wp\/v2\/product_brand?post=1918"},{"taxonomy":"product_cat","embeddable":true,"href":"https:\/\/www.billigtrikotde.com\/cs\/wp-json\/wp\/v2\/product_cat?post=1918"},{"taxonomy":"product_tag","embeddable":true,"href":"https:\/\/www.billigtrikotde.com\/cs\/wp-json\/wp\/v2\/product_tag?post=1918"}],"curies":[{"name":"wp","href":"https:\/\/api.w.org\/{rel}","templated":true}]}}