{"id":19174,"date":"2024-10-24T11:13:08","date_gmt":"2024-10-24T09:13:08","guid":{"rendered":"http:\/\/billigtrikots.com\/?post_type=product&#038;p=19174"},"modified":"2024-10-24T11:16:30","modified_gmt":"2024-10-24T09:16:30","slug":"herren-fussballtrikots-athletic-bilbao-auswaertstrikot-2024-25-nico-williams-11","status":"publish","type":"product","link":"https:\/\/www.billigtrikotde.com\/cs\/herren-fussballtrikots-athletic-bilbao-auswaertstrikot-2024-25-nico-williams-11\/","title":{"rendered":"P\u00e1nsk\u00e1 fotbalov\u00e1 tri\u010dka Athletic Bilbao Away Shirt 2024-25 Nico Williams 11"},"content":{"rendered":"<p>V\u00fdjezdn\u00ed souprava Castore Athletic Bilbao 24-25 m\u00e1 hlavn\u00ed barvu kr\u00e1lovskou mod\u0159 (\"Bilbao blue\" - \"Gabarra blue\") v kombinaci s \u0161ed\u00fdm l\u00edmcem s \u010derven\u00fdm lemov\u00e1n\u00edm. Boky dresu jsou rovn\u011b\u017e \u0161ed\u00e9 a \u010derven\u00e9, p\u0159i\u010dem\u017e kr\u00e1lovskou modrou barvu pou\u017eilo Bilbao pro svou venkovn\u00ed soupravu naposledy v sez\u00f3n\u011b 2018-19. Na p\u0159edn\u00ed stran\u011b je decentn\u00ed potisk a na zadn\u00ed stran\u011b baskick\u00e1 vlajka ve tvaru lv\u00ed hlavy, kter\u00e1 odkazuje na to, \u017ee klub je \"Made in Euskal Herria\".<\/p>\n<p>Tipy pro tisk: Pokud jsou jm\u00e9no a \u010d\u00edslo na obr\u00e1zku p\u0159esn\u011b takov\u00e9, jak\u00e9 chcete, nemus\u00edte je zad\u00e1vat znovu. Pokud tomu tak nen\u00ed, m\u011bli byste zadat po\u017eadovan\u00e9 jm\u00e9no a \u010d\u00edslo.<\/p>\n<p>Tipy pro pran\u00ed: Doporu\u010dujeme pr\u00e1t fotbalov\u00e1 tri\u010dka v ruce. Pokud chcete pou\u017e\u00edt pra\u010dku, nezapome\u0148te fotbalov\u00e1 tri\u010dka obr\u00e1tit naruby a pot\u00e9 je vyprat. Pra\u010dku napl\u0148te studenou vodou a pou\u017eijte jemn\u00fd cyklus, abyste l\u00e9pe ochr\u00e1nili barvy.<\/p>","protected":false},"excerpt":{"rendered":"<p>Das Castore Athletic Bilbao 24-25 Ausw\u00e4rtstrikot hat eine k\u00f6nigsblaue (\u201eBilbao-Blau\u201c \u2013 \u201eGabarra-Blau\u201c) Hauptfarbe, kombiniert mit einem grauen Kragen mit roter Einfassung. Die Seiten des Trikots sind ebenfalls grau und rot.Das letzte Mal, dass Bilbao k\u00f6nigsblau f\u00fcr sein Ausw\u00e4rtstrikot verwendet hat, war in der Saison 2018-19,Auf der Vorderseite gibt es einen dezenten Aufdruck und auf der [&hellip;]<\/p>","protected":false},"featured_media":19219,"comment_status":"open","ping_status":"closed","template":"","meta":[],"product_brand":[],"product_cat":[909],"product_tag":[1278,910,911,20,574,21,22,23,24,1229],"class_list":{"0":"post-19174","1":"product","2":"type-product","3":"status-publish","4":"has-post-thumbnail","6":"product_cat-athletic-bilbao","7":"product_tag-athletic-bilbao-24-25-trikot","8":"product_tag-athletic-bilbao-fussballtrikot","9":"product_tag-athletic-bilbao-trikot","10":"product_tag-coole-fussballtrikots","11":"product_tag-fussballtrikot-deutschland","12":"product_tag-fussballtrikot-fuer-herren","13":"product_tag-fussballtrikot-guenstig-kaufen","14":"product_tag-fussballtrikot-kurzarm","15":"product_tag-guenstiges-fussballtrikot","16":"product_tag-nico-williams-trikots","18":"first","19":"instock","20":"shipping-taxable","21":"purchasable","22":"product-type-variable"},"_links":{"self":[{"href":"https:\/\/www.billigtrikotde.com\/cs\/wp-json\/wp\/v2\/product\/19174","targetHints":{"allow":["GET"]}}],"collection":[{"href":"https:\/\/www.billigtrikotde.com\/cs\/wp-json\/wp\/v2\/product"}],"about":[{"href":"https:\/\/www.billigtrikotde.com\/cs\/wp-json\/wp\/v2\/types\/product"}],"replies":[{"embeddable":true,"href":"https:\/\/www.billigtrikotde.com\/cs\/wp-json\/wp\/v2\/comments?post=19174"}],"wp:featuredmedia":[{"embeddable":true,"href":"https:\/\/www.billigtrikotde.com\/cs\/wp-json\/wp\/v2\/media\/19219"}],"wp:attachment":[{"href":"https:\/\/www.billigtrikotde.com\/cs\/wp-json\/wp\/v2\/media?parent=19174"}],"wp:term":[{"taxonomy":"product_brand","embeddable":true,"href":"https:\/\/www.billigtrikotde.com\/cs\/wp-json\/wp\/v2\/product_brand?post=19174"},{"taxonomy":"product_cat","embeddable":true,"href":"https:\/\/www.billigtrikotde.com\/cs\/wp-json\/wp\/v2\/product_cat?post=19174"},{"taxonomy":"product_tag","embeddable":true,"href":"https:\/\/www.billigtrikotde.com\/cs\/wp-json\/wp\/v2\/product_tag?post=19174"}],"curies":[{"name":"wp","href":"https:\/\/api.w.org\/{rel}","templated":true}]}}