{"id":19170,"date":"2024-10-24T11:13:04","date_gmt":"2024-10-24T09:13:04","guid":{"rendered":"http:\/\/billigtrikots.com\/?post_type=product&#038;p=19170"},"modified":"2024-10-24T11:15:54","modified_gmt":"2024-10-24T09:15:54","slug":"fussballtrikots-kinder-guenstig-athletic-bilbao-heimtrikotsatz-2024-2025","status":"publish","type":"product","link":"https:\/\/www.billigtrikotde.com\/cs\/fussballtrikots-kinder-guenstig-athletic-bilbao-heimtrikotsatz-2024-2025\/","title":{"rendered":"D\u011btsk\u00e9 fotbalov\u00e9 tri\u010dka Levn\u00e9 Athletic Bilbao Home Kit 2024 2025"},"content":{"rendered":"<p>Dres Athletic Bilbao 2024-25 m\u00e1 tradi\u010dn\u00ed klasick\u00fd \u010dervenob\u00edl\u00fd pruhovan\u00fd design s jemn\u00fdm vzorem v \u010derven\u00fdch pruz\u00edch.Tato grafika je inspirov\u00e1na pal\u00e1cem Ibaigane, kter\u00fd je symbolem klubov\u00e9 identity zn\u00e1m\u00fdm pro svou kombinaci historick\u00e9 a modern\u00ed architektury.Kulat\u00fd l\u00edmec je vp\u0159edu b\u00edl\u00fd a vzadu \u010dern\u00fd. Na horn\u00ed \u010d\u00e1sti zadn\u00edho d\u00edlu je grafika, kter\u00e1 kombinuje baskickou vlajku se znakem lva.<\/p>\n<p>Tipy pro tisk: Pokud jsou jm\u00e9no a \u010d\u00edslo na obr\u00e1zku p\u0159esn\u011b takov\u00e9, jak\u00e9 chcete, nemus\u00edte je zad\u00e1vat znovu. Pokud tomu tak nen\u00ed, m\u011bli byste zadat po\u017eadovan\u00e9 jm\u00e9no a \u010d\u00edslo.<\/p>\n<p>Tipy pro pran\u00ed: Doporu\u010dujeme pr\u00e1t fotbalov\u00e1 tri\u010dka v ruce. Pokud chcete pou\u017e\u00edt pra\u010dku, nezapome\u0148te fotbalov\u00e1 tri\u010dka obr\u00e1tit naruby a pot\u00e9 je vyprat. Pra\u010dku napl\u0148te studenou vodou a pou\u017eijte jemn\u00fd cyklus, abyste l\u00e9pe ochr\u00e1nili barvy.<\/p>","protected":false},"excerpt":{"rendered":"<p>Das Athletic Bilbao 2024-25 Trikot hat ein traditionelles klassisches rot-wei\u00dfes Streifendesign mit einem dezenten Muster innerhalb der roten Streifen.Diese Grafik ist vom Ibaigane-Palast inspiriert, einem Symbol f\u00fcr die Identit\u00e4t des Vereins, das f\u00fcr seine Mischung aus historischer und moderner Architektur bekannt ist.Der Rundkragen ist auf der Vorderseite wei\u00df und auf der R\u00fcckseite schwarz. Auf dem [&hellip;]<\/p>","protected":false},"featured_media":19216,"comment_status":"open","ping_status":"closed","template":"","meta":[],"product_brand":[],"product_cat":[1025],"product_tag":[1278,1026,1027,20,574,23,24,94],"class_list":{"0":"post-19170","1":"product","2":"type-product","3":"status-publish","4":"has-post-thumbnail","6":"product_cat-athletic-bilbao-kindertrikot","7":"product_tag-athletic-bilbao-24-25-trikot","8":"product_tag-athletic-bilbao-fussballtrikots-kinder","9":"product_tag-athletic-bilbao-trikot-fuer-kinder","10":"product_tag-coole-fussballtrikots","11":"product_tag-fussballtrikot-deutschland","12":"product_tag-fussballtrikot-kurzarm","13":"product_tag-guenstiges-fussballtrikot","14":"product_tag-kinder-fussball-trikotsatz","16":"first","17":"instock","18":"shipping-taxable","19":"purchasable","20":"product-type-variable"},"_links":{"self":[{"href":"https:\/\/www.billigtrikotde.com\/cs\/wp-json\/wp\/v2\/product\/19170","targetHints":{"allow":["GET"]}}],"collection":[{"href":"https:\/\/www.billigtrikotde.com\/cs\/wp-json\/wp\/v2\/product"}],"about":[{"href":"https:\/\/www.billigtrikotde.com\/cs\/wp-json\/wp\/v2\/types\/product"}],"replies":[{"embeddable":true,"href":"https:\/\/www.billigtrikotde.com\/cs\/wp-json\/wp\/v2\/comments?post=19170"}],"wp:featuredmedia":[{"embeddable":true,"href":"https:\/\/www.billigtrikotde.com\/cs\/wp-json\/wp\/v2\/media\/19216"}],"wp:attachment":[{"href":"https:\/\/www.billigtrikotde.com\/cs\/wp-json\/wp\/v2\/media?parent=19170"}],"wp:term":[{"taxonomy":"product_brand","embeddable":true,"href":"https:\/\/www.billigtrikotde.com\/cs\/wp-json\/wp\/v2\/product_brand?post=19170"},{"taxonomy":"product_cat","embeddable":true,"href":"https:\/\/www.billigtrikotde.com\/cs\/wp-json\/wp\/v2\/product_cat?post=19170"},{"taxonomy":"product_tag","embeddable":true,"href":"https:\/\/www.billigtrikotde.com\/cs\/wp-json\/wp\/v2\/product_tag?post=19170"}],"curies":[{"name":"wp","href":"https:\/\/api.w.org\/{rel}","templated":true}]}}