{"id":19114,"date":"2024-10-24T11:10:09","date_gmt":"2024-10-24T09:10:09","guid":{"rendered":"http:\/\/billigtrikots.com\/?post_type=product&#038;p=19114"},"modified":"2024-10-24T11:13:31","modified_gmt":"2024-10-24T09:13:31","slug":"kaufen-billig-fussballtrikots-nordirland-auswaertstrikots-2024-weiss","status":"publish","type":"product","link":"https:\/\/www.billigtrikotde.com\/cs\/kaufen-billig-fussballtrikots-nordirland-auswaertstrikots-2024-weiss\/","title":{"rendered":"Koupit levn\u00e9 Severn\u00ed Irsko Fotbalov\u00e1 tri\u010dka 2024 White"},"content":{"rendered":"<p>V\u00fdjezdn\u00ed souprava Severn\u00edho Irska 2024 je p\u0159ev\u00e1\u017en\u011b b\u00edl\u00e1 s kr\u00e1lovsky modr\u00fdmi a m\u00e1tov\u00fdmi akcenty.<\/p>\n<p>Nejv\u00fdrazn\u011bj\u0161\u00edm prvkem dresu Severn\u00edho Irska 2024 je k\u0159\u00ed\u017eov\u00fd vzor, kter\u00fd proch\u00e1z\u00ed fotbalov\u00fdm znakem Severn\u00edho Irska.<\/p>\n<p>Tipy pro tisk: Pokud jsou jm\u00e9no a \u010d\u00edslo na obr\u00e1zku p\u0159esn\u011b takov\u00e9, jak\u00e9 chcete, nemus\u00edte je zad\u00e1vat znovu. Pokud tomu tak nen\u00ed, m\u011bli byste zadat po\u017eadovan\u00e9 jm\u00e9no a \u010d\u00edslo.<\/p>\n<p>Tipy pro pran\u00ed: Doporu\u010dujeme pr\u00e1t fotbalov\u00e1 tri\u010dka v ruce. Pokud chcete pou\u017e\u00edt pra\u010dku, nezapome\u0148te fotbalov\u00e1 tri\u010dka obr\u00e1tit naruby a pot\u00e9 je vyprat. Pra\u010dku napl\u0148te studenou vodou a pou\u017eijte jemn\u00fd cyklus, abyste l\u00e9pe ochr\u00e1nili barvy.<\/p>","protected":false},"excerpt":{"rendered":"<p>Das Nordirland 2024 Ausw\u00e4rtstrikot ist \u00fcberwiegend wei\u00df mit k\u00f6nigsblauen und mintfarbenen Akzenten. Das Highlight des Nordirland 2024 Ausw\u00e4rtstrikots ist das Kreuzmuster, das sich durch das nordirische Fu\u00dfballwappen zieht. Tipps zum Drucken: Wenn der Name und die Nummer auf dem Bild genau Ihren W\u00fcnschen entsprechen, m\u00fcssen Sie sie nicht erneut eingeben. Wenn nicht, sollten Sie Ihren [&hellip;]<\/p>","protected":false},"featured_media":19167,"comment_status":"open","ping_status":"closed","template":"","meta":[],"product_brand":[],"product_cat":[1266],"product_tag":[20,22,23,24,1267,1268,1269,1270],"class_list":{"0":"post-19114","1":"product","2":"type-product","3":"status-publish","4":"has-post-thumbnail","6":"product_cat-nordirland-trikots","7":"product_tag-coole-fussballtrikots","8":"product_tag-fussballtrikot-guenstig-kaufen","9":"product_tag-fussballtrikot-kurzarm","10":"product_tag-guenstiges-fussballtrikot","11":"product_tag-nordirland-2024-auswaertstrikot","12":"product_tag-nordirland-auswaerts-2024","13":"product_tag-nordirland-fussballtrikots","14":"product_tag-nordirland-heim-2024","16":"first","17":"instock","18":"shipping-taxable","19":"purchasable","20":"product-type-variable"},"_links":{"self":[{"href":"https:\/\/www.billigtrikotde.com\/cs\/wp-json\/wp\/v2\/product\/19114","targetHints":{"allow":["GET"]}}],"collection":[{"href":"https:\/\/www.billigtrikotde.com\/cs\/wp-json\/wp\/v2\/product"}],"about":[{"href":"https:\/\/www.billigtrikotde.com\/cs\/wp-json\/wp\/v2\/types\/product"}],"replies":[{"embeddable":true,"href":"https:\/\/www.billigtrikotde.com\/cs\/wp-json\/wp\/v2\/comments?post=19114"}],"wp:featuredmedia":[{"embeddable":true,"href":"https:\/\/www.billigtrikotde.com\/cs\/wp-json\/wp\/v2\/media\/19167"}],"wp:attachment":[{"href":"https:\/\/www.billigtrikotde.com\/cs\/wp-json\/wp\/v2\/media?parent=19114"}],"wp:term":[{"taxonomy":"product_brand","embeddable":true,"href":"https:\/\/www.billigtrikotde.com\/cs\/wp-json\/wp\/v2\/product_brand?post=19114"},{"taxonomy":"product_cat","embeddable":true,"href":"https:\/\/www.billigtrikotde.com\/cs\/wp-json\/wp\/v2\/product_cat?post=19114"},{"taxonomy":"product_tag","embeddable":true,"href":"https:\/\/www.billigtrikotde.com\/cs\/wp-json\/wp\/v2\/product_tag?post=19114"}],"curies":[{"name":"wp","href":"https:\/\/api.w.org\/{rel}","templated":true}]}}