{"id":19110,"date":"2024-10-24T11:10:05","date_gmt":"2024-10-24T09:10:05","guid":{"rendered":"http:\/\/billigtrikots.com\/?post_type=product&#038;p=19110"},"modified":"2024-11-18T15:31:20","modified_gmt":"2024-11-18T14:31:20","slug":"kinder-heimtrikot-ajax-amsterdam-trikot-fussballtrikots-2024-2025-online-bestellen","status":"publish","type":"product","link":"https:\/\/www.billigtrikotde.com\/cs\/kinder-heimtrikot-ajax-amsterdam-trikot-fussballtrikots-2024-2025-online-bestellen\/","title":{"rendered":"Kids Home Shirt Ajax Amsterdam Shirt Fotbalov\u00e9 ko\u0161ile 2024-2025 Order Online"},"content":{"rendered":"<p>Dres Ajaxu Amsterdam 2024-25 je inspirov\u00e1n klubov\u00fdmi dresy s polo l\u00edme\u010dkem z 90. let a z roku 2000. Je p\u0159ev\u00e1\u017en\u011b b\u00edl\u00fd s ikonick\u00fdm velk\u00fdm \u010derven\u00fdm pruhem na p\u0159edn\u00ed stran\u011b a \u010derven\u00fdm polo l\u00edmcem.<span data-mce-type=\"bookmark\" style=\"display: inline-block; width: 0px; overflow: hidden; line-height: 0;\" class=\"mce_SELRES_start\"><\/span><span data-mce-type=\"bookmark\" style=\"display: inline-block; width: 0px; overflow: hidden; line-height: 0;\" class=\"mce_SELRES_start\"><\/span><span data-mce-type=\"bookmark\" style=\"display: inline-block; width: 0px; overflow: hidden; line-height: 0;\" class=\"mce_SELRES_start\"><\/span><\/p>","protected":false},"excerpt":{"rendered":"<p>Dres Ajax Amsterdam 2024-25 je inspirov\u00e1n polo l\u00edme\u010dkov\u00fdmi dresy klubu ze 90. a 2000. let. Je p\u0159ev\u00e1\u017en\u011b b\u00edl\u00fd s ikonickou velkou \u010dervenou pruhem na p\u0159edn\u00ed stran\u011b a \u010derven\u00fdm polo l\u00edmcem.<\/p>","protected":false},"featured_media":19163,"comment_status":"open","ping_status":"closed","template":"","meta":[],"product_brand":[],"product_cat":[680],"product_tag":[1372,681,682,301,20,22,23,24],"class_list":{"0":"post-19110","1":"product","2":"type-product","3":"status-publish","4":"has-post-thumbnail","6":"product_cat-ajax-kindertrikot","7":"product_tag-ajax-amsterdam-trikot","8":"product_tag-ajax-fussballtrikots-kinder-mit-eigenem-namen","9":"product_tag-ajax-trikot-fuer-kinder","10":"product_tag-ajax-trikots","11":"product_tag-coole-fussballtrikots","12":"product_tag-fussballtrikot-guenstig-kaufen","13":"product_tag-fussballtrikot-kurzarm","14":"product_tag-guenstiges-fussballtrikot","16":"first","17":"instock","18":"shipping-taxable","19":"purchasable","20":"product-type-variable"},"_links":{"self":[{"href":"https:\/\/www.billigtrikotde.com\/cs\/wp-json\/wp\/v2\/product\/19110","targetHints":{"allow":["GET"]}}],"collection":[{"href":"https:\/\/www.billigtrikotde.com\/cs\/wp-json\/wp\/v2\/product"}],"about":[{"href":"https:\/\/www.billigtrikotde.com\/cs\/wp-json\/wp\/v2\/types\/product"}],"replies":[{"embeddable":true,"href":"https:\/\/www.billigtrikotde.com\/cs\/wp-json\/wp\/v2\/comments?post=19110"}],"wp:featuredmedia":[{"embeddable":true,"href":"https:\/\/www.billigtrikotde.com\/cs\/wp-json\/wp\/v2\/media\/19163"}],"wp:attachment":[{"href":"https:\/\/www.billigtrikotde.com\/cs\/wp-json\/wp\/v2\/media?parent=19110"}],"wp:term":[{"taxonomy":"product_brand","embeddable":true,"href":"https:\/\/www.billigtrikotde.com\/cs\/wp-json\/wp\/v2\/product_brand?post=19110"},{"taxonomy":"product_cat","embeddable":true,"href":"https:\/\/www.billigtrikotde.com\/cs\/wp-json\/wp\/v2\/product_cat?post=19110"},{"taxonomy":"product_tag","embeddable":true,"href":"https:\/\/www.billigtrikotde.com\/cs\/wp-json\/wp\/v2\/product_tag?post=19110"}],"curies":[{"name":"wp","href":"https:\/\/api.w.org\/{rel}","templated":true}]}}