{"id":19098,"date":"2024-10-24T11:09:29","date_gmt":"2024-10-24T09:09:29","guid":{"rendered":"http:\/\/billigtrikots.com\/?post_type=product&#038;p=19098"},"modified":"2025-04-26T09:57:12","modified_gmt":"2025-04-26T07:57:12","slug":"neue-fussballtrikot-atletico-madrid-heimtrikot-2024-25-fuer-kinder","status":"publish","type":"product","link":"https:\/\/www.billigtrikotde.com\/cs\/neue-fussballtrikot-atletico-madrid-heimtrikot-2024-25-fuer-kinder\/","title":{"rendered":"Nov\u00e9 dom\u00e1c\u00ed tri\u010dko Atletico Madrid 2024-25 pro d\u011bti"},"content":{"rendered":"<p>Nov\u00e1 fotbalov\u00e1 dres Atl\u00e9tico de Madrid pro sezonu 2024-25 p\u0159edstavuje jedine\u010dnou interpretaci klasick\u00fdch rud\u00fdch a b\u00edl\u00fdch pruh\u016f klubu. Dres Atl\u00e9tico Madrid 24-25 je p\u0159ev\u00e1\u017en\u011b \u010derven\u00fd s jedine\u010dn\u00fdmi b\u00edl\u00fdmi pruhy a modr\u00fdm lemem na vn\u011bj\u0161\u00edm okraji. Uvnit\u0159 pruh\u016f se st\u0159\u00eddaj\u00ed modr\u00e9 a \u010derven\u00e9 linky s fade efektem, kter\u00fd zaji\u0161\u0165uje jedine\u010dn\u00fd vzhled.<\/p>\n<p>Tipy pro tisk: Pokud jsou jm\u00e9no a \u010d\u00edslo na obr\u00e1zku p\u0159esn\u011b takov\u00e9, jak\u00e9 chcete, nemus\u00edte je zad\u00e1vat znovu. Pokud tomu tak nen\u00ed, m\u011bli byste zadat po\u017eadovan\u00e9 jm\u00e9no a \u010d\u00edslo.<\/p>\n<p>Tipy pro pran\u00ed: Doporu\u010dujeme pr\u00e1t fotbalov\u00e1 tri\u010dka v ruce. Pokud chcete pou\u017e\u00edt pra\u010dku, nezapome\u0148te fotbalov\u00e1 tri\u010dka obr\u00e1tit naruby a pot\u00e9 je vyprat. Pra\u010dku napl\u0148te studenou vodou a pou\u017eijte jemn\u00fd cyklus, abyste l\u00e9pe ochr\u00e1nili barvy.<\/p>","protected":false},"excerpt":{"rendered":"<p>Nov\u00e1 fotbalov\u00e1 dres Atl\u00e9tico de Madrid pro sezonu 2024-25 p\u0159edstavuje jedine\u010dnou interpretaci klasick\u00fdch rud\u00fdch a b\u00edl\u00fdch pruh\u016f klubu. Dres Atl\u00e9tico Madrid 24-25 je p\u0159ev\u00e1\u017en\u011b \u010derven\u00fd s jedine\u010dn\u00fdmi b\u00edl\u00fdmi pruhy a modr\u00fdm lemem na vn\u011bj\u0161\u00edm okraji. Uvnit\u0159 pruh\u016f se st\u0159\u00eddaj\u00ed modr\u00e9 a \u010derven\u00e9 linky s fade efektem, kter\u00fd zaji\u0161\u0165uje jedine\u010dn\u00fd vzhled.<\/p>","protected":false},"featured_media":19151,"comment_status":"open","ping_status":"closed","template":"","meta":[],"product_brand":[],"product_cat":[157],"product_tag":[868,869,158,20,215,94],"class_list":{"0":"post-19098","1":"product","2":"type-product","3":"status-publish","4":"has-post-thumbnail","6":"product_cat-atletico-madrid-kindertrikot","7":"product_tag-atletico-madrid-fussballtrikots-kinder","8":"product_tag-atletico-madrid-trikot-fuer-kinder","9":"product_tag-atletico-madrid-trikotsatz-fuer-kinder","10":"product_tag-coole-fussballtrikots","11":"product_tag-fussball-trikot-kurzarm","12":"product_tag-kinder-fussball-trikotsatz","14":"first","15":"instock","16":"shipping-taxable","17":"purchasable","18":"product-type-variable"},"_links":{"self":[{"href":"https:\/\/www.billigtrikotde.com\/cs\/wp-json\/wp\/v2\/product\/19098","targetHints":{"allow":["GET"]}}],"collection":[{"href":"https:\/\/www.billigtrikotde.com\/cs\/wp-json\/wp\/v2\/product"}],"about":[{"href":"https:\/\/www.billigtrikotde.com\/cs\/wp-json\/wp\/v2\/types\/product"}],"replies":[{"embeddable":true,"href":"https:\/\/www.billigtrikotde.com\/cs\/wp-json\/wp\/v2\/comments?post=19098"}],"wp:featuredmedia":[{"embeddable":true,"href":"https:\/\/www.billigtrikotde.com\/cs\/wp-json\/wp\/v2\/media\/19151"}],"wp:attachment":[{"href":"https:\/\/www.billigtrikotde.com\/cs\/wp-json\/wp\/v2\/media?parent=19098"}],"wp:term":[{"taxonomy":"product_brand","embeddable":true,"href":"https:\/\/www.billigtrikotde.com\/cs\/wp-json\/wp\/v2\/product_brand?post=19098"},{"taxonomy":"product_cat","embeddable":true,"href":"https:\/\/www.billigtrikotde.com\/cs\/wp-json\/wp\/v2\/product_cat?post=19098"},{"taxonomy":"product_tag","embeddable":true,"href":"https:\/\/www.billigtrikotde.com\/cs\/wp-json\/wp\/v2\/product_tag?post=19098"}],"curies":[{"name":"wp","href":"https:\/\/api.w.org\/{rel}","templated":true}]}}