{"id":19074,"date":"2024-10-24T11:08:18","date_gmt":"2024-10-24T09:08:18","guid":{"rendered":"http:\/\/billigtrikots.com\/?post_type=product&#038;p=19074"},"modified":"2024-10-24T11:11:11","modified_gmt":"2024-10-24T09:11:11","slug":"fussballtrikot-kinder-set-england-heimtrikot-em-2024-jude-bellingham-10","status":"publish","type":"product","link":"https:\/\/www.billigtrikotde.com\/cs\/fussballtrikot-kinder-set-england-heimtrikot-em-2024-jude-bellingham-10\/","title":{"rendered":"D\u011btsk\u00e1 fotbalov\u00e1 tri\u010dka England Home Shirt EM 2024 Jude Bellingham 10"},"content":{"rendered":"<p>Dres Anglie pro Euro 2024 je velkou zm\u011bnou oproti p\u0159edchoz\u00edm dom\u00e1c\u00edm dres\u016fm Anglie. Fotbalov\u00fd dres Anglie 2024 kombinuje klasickou b\u00edlou barvu zem\u011b s tmav\u011b tmav\u011b modrou a ka\u0161tanov\u011b \u010derven\u00fdmi detaily. Pou\u017e\u00edv\u00e1 speci\u00e1ln\u011b konstruovan\u00fd l\u00edmec, kter\u00fd je kombinac\u00ed klasick\u00e9ho l\u00edmce do V a polo l\u00edmce, a man\u017eety dom\u00e1c\u00edho dresu Anglie 2024 jsou zakon\u010deny elegantn\u00edmi tmav\u011b modr\u00fdmi\/sv\u011btle \u010derven\u00fdmi\/bord\u00f3 pruhy.<\/p>\n<p>Tipy pro tisk: Pokud jsou jm\u00e9no a \u010d\u00edslo na obr\u00e1zku p\u0159esn\u011b takov\u00e9, jak\u00e9 chcete, nemus\u00edte je zad\u00e1vat znovu. Pokud tomu tak nen\u00ed, m\u011bli byste zadat po\u017eadovan\u00e9 jm\u00e9no a \u010d\u00edslo.<\/p>\n<p>Tipy pro pran\u00ed: Doporu\u010dujeme pr\u00e1t fotbalov\u00e1 tri\u010dka v ruce. Pokud chcete pou\u017e\u00edt pra\u010dku, nezapome\u0148te fotbalov\u00e1 tri\u010dka obr\u00e1tit naruby a pot\u00e9 je vyprat. Pra\u010dku napl\u0148te studenou vodou a pou\u017eijte jemn\u00fd cyklus, abyste l\u00e9pe ochr\u00e1nili barvy.<\/p>","protected":false},"excerpt":{"rendered":"<p>Das England Euro 2024 Trikot ist eine starke Ver\u00e4nderung gegen\u00fcber den bisherigen England Heimtrikots. Das England 2024 Fu\u00dfballtrikot kombiniert das klassische Wei\u00df des Landes mit einem dunklen Marineblau und kastanienbraunen\/hellroten Details. It verwendet einen speziell konstruierten Kragen, der eine Kombination aus einem klassischen V-Kragen und einem Polokragen ist.Die \u00c4rmelb\u00fcndchen des England 2024 Heimtrikots sind mit [&hellip;]<\/p>","protected":false},"featured_media":19127,"comment_status":"open","ping_status":"closed","template":"","meta":[],"product_brand":[],"product_cat":[1096],"product_tag":[20,1076,1235,22,23,1253,24,1254,1255],"class_list":{"0":"post-19074","1":"product","2":"type-product","3":"status-publish","4":"has-post-thumbnail","6":"product_cat-em-2024-england","7":"product_tag-coole-fussballtrikots","8":"product_tag-em-2024-trikot","9":"product_tag-england-em-2024-trikot-kinder-kaufen","10":"product_tag-fussballtrikot-guenstig-kaufen","11":"product_tag-fussballtrikot-kurzarm","12":"product_tag-guenstige-jude-bellingham-trikot-kinder","13":"product_tag-guenstiges-fussballtrikot","14":"product_tag-jude-bellingham-trikot-kinder-kaufen","15":"product_tag-jude-bellingham-trikots","17":"first","18":"instock","19":"featured","20":"shipping-taxable","21":"purchasable","22":"product-type-variable"},"_links":{"self":[{"href":"https:\/\/www.billigtrikotde.com\/cs\/wp-json\/wp\/v2\/product\/19074","targetHints":{"allow":["GET"]}}],"collection":[{"href":"https:\/\/www.billigtrikotde.com\/cs\/wp-json\/wp\/v2\/product"}],"about":[{"href":"https:\/\/www.billigtrikotde.com\/cs\/wp-json\/wp\/v2\/types\/product"}],"replies":[{"embeddable":true,"href":"https:\/\/www.billigtrikotde.com\/cs\/wp-json\/wp\/v2\/comments?post=19074"}],"wp:featuredmedia":[{"embeddable":true,"href":"https:\/\/www.billigtrikotde.com\/cs\/wp-json\/wp\/v2\/media\/19127"}],"wp:attachment":[{"href":"https:\/\/www.billigtrikotde.com\/cs\/wp-json\/wp\/v2\/media?parent=19074"}],"wp:term":[{"taxonomy":"product_brand","embeddable":true,"href":"https:\/\/www.billigtrikotde.com\/cs\/wp-json\/wp\/v2\/product_brand?post=19074"},{"taxonomy":"product_cat","embeddable":true,"href":"https:\/\/www.billigtrikotde.com\/cs\/wp-json\/wp\/v2\/product_cat?post=19074"},{"taxonomy":"product_tag","embeddable":true,"href":"https:\/\/www.billigtrikotde.com\/cs\/wp-json\/wp\/v2\/product_tag?post=19074"}],"curies":[{"name":"wp","href":"https:\/\/api.w.org\/{rel}","templated":true}]}}