{"id":1894,"date":"2024-10-23T13:50:31","date_gmt":"2024-10-23T11:50:31","guid":{"rendered":"http:\/\/billigtrikots.com\/?post_type=product&#038;p=1894"},"modified":"2024-10-23T13:52:33","modified_gmt":"2024-10-23T11:52:33","slug":"bvb-borussia-dortmund-trikot-home-herren-2022-balerdi-18-gelb-schwarz-trikotsatz","status":"publish","type":"product","link":"https:\/\/www.billigtrikotde.com\/cs\/bvb-borussia-dortmund-trikot-home-herren-2022-balerdi-18-gelb-schwarz-trikotsatz\/","title":{"rendered":"BVB Borussia Dortmund Ko\u0161ile Home Men 2022 Balerdi 18# Yellow Black Kit"},"content":{"rendered":"<p>Vydejte se na cestu s dom\u00e1c\u00edm dresem P-uma Borussia Dortmund 21\/22, kter\u00fd m\u00e1 o n\u011bco voln\u011bj\u0161\u00ed st\u0159ih speci\u00e1ln\u011b navr\u017een\u00fd pro fanou\u0161ky.<\/p>\n<p>Dom\u00e1c\u00ed dres P-uma Borussia Dortmund 21\/22, inspirovan\u00fd slavn\u00fdm triumfem klubu v Lize mistr\u016f v roce 1997, zt\u011bles\u0148uje podb\u00edziv\u00e9ho ducha Karla-Heinze Riedleho a spol. d\u00edky \u010dern\u00fdm ramenn\u00edm d\u00edl\u016fm a pruhovan\u00fdm ruk\u00e1v\u016fm, kter\u00e9 napodobuj\u00ed dres a kopa\u010dky z fin\u00e1le v roce 1997.<\/p>\n<p>Standardn\u00ed verze dresu je navr\u017eena pro pohodl\u00ed na h\u0159i\u0161ti i mimo n\u011bj a je vybavena nejnov\u011bj\u0161\u00ed technologi\u00ed odv\u00e1d\u011bj\u00edc\u00ed pot, kter\u00e1 v\u00e1s udr\u017e\u00ed sv\u011b\u017e\u00ed. D\u00edky le\u017e\u00e9rn\u011bj\u0161\u00edmu st\u0159ihu je ide\u00e1ln\u00ed i pro voln\u00fd \u010das.<\/p>\n<p>Tipy pro tisk: Pokud jsou jm\u00e9no a \u010d\u00edslo na obr\u00e1zku p\u0159esn\u011b takov\u00e9, jak\u00e9 chcete, nemus\u00edte je zad\u00e1vat znovu. Pokud tomu tak nen\u00ed, m\u011bli byste zadat po\u017eadovan\u00e9 jm\u00e9no a \u010d\u00edslo.<\/p>\n<p>Tipy pro pran\u00ed: Doporu\u010dujeme pr\u00e1t fotbalov\u00e1 tri\u010dka v ruce. Pokud chcete pou\u017e\u00edt pra\u010dku, nezapome\u0148te fotbalov\u00e1 tri\u010dka obr\u00e1tit naruby a pot\u00e9 je vyprat. Pra\u010dku napl\u0148te studenou vodou a pou\u017eijte jemn\u00fd cyklus, abyste l\u00e9pe ochr\u00e1nili barvy.<\/p>","protected":false},"excerpt":{"rendered":"<p>Gib alles mit dem P-uma Borussia Dortmund 21\/22 Heimtrikot, das eine etwas lockerere Passform hat die speziell f\u00fcr Fans entwickelt wurde. Inspiriert vom ber\u00fchmten Champions-League-Triumph des Vereins im Jahr 1997 verk\u00f6rpert das P-uma Borussia Dortmund 21\/22 Heimtrikot den Au\u00dfenseitergeist von Karl-Heinz Riedle und Co. mit schwarzen Schulterpartien und gestreiften \u00c4rmeln, die das Trikot und die [&hellip;]<\/p>","protected":false},"featured_media":1931,"comment_status":"open","ping_status":"closed","template":"","meta":[],"product_brand":[],"product_cat":[63],"product_tag":[20,65,66,67,21,22,23,24],"class_list":{"0":"post-1894","1":"product","2":"type-product","3":"status-publish","4":"has-post-thumbnail","6":"product_cat-borussia-dortmund","7":"product_tag-coole-fussballtrikots","8":"product_tag-borussia-dortmund-trikots","9":"product_tag-bvb-trikots","10":"product_tag-fussball-trikotsatz","11":"product_tag-fussballtrikot-fuer-herren","12":"product_tag-fussballtrikot-guenstig-kaufen","13":"product_tag-fussballtrikot-kurzarm","14":"product_tag-guenstiges-fussballtrikot","16":"first","17":"instock","18":"shipping-taxable","19":"purchasable","20":"product-type-variable"},"_links":{"self":[{"href":"https:\/\/www.billigtrikotde.com\/cs\/wp-json\/wp\/v2\/product\/1894","targetHints":{"allow":["GET"]}}],"collection":[{"href":"https:\/\/www.billigtrikotde.com\/cs\/wp-json\/wp\/v2\/product"}],"about":[{"href":"https:\/\/www.billigtrikotde.com\/cs\/wp-json\/wp\/v2\/types\/product"}],"replies":[{"embeddable":true,"href":"https:\/\/www.billigtrikotde.com\/cs\/wp-json\/wp\/v2\/comments?post=1894"}],"wp:featuredmedia":[{"embeddable":true,"href":"https:\/\/www.billigtrikotde.com\/cs\/wp-json\/wp\/v2\/media\/1931"}],"wp:attachment":[{"href":"https:\/\/www.billigtrikotde.com\/cs\/wp-json\/wp\/v2\/media?parent=1894"}],"wp:term":[{"taxonomy":"product_brand","embeddable":true,"href":"https:\/\/www.billigtrikotde.com\/cs\/wp-json\/wp\/v2\/product_brand?post=1894"},{"taxonomy":"product_cat","embeddable":true,"href":"https:\/\/www.billigtrikotde.com\/cs\/wp-json\/wp\/v2\/product_cat?post=1894"},{"taxonomy":"product_tag","embeddable":true,"href":"https:\/\/www.billigtrikotde.com\/cs\/wp-json\/wp\/v2\/product_tag?post=1894"}],"curies":[{"name":"wp","href":"https:\/\/api.w.org\/{rel}","templated":true}]}}